{"id":4259,"date":"2016-12-10T23:31:54","date_gmt":"2016-12-10T22:31:54","guid":{"rendered":"https:\/\/www.redsportpadel.be\/notre-gamme\/"},"modified":"2025-01-22T08:28:29","modified_gmt":"2025-01-22T07:28:29","slug":"notre-gamme","status":"publish","type":"page","link":"https:\/\/www.redsportpadel.be\/fr\/notre-gamme\/","title":{"rendered":"Notre gamme"},"content":{"rendered":"<p><div class=\"fusion-fullwidth fullwidth-box fusion-builder-row-1 nonhundred-percent-fullwidth non-hundred-percent-height-scrolling fusion-equal-height-columns\" style=\"background-color: rgba(255,255,255,0);background-position: center center;background-repeat: no-repeat;padding-top:20px;padding-right:0px;padding-bottom:20px;padding-left:0px;margin-bottom: 0px;margin-top: 0px;border-width: 0px 0px 0px 0px;border-color:#eae9e9;border-style:solid;\" ><div class=\"fusion-builder-row fusion-row\"><div class=\"fusion-layout-column fusion_builder_column fusion-builder-column-0 fusion_builder_column_1_1 1_1 fusion-one-full fusion-column-first fusion-column-last\" style=\"margin-top:0px;margin-bottom:20px;\"><div class=\"fusion-column-wrapper fusion-flex-column-wrapper-legacy\" style=\"background-position:left top;background-repeat:no-repeat;-webkit-background-size:cover;-moz-background-size:cover;-o-background-size:cover;background-size:cover;background-color:#ffffff;padding: 0px 0px 0px 0px;\"><div class=\"fusion-text fusion-text-1\"><h1 class=\"fusion-responsive-typography-calculated\" style=\"--fontsize: 34; line-height: 1.4;\" data-fontsize=\"34\" data-lineheight=\"47.599998px\"><b>Ons gamma<\/b><\/h1>\n<\/div><div class=\"fusion-text fusion-text-2\"><p class=\"font_7\"><span class=\"color_20\"><strong>RedSport Padel Belgium<\/strong> biedt een ruim gamma aan producten en diensten aan en werkt hiervoor samen met de beste spelers op de Europese markt. We hebben ervaring in het leveren van alle onderstaande items. Alles kan via een afspraak op locatie bezichtigd en toegelicht worden.<\/span><\/p>\n<p>Heeft u een ander idee of wil u iets op maat laten uitwerken? <strong>Neem vrijblijvend contact met ons op<\/strong> en we bekijken samen wat we voor u kunnen betekenen.<\/p>\n<\/div><div class=\"fusion-button-wrapper\"><style type=\"text\/css\">.fusion-button.button-1 {border-radius:0px;}<\/style><a class=\"fusion-button button-flat fusion-button-default-size button-default button-1 fusion-button-default-span fusion-button-default-type\" target=\"_self\" href=\"https:\/\/www.redsportpadel.be\/fr\/contact\/\"><span class=\"fusion-button-text\">Contactez-nous<\/span><\/a><\/div><div class=\"fusion-clearfix\"><\/div><\/div><\/div><\/div><\/div><div class=\"fusion-fullwidth fullwidth-box fusion-builder-row-2 nonhundred-percent-fullwidth non-hundred-percent-height-scrolling fusion-equal-height-columns\" style=\"background-color: #ededed;background-position: center center;background-repeat: no-repeat;padding-top:40px;padding-right:20px;padding-bottom:20px;padding-left:20px;margin-bottom: 0px;margin-top: 0px;border-width: 0px 0px 0px 0px;border-color:#eae9e9;border-style:solid;\" id=\"gamma\" ><div class=\"fusion-builder-row fusion-row\"><div class=\"fusion-layout-column fusion_builder_column fusion-builder-column-1 fusion_builder_column_1_2 1_2 fusion-one-half fusion-column-first fusion-column-no-min-height\" style=\"width:50%;width:calc(50% - ( ( 10% ) * 0.5 ) );margin-right: 10%;margin-top:0px;margin-bottom:20px;\"><div class=\"fusion-column-wrapper fusion-flex-column-wrapper-legacy\" style=\"background-position:left top;background-repeat:no-repeat;-webkit-background-size:cover;-moz-background-size:cover;-o-background-size:cover;background-size:cover;padding: 5% 0px 0px 0px;\"><div class=\"fusion-aligncenter\"><style type=\"text\/css\">.fusion-button.button-2 {border-radius:0px;}<\/style><a class=\"fusion-button button-flat fusion-button-default-size button-default button-2 fusion-button-default-span fusion-button-default-type\" target=\"_self\" href=\"https:\/\/www.redsportpadel.be\/courts\/\"><span class=\"fusion-button-text\">Terrains<\/span><\/a><\/div><div class=\"fusion-sep-clear\"><\/div><div class=\"fusion-separator fusion-full-width-sep\" style=\"margin-left: auto;margin-right: auto;width:100%;\"><\/div><div class=\"fusion-sep-clear\"><\/div><div class=\"fusion-sep-clear\"><\/div><div class=\"fusion-separator fusion-full-width-sep\" style=\"margin-left: auto;margin-right: auto;width:100%;\"><\/div><div class=\"fusion-sep-clear\"><\/div><div class=\"fusion-sep-clear\"><\/div><div class=\"fusion-separator fusion-full-width-sep\" style=\"margin-left: auto;margin-right: auto;width:100%;\"><\/div><div class=\"fusion-sep-clear\"><\/div><div class=\"fusion-sep-clear\"><\/div><div class=\"fusion-separator fusion-full-width-sep\" style=\"margin-left: auto;margin-right: auto;width:100%;\"><\/div><div class=\"fusion-sep-clear\"><\/div><span class=\" fusion-imageframe imageframe-none imageframe-1 hover-type-zoomin\" style=\"border-radius:10px;\"><a class=\"fusion-no-lightbox\" href=\"https:\/\/www.redsportpadel.be\/courts\/\" target=\"_self\" aria-label=\"IMG_0262\"><img decoding=\"async\" width=\"1024\" height=\"683\" alt=\"TERRAINS\" src=\"https:\/\/www.redsportpadel.be\/wp-content\/uploads\/2023\/04\/IMG_0262-1024x683.jpg\" class=\"img-responsive wp-image-4008\" srcset=\"https:\/\/www.redsportpadel.be\/wp-content\/uploads\/2023\/04\/IMG_0262-200x133.jpg 200w, https:\/\/www.redsportpadel.be\/wp-content\/uploads\/2023\/04\/IMG_0262-400x267.jpg 400w, https:\/\/www.redsportpadel.be\/wp-content\/uploads\/2023\/04\/IMG_0262-600x400.jpg 600w, https:\/\/www.redsportpadel.be\/wp-content\/uploads\/2023\/04\/IMG_0262-800x533.jpg 800w, https:\/\/www.redsportpadel.be\/wp-content\/uploads\/2023\/04\/IMG_0262-1200x800.jpg 1200w\" sizes=\"(max-width: 800px) 100vw, 600px\" \/><\/a><\/span><div class=\"fusion-clearfix\"><\/div><\/div><\/div><div class=\"fusion-layout-column fusion_builder_column fusion-builder-column-2 fusion_builder_column_1_2 1_2 fusion-one-half fusion-column-last fusion-column-no-min-height\" style=\"width:50%;width:calc(50% - ( ( 10% ) * 0.5 ) );margin-top:0px;margin-bottom:20px;\"><div class=\"fusion-column-wrapper fusion-flex-column-wrapper-legacy\" style=\"background-position:left top;background-repeat:no-repeat;-webkit-background-size:cover;-moz-background-size:cover;-o-background-size:cover;background-size:cover;padding: 5% 0px 0px 0px;\"><div class=\"fusion-aligncenter\"><style type=\"text\/css\">.fusion-button.button-3 {border-radius:0px;}<\/style><a class=\"fusion-button button-flat fusion-button-default-size button-default button-3 fusion-button-default-span fusion-button-default-type\" target=\"_self\" href=\"https:\/\/www.redsportpadel.be\/overkappingen\/\"><span class=\"fusion-button-text\">Couvertures<\/span><\/a><\/div><div class=\"fusion-sep-clear\"><\/div><div class=\"fusion-separator fusion-full-width-sep\" style=\"margin-left: auto;margin-right: auto;width:100%;\"><\/div><div class=\"fusion-sep-clear\"><\/div><div class=\"fusion-sep-clear\"><\/div><div class=\"fusion-separator fusion-full-width-sep\" style=\"margin-left: auto;margin-right: auto;width:100%;\"><\/div><div class=\"fusion-sep-clear\"><\/div><div class=\"fusion-sep-clear\"><\/div><div class=\"fusion-separator fusion-full-width-sep\" style=\"margin-left: auto;margin-right: auto;width:100%;\"><\/div><div class=\"fusion-sep-clear\"><\/div><div class=\"fusion-sep-clear\"><\/div><div class=\"fusion-separator fusion-full-width-sep\" style=\"margin-left: auto;margin-right: auto;width:100%;\"><\/div><div class=\"fusion-sep-clear\"><\/div><span class=\" fusion-imageframe imageframe-none imageframe-2 hover-type-zoomin Accessoires\" style=\"border-radius:10px;\" id=\"Accessoires\"><a class=\"fusion-no-lightbox\" href=\"https:\/\/www.redsportpadel.be\/overkappingen\/\" target=\"_self\" aria-label=\"IMG_5743\"><img decoding=\"async\" width=\"1024\" height=\"683\" alt=\"Accessoires\" src=\"https:\/\/www.redsportpadel.be\/wp-content\/uploads\/2023\/04\/IMG_5743-1024x683.jpg\" class=\"img-responsive wp-image-4021\" srcset=\"https:\/\/www.redsportpadel.be\/wp-content\/uploads\/2023\/04\/IMG_5743-200x133.jpg 200w, https:\/\/www.redsportpadel.be\/wp-content\/uploads\/2023\/04\/IMG_5743-400x267.jpg 400w, https:\/\/www.redsportpadel.be\/wp-content\/uploads\/2023\/04\/IMG_5743-600x400.jpg 600w, https:\/\/www.redsportpadel.be\/wp-content\/uploads\/2023\/04\/IMG_5743-800x533.jpg 800w, https:\/\/www.redsportpadel.be\/wp-content\/uploads\/2023\/04\/IMG_5743-1200x800.jpg 1200w\" sizes=\"(max-width: 800px) 100vw, 600px\" \/><\/a><\/span><div class=\"fusion-clearfix\"><\/div><\/div><\/div><div class=\"fusion-layout-column fusion_builder_column fusion-builder-column-3 fusion_builder_column_1_2 1_2 fusion-one-half fusion-column-first fusion-column-no-min-height\" style=\"width:50%;width:calc(50% - ( ( 10% ) * 0.5 ) );margin-right: 10%;margin-top:0px;margin-bottom:20px;\"><div class=\"fusion-column-wrapper fusion-flex-column-wrapper-legacy\" style=\"background-position:left top;background-repeat:no-repeat;-webkit-background-size:cover;-moz-background-size:cover;-o-background-size:cover;background-size:cover;padding: 5% 0px 0px 0px;\"><div class=\"fusion-aligncenter\"><style type=\"text\/css\">.fusion-button.button-4 {border-radius:0px;}<\/style><a class=\"fusion-button button-flat fusion-button-default-size button-default button-4 fusion-button-default-span fusion-button-default-type\" target=\"_self\" href=\"https:\/\/www.redsportpadel.be\/accessoires\/\"><span class=\"fusion-button-text\">Accessoires<\/span><\/a><\/div><div class=\"fusion-sep-clear\"><\/div><div class=\"fusion-separator fusion-full-width-sep\" style=\"margin-left: auto;margin-right: auto;width:100%;\"><\/div><div class=\"fusion-sep-clear\"><\/div><div class=\"fusion-sep-clear\"><\/div><div class=\"fusion-separator fusion-full-width-sep\" style=\"margin-left: auto;margin-right: auto;width:100%;\"><\/div><div class=\"fusion-sep-clear\"><\/div><div class=\"fusion-sep-clear\"><\/div><div class=\"fusion-separator fusion-full-width-sep\" style=\"margin-left: auto;margin-right: auto;width:100%;\"><\/div><div class=\"fusion-sep-clear\"><\/div><div class=\"fusion-sep-clear\"><\/div><div class=\"fusion-separator fusion-full-width-sep\" style=\"margin-left: auto;margin-right: auto;width:100%;\"><\/div><div class=\"fusion-sep-clear\"><\/div><span class=\" fusion-imageframe imageframe-none imageframe-3 hover-type-zoomin Accessoires\" style=\"border-radius:10px;\" id=\"Accessoires\"><a class=\"fusion-no-lightbox\" href=\"https:\/\/www.redsportpadel.be\/accessoires\/\" target=\"_self\" aria-label=\"WhatsApp Image 2023-02-13 at 13.01.02 (3)\"><img decoding=\"async\" width=\"1024\" height=\"682\" alt=\"Accessoires\" src=\"https:\/\/www.redsportpadel.be\/wp-content\/uploads\/2023\/04\/WhatsApp-Image-2023-02-13-at-13.01.02-3-1024x682.jpeg\" class=\"img-responsive wp-image-4022\" srcset=\"https:\/\/www.redsportpadel.be\/wp-content\/uploads\/2023\/04\/WhatsApp-Image-2023-02-13-at-13.01.02-3-200x133.jpeg 200w, https:\/\/www.redsportpadel.be\/wp-content\/uploads\/2023\/04\/WhatsApp-Image-2023-02-13-at-13.01.02-3-400x267.jpeg 400w, https:\/\/www.redsportpadel.be\/wp-content\/uploads\/2023\/04\/WhatsApp-Image-2023-02-13-at-13.01.02-3-600x400.jpeg 600w, https:\/\/www.redsportpadel.be\/wp-content\/uploads\/2023\/04\/WhatsApp-Image-2023-02-13-at-13.01.02-3-800x533.jpeg 800w, https:\/\/www.redsportpadel.be\/wp-content\/uploads\/2023\/04\/WhatsApp-Image-2023-02-13-at-13.01.02-3-1200x800.jpeg 1200w, https:\/\/www.redsportpadel.be\/wp-content\/uploads\/2023\/04\/WhatsApp-Image-2023-02-13-at-13.01.02-3.jpeg 1600w\" sizes=\"(max-width: 800px) 100vw, 600px\" \/><\/a><\/span><div class=\"fusion-clearfix\"><\/div><\/div><\/div><div class=\"fusion-layout-column fusion_builder_column fusion-builder-column-4 fusion_builder_column_1_2 1_2 fusion-one-half fusion-column-last fusion-column-no-min-height\" style=\"width:50%;width:calc(50% - ( ( 10% ) * 0.5 ) );margin-top:0px;margin-bottom:20px;\"><div class=\"fusion-column-wrapper fusion-flex-column-wrapper-legacy\" style=\"background-position:left top;background-repeat:no-repeat;-webkit-background-size:cover;-moz-background-size:cover;-o-background-size:cover;background-size:cover;padding: 5% 0px 0px 0px;\"><div class=\"fusion-aligncenter\"><style type=\"text\/css\">.fusion-button.button-5 {border-radius:0px;}<\/style><a class=\"fusion-button button-flat fusion-button-default-size button-default button-5 fusion-button-default-span fusion-button-default-type\" target=\"_self\" href=\"https:\/\/www.redsportpadel.be\/kunstgras\/\"><span class=\"fusion-button-text\">Gazon artificiel<\/span><\/a><\/div><div class=\"fusion-sep-clear\"><\/div><div class=\"fusion-separator fusion-full-width-sep\" style=\"margin-left: auto;margin-right: auto;width:100%;\"><\/div><div class=\"fusion-sep-clear\"><\/div><div class=\"fusion-sep-clear\"><\/div><div class=\"fusion-separator fusion-full-width-sep\" style=\"margin-left: auto;margin-right: auto;width:100%;\"><\/div><div class=\"fusion-sep-clear\"><\/div><div class=\"fusion-sep-clear\"><\/div><div class=\"fusion-separator fusion-full-width-sep\" style=\"margin-left: auto;margin-right: auto;width:100%;\"><\/div><div class=\"fusion-sep-clear\"><\/div><div class=\"fusion-sep-clear\"><\/div><div class=\"fusion-separator fusion-full-width-sep\" style=\"margin-left: auto;margin-right: auto;width:100%;\"><\/div><div class=\"fusion-sep-clear\"><\/div><span class=\" fusion-imageframe imageframe-none imageframe-4 hover-type-zoomin Accessoires\" style=\"border-radius:10px;\" id=\"Accessoires\"><a class=\"fusion-no-lightbox\" href=\"https:\/\/www.redsportpadel.be\/kunstgras\/\" target=\"_self\" aria-label=\"IMG_9193\"><img decoding=\"async\" width=\"1024\" height=\"683\" alt=\"Accessoires\" src=\"https:\/\/www.redsportpadel.be\/wp-content\/uploads\/2023\/04\/IMG_9193-1024x683.jpg\" class=\"img-responsive wp-image-4015\" srcset=\"https:\/\/www.redsportpadel.be\/wp-content\/uploads\/2023\/04\/IMG_9193-200x133.jpg 200w, https:\/\/www.redsportpadel.be\/wp-content\/uploads\/2023\/04\/IMG_9193-400x267.jpg 400w, https:\/\/www.redsportpadel.be\/wp-content\/uploads\/2023\/04\/IMG_9193-600x400.jpg 600w, https:\/\/www.redsportpadel.be\/wp-content\/uploads\/2023\/04\/IMG_9193-800x533.jpg 800w, https:\/\/www.redsportpadel.be\/wp-content\/uploads\/2023\/04\/IMG_9193-1200x800.jpg 1200w\" sizes=\"(max-width: 800px) 100vw, 600px\" \/><\/a><\/span><div class=\"fusion-clearfix\"><\/div><\/div><\/div><div class=\"fusion-layout-column fusion_builder_column fusion-builder-column-5 fusion_builder_column_1_2 1_2 fusion-one-half fusion-column-first fusion-column-no-min-height\" style=\"width:50%;width:calc(50% - ( ( 10% ) * 0.5 ) );margin-right: 10%;margin-top:0px;margin-bottom:20px;\"><div class=\"fusion-column-wrapper fusion-flex-column-wrapper-legacy\" style=\"background-position:left top;background-repeat:no-repeat;-webkit-background-size:cover;-moz-background-size:cover;-o-background-size:cover;background-size:cover;padding: 5% 0px 0px 0px;\"><div class=\"fusion-aligncenter\"><style type=\"text\/css\">.fusion-button.button-6 {border-radius:0px;}<\/style><a class=\"fusion-button button-flat fusion-button-default-size button-default button-6 fusion-button-default-span fusion-button-default-type\" target=\"_self\" href=\"https:\/\/www.redsportpadel.be\/padelkiosk\/\"><span class=\"fusion-button-text\">Padel Kiosk<\/span><\/a><\/div><div class=\"fusion-sep-clear\"><\/div><div class=\"fusion-separator fusion-full-width-sep\" style=\"margin-left: auto;margin-right: auto;width:100%;\"><\/div><div class=\"fusion-sep-clear\"><\/div><div class=\"fusion-sep-clear\"><\/div><div class=\"fusion-separator fusion-full-width-sep\" style=\"margin-left: auto;margin-right: auto;width:100%;\"><\/div><div class=\"fusion-sep-clear\"><\/div><div class=\"fusion-sep-clear\"><\/div><div class=\"fusion-separator fusion-full-width-sep\" style=\"margin-left: auto;margin-right: auto;width:100%;\"><\/div><div class=\"fusion-sep-clear\"><\/div><div class=\"fusion-sep-clear\"><\/div><div class=\"fusion-separator fusion-full-width-sep\" style=\"margin-left: auto;margin-right: auto;width:100%;\"><\/div><div class=\"fusion-sep-clear\"><\/div><span class=\" fusion-imageframe imageframe-none imageframe-5 hover-type-zoomin\" style=\"border-radius:10px;\"><a class=\"fusion-no-lightbox\" href=\"https:\/\/www.redsportpadel.be\/padelkiosk\/\" target=\"_self\" aria-label=\"padel k\"><img decoding=\"async\" width=\"1024\" height=\"683\" src=\"https:\/\/www.redsportpadel.be\/wp-content\/uploads\/2023\/04\/Ontwerp-zonder-titel-1024x683.jpg\" class=\"img-responsive wp-image-4012\" srcset=\"https:\/\/www.redsportpadel.be\/wp-content\/uploads\/2023\/04\/Ontwerp-zonder-titel-200x133.jpg 200w, https:\/\/www.redsportpadel.be\/wp-content\/uploads\/2023\/04\/Ontwerp-zonder-titel-400x267.jpg 400w, https:\/\/www.redsportpadel.be\/wp-content\/uploads\/2023\/04\/Ontwerp-zonder-titel-600x400.jpg 600w, https:\/\/www.redsportpadel.be\/wp-content\/uploads\/2023\/04\/Ontwerp-zonder-titel-800x533.jpg 800w, https:\/\/www.redsportpadel.be\/wp-content\/uploads\/2023\/04\/Ontwerp-zonder-titel-1200x800.jpg 1200w, https:\/\/www.redsportpadel.be\/wp-content\/uploads\/2023\/04\/Ontwerp-zonder-titel.jpg 1800w\" sizes=\"(max-width: 800px) 100vw, 600px\" \/><\/a><\/span><div class=\"fusion-clearfix\"><\/div><\/div><\/div><\/div><\/div><\/p>\n","protected":false},"excerpt":{"rendered":"","protected":false},"author":1,"featured_media":0,"parent":0,"menu_order":0,"comment_status":"closed","ping_status":"closed","template":"100-width.php","meta":{"footnotes":""},"class_list":["post-4259","page","type-page","status-publish","hentry"],"yoast_head":"<!-- This site is optimized with the Yoast SEO plugin v27.4 - https:\/\/yoast.com\/product\/yoast-seo-wordpress\/ -->\n<title>Construction de terrains de padel | entretien | abris<\/title>\n<meta name=\"description\" content=\"Construction de terrains de padel de qualit\u00e9 et durables. Leader du march\u00e9 en Belgique. Le sp\u00e9cialiste de la construction et de l&#039;entretien des terrains de padel a plus de 10 ans d&#039;exp\u00e9rience.\" \/>\n<meta name=\"robots\" content=\"index, follow, max-snippet:-1, max-image-preview:large, max-video-preview:-1\" \/>\n<link rel=\"canonical\" href=\"https:\/\/www.redsportpadel.be\/fr\/notre-gamme\/\" \/>\n<meta property=\"og:locale\" content=\"fr_FR\" \/>\n<meta property=\"og:type\" content=\"article\" \/>\n<meta property=\"og:title\" content=\"Construction de terrains de padel | entretien | abris\" \/>\n<meta property=\"og:description\" content=\"Construction de terrains de padel de qualit\u00e9 et durables. Leader du march\u00e9 en Belgique. Le sp\u00e9cialiste de la construction et de l&#039;entretien des terrains de padel a plus de 10 ans d&#039;exp\u00e9rience.\" \/>\n<meta property=\"og:url\" content=\"https:\/\/www.redsportpadel.be\/fr\/notre-gamme\/\" \/>\n<meta property=\"og:site_name\" content=\"Redsport Padel Belgium\" \/>\n<meta property=\"article:modified_time\" content=\"2025-01-22T07:28:29+00:00\" \/>\n<meta name=\"twitter:card\" content=\"summary_large_image\" \/>\n<meta name=\"twitter:label1\" content=\"Dur\u00e9e de lecture estim\u00e9e\" \/>\n\t<meta name=\"twitter:data1\" content=\"17 minutes\" \/>\n<script type=\"application\/ld+json\" class=\"yoast-schema-graph\">{\"@context\":\"https:\\\/\\\/schema.org\",\"@graph\":[{\"@type\":\"WebPage\",\"@id\":\"https:\\\/\\\/www.redsportpadel.be\\\/fr\\\/notre-gamme\\\/\",\"url\":\"https:\\\/\\\/www.redsportpadel.be\\\/fr\\\/notre-gamme\\\/\",\"name\":\"Construction de terrains de padel | entretien | abris\",\"isPartOf\":{\"@id\":\"https:\\\/\\\/www.redsportpadel.be\\\/#website\"},\"datePublished\":\"2016-12-10T22:31:54+00:00\",\"dateModified\":\"2025-01-22T07:28:29+00:00\",\"description\":\"Construction de terrains de padel de qualit\u00e9 et durables. Leader du march\u00e9 en Belgique. Le sp\u00e9cialiste de la construction et de l'entretien des terrains de padel a plus de 10 ans d'exp\u00e9rience.\",\"breadcrumb\":{\"@id\":\"https:\\\/\\\/www.redsportpadel.be\\\/fr\\\/notre-gamme\\\/#breadcrumb\"},\"inLanguage\":\"fr-FR\",\"potentialAction\":[{\"@type\":\"ReadAction\",\"target\":[\"https:\\\/\\\/www.redsportpadel.be\\\/fr\\\/notre-gamme\\\/\"]}]},{\"@type\":\"BreadcrumbList\",\"@id\":\"https:\\\/\\\/www.redsportpadel.be\\\/fr\\\/notre-gamme\\\/#breadcrumb\",\"itemListElement\":[{\"@type\":\"ListItem\",\"position\":1,\"name\":\"Home\",\"item\":\"https:\\\/\\\/www.redsportpadel.be\\\/fr\\\/home\\\/\"},{\"@type\":\"ListItem\",\"position\":2,\"name\":\"Notre gamme\"}]},{\"@type\":\"WebSite\",\"@id\":\"https:\\\/\\\/www.redsportpadel.be\\\/#website\",\"url\":\"https:\\\/\\\/www.redsportpadel.be\\\/\",\"name\":\"Redsport Padel Belgium\",\"description\":\"\",\"potentialAction\":[{\"@type\":\"SearchAction\",\"target\":{\"@type\":\"EntryPoint\",\"urlTemplate\":\"https:\\\/\\\/www.redsportpadel.be\\\/?s={search_term_string}\"},\"query-input\":{\"@type\":\"PropertyValueSpecification\",\"valueRequired\":true,\"valueName\":\"search_term_string\"}}],\"inLanguage\":\"fr-FR\"}]}<\/script>\n<!-- \/ Yoast SEO plugin. -->","yoast_head_json":{"title":"Construction de terrains de padel | entretien | abris","description":"Construction de terrains de padel de qualit\u00e9 et durables. Leader du march\u00e9 en Belgique. Le sp\u00e9cialiste de la construction et de l'entretien des terrains de padel a plus de 10 ans d'exp\u00e9rience.","robots":{"index":"index","follow":"follow","max-snippet":"max-snippet:-1","max-image-preview":"max-image-preview:large","max-video-preview":"max-video-preview:-1"},"canonical":"https:\/\/www.redsportpadel.be\/fr\/notre-gamme\/","og_locale":"fr_FR","og_type":"article","og_title":"Construction de terrains de padel | entretien | abris","og_description":"Construction de terrains de padel de qualit\u00e9 et durables. Leader du march\u00e9 en Belgique. Le sp\u00e9cialiste de la construction et de l'entretien des terrains de padel a plus de 10 ans d'exp\u00e9rience.","og_url":"https:\/\/www.redsportpadel.be\/fr\/notre-gamme\/","og_site_name":"Redsport Padel Belgium","article_modified_time":"2025-01-22T07:28:29+00:00","twitter_card":"summary_large_image","twitter_misc":{"Dur\u00e9e de lecture estim\u00e9e":"17 minutes"},"schema":{"@context":"https:\/\/schema.org","@graph":[{"@type":"WebPage","@id":"https:\/\/www.redsportpadel.be\/fr\/notre-gamme\/","url":"https:\/\/www.redsportpadel.be\/fr\/notre-gamme\/","name":"Construction de terrains de padel | entretien | abris","isPartOf":{"@id":"https:\/\/www.redsportpadel.be\/#website"},"datePublished":"2016-12-10T22:31:54+00:00","dateModified":"2025-01-22T07:28:29+00:00","description":"Construction de terrains de padel de qualit\u00e9 et durables. Leader du march\u00e9 en Belgique. Le sp\u00e9cialiste de la construction et de l'entretien des terrains de padel a plus de 10 ans d'exp\u00e9rience.","breadcrumb":{"@id":"https:\/\/www.redsportpadel.be\/fr\/notre-gamme\/#breadcrumb"},"inLanguage":"fr-FR","potentialAction":[{"@type":"ReadAction","target":["https:\/\/www.redsportpadel.be\/fr\/notre-gamme\/"]}]},{"@type":"BreadcrumbList","@id":"https:\/\/www.redsportpadel.be\/fr\/notre-gamme\/#breadcrumb","itemListElement":[{"@type":"ListItem","position":1,"name":"Home","item":"https:\/\/www.redsportpadel.be\/fr\/home\/"},{"@type":"ListItem","position":2,"name":"Notre gamme"}]},{"@type":"WebSite","@id":"https:\/\/www.redsportpadel.be\/#website","url":"https:\/\/www.redsportpadel.be\/","name":"Redsport Padel Belgium","description":"","potentialAction":[{"@type":"SearchAction","target":{"@type":"EntryPoint","urlTemplate":"https:\/\/www.redsportpadel.be\/?s={search_term_string}"},"query-input":{"@type":"PropertyValueSpecification","valueRequired":true,"valueName":"search_term_string"}}],"inLanguage":"fr-FR"}]}},"_links":{"self":[{"href":"https:\/\/www.redsportpadel.be\/fr\/wp-json\/wp\/v2\/pages\/4259","targetHints":{"allow":["GET"]}}],"collection":[{"href":"https:\/\/www.redsportpadel.be\/fr\/wp-json\/wp\/v2\/pages"}],"about":[{"href":"https:\/\/www.redsportpadel.be\/fr\/wp-json\/wp\/v2\/types\/page"}],"author":[{"embeddable":true,"href":"https:\/\/www.redsportpadel.be\/fr\/wp-json\/wp\/v2\/users\/1"}],"replies":[{"embeddable":true,"href":"https:\/\/www.redsportpadel.be\/fr\/wp-json\/wp\/v2\/comments?post=4259"}],"version-history":[{"count":6,"href":"https:\/\/www.redsportpadel.be\/fr\/wp-json\/wp\/v2\/pages\/4259\/revisions"}],"predecessor-version":[{"id":4490,"href":"https:\/\/www.redsportpadel.be\/fr\/wp-json\/wp\/v2\/pages\/4259\/revisions\/4490"}],"wp:attachment":[{"href":"https:\/\/www.redsportpadel.be\/fr\/wp-json\/wp\/v2\/media?parent=4259"}],"curies":[{"name":"wp","href":"https:\/\/api.w.org\/{rel}","templated":true}]}}