{"id":4266,"date":"2016-12-14T22:03:42","date_gmt":"2016-12-14T21:03:42","guid":{"rendered":"https:\/\/www.redsportpadel.be\/quest-ce-que-le-padel\/"},"modified":"2025-01-21T09:02:36","modified_gmt":"2025-01-21T08:02:36","slug":"le-padel-cest-quoi","status":"publish","type":"page","link":"https:\/\/www.redsportpadel.be\/fr\/le-padel-cest-quoi\/","title":{"rendered":"LE PADEL, C&rsquo;EST QUOI?"},"content":{"rendered":"<p><div class=\"fusion-bg-parallax\" data-bg-align=\"right center\" data-direction=\"up\" data-mute=\"false\" data-opacity=\"100\" data-velocity=\"-0.3\" data-mobile-enabled=\"false\" data-break_parents=\"0\" data-bg-image=\"https:\/\/www.redsportpadel.be\/wp-content\/uploads\/2023\/05\/DSC02555_1080X1080-1024x1024.jpg\" data-bg-repeat=\"false\" ><\/div><div class=\"fusion-fullwidth fullwidth-box fusion-builder-row-1 fusion-parallax-up hundred-percent-fullwidth non-hundred-percent-height-scrolling\" style=\"background-color: rgba(255,255,255,0);background-image: url(&quot;https:\/\/www.redsportpadel.be\/wp-content\/uploads\/2023\/05\/DSC02555_1080X1080-1024x1024.jpg&quot;);background-position: right center;background-repeat: no-repeat;padding-top:150px;padding-right:0px;padding-bottom:150px;padding-left:0px;margin-bottom: 0px;margin-top: 0px;border-width: 0px 0px 0px 0px;border-color:#eae9e9;border-style:solid;-webkit-background-size:cover;-moz-background-size:cover;-o-background-size:cover;background-size:cover;\" ><div class=\"fusion-builder-row fusion-row\"><\/div><\/div><div class=\"fusion-fullwidth fullwidth-box fusion-builder-row-2 nonhundred-percent-fullwidth non-hundred-percent-height-scrolling\" style=\"background-color: rgba(255,255,255,0);background-position: center center;background-repeat: no-repeat;padding-top:20px;padding-right:0px;padding-bottom:20px;padding-left:0px;margin-bottom: 0px;margin-top: 0px;border-width: 0px 0px 0px 0px;border-color:#eae9e9;border-style:solid;\" ><div class=\"fusion-builder-row fusion-row\"><div class=\"fusion-layout-column fusion_builder_column fusion-builder-column-0 fusion_builder_column_1_2 1_2 fusion-one-half fusion-column-first\" style=\"width:50%;width:calc(50% - ( ( 4% ) * 0.5 ) );margin-right: 4%;margin-top:0px;margin-bottom:20px;\"><div class=\"fusion-column-wrapper fusion-flex-column-wrapper-legacy\" style=\"background-position:left top;background-repeat:no-repeat;-webkit-background-size:cover;-moz-background-size:cover;-o-background-size:cover;background-size:cover;padding: 0px 0px 0px 0px;\"><div class=\"fusion-text fusion-text-1\"><h1>Qu&rsquo;est-ce que le padel ?<\/h1>\n<\/div><div class=\"fusion-text fusion-text-2\"><p class=\"font_8\"><strong>Le padel est un sport de raquette dont les ingr\u00e9dients proviennent, entre autres, du tennis et du squash. Il s&rsquo;agit d&rsquo;un jeu \u00e0 rebondissements qui se joue en simple et en double sur un terrain rectangulaire entour\u00e9 de murs en verre ou en b\u00e9ton en forme de U. Le ballon reste en jeu apr\u00e8s le contact avec les murs. Cela permet d&rsquo;allonger les rallyes et d&rsquo;am\u00e9liorer le jeu. Au padel, la strat\u00e9gie est plus importante que la force !<\/strong><\/p>\n<p class=\"font_8\"><strong>Le Padel est accessible \u00e0 tous les \u00e2ges et est tr\u00e8s attractif en raison de sa nature sociale. Un sport id\u00e9al \u00e0 pratiquer entre amis, en famille ou entre coll\u00e8gues. Le padel est amusant et stimulant pour les amateurs de sport de tout niveau !<\/strong><\/p>\n<\/div><div class=\"fusion-sep-clear\"><\/div><div class=\"fusion-separator fusion-full-width-sep\" style=\"margin-left: auto;margin-right: auto;margin-top:15px;margin-bottom:15px;width:100%;\"><\/div><div class=\"fusion-sep-clear\"><\/div><div class=\"fusion-video fusion-youtube\" style=\"max-width:601px;max-height:338px;\"><div class=\"video-shortcode\"><iframe title=\"YouTube video player 1\" src=\"https:\/\/www.youtube.com\/embed\/42zsXUDXG0s?wmode=transparent&autoplay=0\" width=\"601\" height=\"338\" allowfullscreen allow=\"autoplay; fullscreen\"><\/iframe><\/div><\/div><div class=\"fusion-clearfix\"><\/div><\/div><\/div><div class=\"fusion-layout-column fusion_builder_column fusion-builder-column-1 fusion_builder_column_1_2 1_2 fusion-one-half fusion-column-last\" style=\"width:50%;width:calc(50% - ( ( 4% ) * 0.5 ) );margin-top:0px;margin-bottom:20px;\"><div class=\"fusion-column-wrapper fusion-flex-column-wrapper-legacy\" style=\"background-position:left top;background-repeat:no-repeat;-webkit-background-size:cover;-moz-background-size:cover;-o-background-size:cover;background-size:cover;padding: 0px 0px 0px 0px;\"><div class=\"fusion-text fusion-text-3\"><h1>L&rsquo;histoire<\/h1>\n<\/div><div class=\"fusion-text fusion-text-4\"><p>Le padel est n\u00e9 en 1969 dans la ville baln\u00e9aire mexicaine d&rsquo;Acapulco. Le cr\u00e9ateur du padel, Enrique Corcuera, \u00e9tait un riche homme d&rsquo;affaires mexicain. Il a con\u00e7u ce nouveau sport en adaptant les r\u00e8gles, les raquettes et les dimensions des courts de tennis. Au d\u00e9part, le padel n&rsquo;\u00e9tait jou\u00e9 que par l&rsquo;\u00e9lite mexicaine, mais par l&rsquo;interm\u00e9diaire de la famille royale espagnole, le padel s&rsquo;est \u00e9galement retrouv\u00e9 en Espagne. Corcuera a introduit ce sport \u00e0 Marbella, o\u00f9 le premier club europ\u00e9en de padel a \u00e9t\u00e9 fond\u00e9 en 1974.<\/p>\n<p class=\"font_8\">&gt;En Argentine, le padel est devenu un sport national avec plus de 10 000 terrains et 2 millions de pratiquants. &gt;En Espagne, il a atteint le million de pratiquants dans les ann\u00e9es 1990 et est actuellement le deuxi\u00e8me sport le plus populaire apr\u00e8s le football, avec 5 millions de pratiquants.<\/p>\n<p class=\"font_8\">La premi\u00e8re Coupe du monde a \u00e9t\u00e9 organis\u00e9e en 1992 \u00e0 S\u00e9ville. Depuis lors, il a lieu deux fois par an. Les meilleurs joueurs du monde participent chaque ann\u00e9e aux diff\u00e9rentes manches du World Padel Tour.<\/p>\n<p class=\"font_8\">Le padel est l&rsquo;un des sports dont la croissance est la plus rapide au monde, avec environ 12 millions de pratiquants dans le monde. Le padel est d\u00e9j\u00e0 pratiqu\u00e9 en Argentine, en Allemagne, en Autriche, en Belgique, au Br\u00e9sil, au Canada, au Chili, en Espagne, en France, aux Pays-Bas, en Italie, au Mexique, au Paraguay, au Portugal, au Japon, en Uruguay et aux \u00c9tats-Unis, entre autres.<\/p>\n<p class=\"font_8\">En 2012, nous avons cr\u00e9\u00e9 Padel 4U2 Gand, le premier club de padel \u00e0 part enti\u00e8re. Le club est rapidement devenu une r\u00e9ussite, suscitant beaucoup d&rsquo;int\u00e9r\u00eat et de suivi<\/p>\n<\/div><div class=\"fusion-clearfix\"><\/div><\/div><\/div><\/div><\/div><div class=\"fusion-bg-parallax\" data-bg-align=\"right center\" data-direction=\"up\" data-mute=\"false\" data-opacity=\"100\" data-velocity=\"-0.3\" data-mobile-enabled=\"false\" data-break_parents=\"0\" data-bg-image=\"https:\/\/www.redsportpadel.be\/wp-content\/uploads\/2023\/05\/DSC05327_1080x1080-1024x1024.jpg\" data-bg-repeat=\"false\" ><\/div><div class=\"fusion-fullwidth fullwidth-box fusion-builder-row-3 fusion-parallax-up nonhundred-percent-fullwidth non-hundred-percent-height-scrolling\" style=\"background-color: rgba(255,255,255,0);background-image: url(&quot;https:\/\/www.redsportpadel.be\/wp-content\/uploads\/2023\/05\/DSC05327_1080x1080-1024x1024.jpg&quot;);background-position: right center;background-repeat: no-repeat;padding-top:150px;padding-right:0px;padding-bottom:150px;padding-left:0px;margin-bottom: 0px;margin-top: 0px;border-width: 0px 0px 0px 0px;border-color:#eae9e9;border-style:solid;-webkit-background-size:cover;-moz-background-size:cover;-o-background-size:cover;background-size:cover;\" ><div class=\"fusion-builder-row fusion-row\"><\/div><\/div><div class=\"fusion-fullwidth fullwidth-box fusion-builder-row-4 nonhundred-percent-fullwidth non-hundred-percent-height-scrolling\" style=\"background-color: rgba(255,255,255,0);background-position: center center;background-repeat: no-repeat;padding-top:40px;padding-right:0px;padding-bottom:20px;padding-left:0px;margin-bottom: 0px;margin-top: 0px;border-width: 0px 0px 0px 0px;border-color:#eae9e9;border-style:solid;\" ><div class=\"fusion-builder-row fusion-row\"><div class=\"fusion-layout-column fusion_builder_column fusion-builder-column-2 fusion_builder_column_1_1 1_1 fusion-one-full fusion-column-first fusion-column-last\" style=\"margin-top:0px;margin-bottom:20px;\"><div class=\"fusion-column-wrapper fusion-flex-column-wrapper-legacy\" style=\"background-position:left top;background-repeat:no-repeat;-webkit-background-size:cover;-moz-background-size:cover;-o-background-size:cover;background-size:cover;padding: 0px 0px 0px 0px;\"><div class=\"fusion-text fusion-text-5\"><h2 class=\"font_2\">Site<\/h2>\n<\/div><div class=\"fusion-clearfix\"><\/div><\/div><\/div><div class=\"fusion-layout-column fusion_builder_column fusion-builder-column-3 fusion_builder_column_1_2 1_2 fusion-one-half fusion-column-first\" style=\"width:50%;width:calc(50% - ( ( 4% ) * 0.5 ) );margin-right: 4%;margin-top:0px;margin-bottom:20px;\"><div class=\"fusion-column-wrapper fusion-flex-column-wrapper-legacy\" style=\"background-position:left top;background-repeat:no-repeat;-webkit-background-size:cover;-moz-background-size:cover;-o-background-size:cover;background-size:cover;padding: 0px 0px 0px 0px;\"><div class=\"fusion-text fusion-text-6\"><p class=\"font_2\">Le padel se joue en double sur un terrain de 20 m sur 10 m, en simple sur un terrain de 20 m sur 6 m. Les terrains sont dot\u00e9s de murs en b\u00e9ton ou en verre de 3 m\u00e8tres de haut (murs arri\u00e8re et lat\u00e9raux). Il y a un fil de cl\u00f4ture (m\u00e9tallique) sur les deux c\u00f4t\u00e9s lat\u00e9raux, avec une porte au milieu sur au moins un c\u00f4t\u00e9.<\/p>\n<p class=\"font_8\">La construction d&rsquo;une nouvelle structure comprend les travaux de sol et de fondation et la superstructure. Le co\u00fbt varie en fonction des mat\u00e9riaux utilis\u00e9s et du type de substrat.<\/p>\n<\/div><div class=\"fusion-clearfix\"><\/div><\/div><\/div><div class=\"fusion-layout-column fusion_builder_column fusion-builder-column-4 fusion_builder_column_1_2 1_2 fusion-one-half fusion-column-last\" style=\"width:50%;width:calc(50% - ( ( 4% ) * 0.5 ) );margin-top:0px;margin-bottom:20px;\"><div class=\"fusion-column-wrapper fusion-flex-column-wrapper-legacy\" style=\"background-position:left top;background-repeat:no-repeat;-webkit-background-size:cover;-moz-background-size:cover;-o-background-size:cover;background-size:cover;padding: 0px 0px 0px 0px;\"><div class=\"fusion-text fusion-text-7\"><p class=\"font_8\">2 terrains de padel officiels peuvent facilement s&rsquo;adapter \u00e0 la surface d&rsquo;un terrain de tennis. Le padel se joue aussi bien \u00e0 l&rsquo;int\u00e9rieur qu&rsquo;\u00e0 l&rsquo;ext\u00e9rieur. La surface du sol est de pr\u00e9f\u00e9rence constitu\u00e9e d&rsquo;un gazon artificiel sabl\u00e9, mais peut \u00e9galement \u00eatre constitu\u00e9e de b\u00e9ton, d&rsquo;asphalte, de gravier ou de polyur\u00e9thane.<\/p>\n<p class=\"font_8\">Plusieurs aspects doivent \u00eatre pris en compte pendant la construction :<\/p>\n<p class=\"font_8\">emplacement, pente, d\u00e9nivellation, alimentation en eau et en \u00e9lectricit\u00e9, voie d&rsquo;\u00e9vacuation, sous-sol, terrassement, rev\u00eatement de sol, fondation, supports m\u00e9talliques, lumi\u00e8re, son, drainage, auvent, am\u00e9nagement paysager, orientation,&#8230;<\/p>\n<\/div><div class=\"fusion-clearfix\"><\/div><\/div><\/div><\/div><\/div><div class=\"fusion-fullwidth fullwidth-box fusion-builder-row-5 nonhundred-percent-fullwidth non-hundred-percent-height-scrolling\" style=\"background-color: #ededed;background-position: center center;background-repeat: no-repeat;padding-top:40px;padding-right:0px;padding-bottom:20px;padding-left:0px;margin-bottom: 0px;margin-top: 0px;border-width: 0px 0px 0px 0px;border-color:#eae9e9;border-style:solid;\" ><div class=\"fusion-builder-row fusion-row\"><div class=\"fusion-layout-column fusion_builder_column fusion-builder-column-5 fusion_builder_column_1_1 1_1 fusion-one-full fusion-column-first fusion-column-last\" style=\"margin-top:0px;margin-bottom:20px;\"><div class=\"fusion-column-wrapper fusion-flex-column-wrapper-legacy\" style=\"background-position:left top;background-repeat:no-repeat;-webkit-background-size:cover;-moz-background-size:cover;-o-background-size:cover;background-size:cover;padding: 0px 0px 0px 0px;\"><div class=\"fusion-text fusion-text-8\"><h2 style=\"text-align: center;\">Vous voulez en savoir plus sur la construction de courts de padel ?<\/h2>\n<\/div><div class=\"fusion-aligncenter\"><style type=\"text\/css\">.fusion-button.button-1 {border-radius:0px;}<\/style><a class=\"fusion-button button-flat fusion-button-default-size button-default button-1 fusion-button-default-span fusion-button-default-type\" target=\"_self\" href=\"https:\/\/www.redsportpadel.be\/aanleg\/\"><span class=\"fusion-button-text\">La construction<\/span><\/a><\/div><div class=\"fusion-sep-clear\"><\/div><div class=\"fusion-separator fusion-full-width-sep\" style=\"margin-left: auto;margin-right: auto;margin-top:10px;margin-bottom:10px;width:100%;\"><\/div><div class=\"fusion-sep-clear\"><\/div><div class=\"fusion-clearfix\"><\/div><\/div><\/div><\/div><\/div><\/p>\n","protected":false},"excerpt":{"rendered":"","protected":false},"author":1,"featured_media":0,"parent":0,"menu_order":0,"comment_status":"closed","ping_status":"closed","template":"100-width.php","meta":{"footnotes":""},"class_list":["post-4266","page","type-page","status-publish","hentry"],"yoast_head":"<!-- This site is optimized with the Yoast SEO plugin v27.4 - https:\/\/yoast.com\/product\/yoast-seo-wordpress\/ -->\n<title>Qu&#039;est-ce que le padel ? Redsport Padel Belgique par Herwebo<\/title>\n<meta name=\"description\" content=\"Le padel est un sport de raquette tr\u00e8s proche du tennis et du squash. Il s&#039;agit d&#039;un jeu \u00e0 rebondissements qui se joue sur une surface rectangulaire entour\u00e9e de murs.\" \/>\n<meta name=\"robots\" content=\"index, follow, max-snippet:-1, max-image-preview:large, max-video-preview:-1\" \/>\n<link rel=\"canonical\" href=\"https:\/\/www.redsportpadel.be\/fr\/le-padel-cest-quoi\/\" \/>\n<meta property=\"og:locale\" content=\"fr_FR\" \/>\n<meta property=\"og:type\" content=\"article\" \/>\n<meta property=\"og:title\" content=\"Qu&#039;est-ce que le padel ? Redsport Padel Belgique par Herwebo\" \/>\n<meta property=\"og:description\" content=\"Le padel est un sport de raquette tr\u00e8s proche du tennis et du squash. Il s&#039;agit d&#039;un jeu \u00e0 rebondissements qui se joue sur une surface rectangulaire entour\u00e9e de murs.\" \/>\n<meta property=\"og:url\" content=\"https:\/\/www.redsportpadel.be\/fr\/le-padel-cest-quoi\/\" \/>\n<meta property=\"og:site_name\" content=\"Redsport Padel Belgium\" \/>\n<meta property=\"article:modified_time\" content=\"2025-01-21T08:02:36+00:00\" \/>\n<meta name=\"twitter:card\" content=\"summary_large_image\" \/>\n<meta name=\"twitter:label1\" content=\"Dur\u00e9e de lecture estim\u00e9e\" \/>\n\t<meta name=\"twitter:data1\" content=\"12 minutes\" \/>\n<script type=\"application\/ld+json\" class=\"yoast-schema-graph\">{\"@context\":\"https:\\\/\\\/schema.org\",\"@graph\":[{\"@type\":\"WebPage\",\"@id\":\"https:\\\/\\\/www.redsportpadel.be\\\/fr\\\/le-padel-cest-quoi\\\/\",\"url\":\"https:\\\/\\\/www.redsportpadel.be\\\/fr\\\/le-padel-cest-quoi\\\/\",\"name\":\"Qu'est-ce que le padel ? Redsport Padel Belgique par Herwebo\",\"isPartOf\":{\"@id\":\"https:\\\/\\\/www.redsportpadel.be\\\/#website\"},\"datePublished\":\"2016-12-14T21:03:42+00:00\",\"dateModified\":\"2025-01-21T08:02:36+00:00\",\"description\":\"Le padel est un sport de raquette tr\u00e8s proche du tennis et du squash. Il s'agit d'un jeu \u00e0 rebondissements qui se joue sur une surface rectangulaire entour\u00e9e de murs.\",\"breadcrumb\":{\"@id\":\"https:\\\/\\\/www.redsportpadel.be\\\/fr\\\/le-padel-cest-quoi\\\/#breadcrumb\"},\"inLanguage\":\"fr-FR\",\"potentialAction\":[{\"@type\":\"ReadAction\",\"target\":[\"https:\\\/\\\/www.redsportpadel.be\\\/fr\\\/le-padel-cest-quoi\\\/\"]}]},{\"@type\":\"BreadcrumbList\",\"@id\":\"https:\\\/\\\/www.redsportpadel.be\\\/fr\\\/le-padel-cest-quoi\\\/#breadcrumb\",\"itemListElement\":[{\"@type\":\"ListItem\",\"position\":1,\"name\":\"Home\",\"item\":\"https:\\\/\\\/www.redsportpadel.be\\\/fr\\\/home\\\/\"},{\"@type\":\"ListItem\",\"position\":2,\"name\":\"LE PADEL, C&#8217;EST QUOI?\"}]},{\"@type\":\"WebSite\",\"@id\":\"https:\\\/\\\/www.redsportpadel.be\\\/#website\",\"url\":\"https:\\\/\\\/www.redsportpadel.be\\\/\",\"name\":\"Redsport Padel Belgium\",\"description\":\"\",\"potentialAction\":[{\"@type\":\"SearchAction\",\"target\":{\"@type\":\"EntryPoint\",\"urlTemplate\":\"https:\\\/\\\/www.redsportpadel.be\\\/?s={search_term_string}\"},\"query-input\":{\"@type\":\"PropertyValueSpecification\",\"valueRequired\":true,\"valueName\":\"search_term_string\"}}],\"inLanguage\":\"fr-FR\"}]}<\/script>\n<!-- \/ Yoast SEO plugin. -->","yoast_head_json":{"title":"Qu'est-ce que le padel ? Redsport Padel Belgique par Herwebo","description":"Le padel est un sport de raquette tr\u00e8s proche du tennis et du squash. Il s'agit d'un jeu \u00e0 rebondissements qui se joue sur une surface rectangulaire entour\u00e9e de murs.","robots":{"index":"index","follow":"follow","max-snippet":"max-snippet:-1","max-image-preview":"max-image-preview:large","max-video-preview":"max-video-preview:-1"},"canonical":"https:\/\/www.redsportpadel.be\/fr\/le-padel-cest-quoi\/","og_locale":"fr_FR","og_type":"article","og_title":"Qu'est-ce que le padel ? Redsport Padel Belgique par Herwebo","og_description":"Le padel est un sport de raquette tr\u00e8s proche du tennis et du squash. Il s'agit d'un jeu \u00e0 rebondissements qui se joue sur une surface rectangulaire entour\u00e9e de murs.","og_url":"https:\/\/www.redsportpadel.be\/fr\/le-padel-cest-quoi\/","og_site_name":"Redsport Padel Belgium","article_modified_time":"2025-01-21T08:02:36+00:00","twitter_card":"summary_large_image","twitter_misc":{"Dur\u00e9e de lecture estim\u00e9e":"12 minutes"},"schema":{"@context":"https:\/\/schema.org","@graph":[{"@type":"WebPage","@id":"https:\/\/www.redsportpadel.be\/fr\/le-padel-cest-quoi\/","url":"https:\/\/www.redsportpadel.be\/fr\/le-padel-cest-quoi\/","name":"Qu'est-ce que le padel ? Redsport Padel Belgique par Herwebo","isPartOf":{"@id":"https:\/\/www.redsportpadel.be\/#website"},"datePublished":"2016-12-14T21:03:42+00:00","dateModified":"2025-01-21T08:02:36+00:00","description":"Le padel est un sport de raquette tr\u00e8s proche du tennis et du squash. Il s'agit d'un jeu \u00e0 rebondissements qui se joue sur une surface rectangulaire entour\u00e9e de murs.","breadcrumb":{"@id":"https:\/\/www.redsportpadel.be\/fr\/le-padel-cest-quoi\/#breadcrumb"},"inLanguage":"fr-FR","potentialAction":[{"@type":"ReadAction","target":["https:\/\/www.redsportpadel.be\/fr\/le-padel-cest-quoi\/"]}]},{"@type":"BreadcrumbList","@id":"https:\/\/www.redsportpadel.be\/fr\/le-padel-cest-quoi\/#breadcrumb","itemListElement":[{"@type":"ListItem","position":1,"name":"Home","item":"https:\/\/www.redsportpadel.be\/fr\/home\/"},{"@type":"ListItem","position":2,"name":"LE PADEL, C&#8217;EST QUOI?"}]},{"@type":"WebSite","@id":"https:\/\/www.redsportpadel.be\/#website","url":"https:\/\/www.redsportpadel.be\/","name":"Redsport Padel Belgium","description":"","potentialAction":[{"@type":"SearchAction","target":{"@type":"EntryPoint","urlTemplate":"https:\/\/www.redsportpadel.be\/?s={search_term_string}"},"query-input":{"@type":"PropertyValueSpecification","valueRequired":true,"valueName":"search_term_string"}}],"inLanguage":"fr-FR"}]}},"_links":{"self":[{"href":"https:\/\/www.redsportpadel.be\/fr\/wp-json\/wp\/v2\/pages\/4266","targetHints":{"allow":["GET"]}}],"collection":[{"href":"https:\/\/www.redsportpadel.be\/fr\/wp-json\/wp\/v2\/pages"}],"about":[{"href":"https:\/\/www.redsportpadel.be\/fr\/wp-json\/wp\/v2\/types\/page"}],"author":[{"embeddable":true,"href":"https:\/\/www.redsportpadel.be\/fr\/wp-json\/wp\/v2\/users\/1"}],"replies":[{"embeddable":true,"href":"https:\/\/www.redsportpadel.be\/fr\/wp-json\/wp\/v2\/comments?post=4266"}],"version-history":[{"count":3,"href":"https:\/\/www.redsportpadel.be\/fr\/wp-json\/wp\/v2\/pages\/4266\/revisions"}],"predecessor-version":[{"id":4467,"href":"https:\/\/www.redsportpadel.be\/fr\/wp-json\/wp\/v2\/pages\/4266\/revisions\/4467"}],"wp:attachment":[{"href":"https:\/\/www.redsportpadel.be\/fr\/wp-json\/wp\/v2\/media?parent=4266"}],"curies":[{"name":"wp","href":"https:\/\/api.w.org\/{rel}","templated":true}]}}