{"id":4345,"date":"2023-05-03T12:01:31","date_gmt":"2023-05-03T10:01:31","guid":{"rendered":"https:\/\/www.redsportpadel.be\/travaux-environnementaux\/"},"modified":"2025-01-21T08:58:19","modified_gmt":"2025-01-21T07:58:19","slug":"travaux-environnementaux","status":"publish","type":"page","link":"https:\/\/www.redsportpadel.be\/fr\/travaux-environnementaux\/","title":{"rendered":"TRAVAUX ENVIRONNEMENTAUX"},"content":{"rendered":"<p><div class=\"fusion-fullwidth fullwidth-box fusion-builder-row-1 fusion-flex-container nonhundred-percent-fullwidth non-hundred-percent-height-scrolling\" style=\"background-color: rgba(255,255,255,0);background-position: center center;background-repeat: no-repeat;border-width: 0px 0px 0px 0px;border-color:#eae9e9;border-style:solid;\" ><div class=\"fusion-builder-row fusion-row fusion-flex-align-items-flex-start\" style=\"max-width:1144px;margin-left: calc(-4% \/ 2 );margin-right: calc(-4% \/ 2 );\"><div class=\"fusion-layout-column fusion_builder_column fusion-builder-column-0 fusion_builder_column_1_1 1_1 fusion-flex-column\"><div class=\"fusion-column-wrapper fusion-flex-justify-content-flex-start fusion-content-layout-column\" style=\"background-position:left top;background-repeat:no-repeat;-webkit-background-size:cover;-moz-background-size:cover;-o-background-size:cover;background-size:cover;padding: 0px 0px 0px 0px;\"><div class=\"fusion-text fusion-text-1\"><h1>Travaux environnementaux<\/h1>\n<\/div><div class=\"fusion-text fusion-text-2\"><p style=\"text-align: left;\">Nous n&rsquo;installons pas uniquement des terrains de padel, mais nous r\u00e9alisons \u00e9galement de nombreux travaux environnementaux autour vos terrains de padel.<\/p>\n<p>Nos employ\u00e9s peuvent fournir presque tout, depuis les parkings jusqu&rsquo;aux installations de restauration. Vous trouverez ci-dessous une s\u00e9lection de nos r\u00e9alisations. Souhaitez-vous plus d&rsquo;informations ? N&rsquo;h\u00e9sitez pas \u00e0 nous contacter.<\/p>\n<\/div><div style=\"text-align:left;\"><style type=\"text\/css\">.fusion-button.button-1 {border-radius:0px;}<\/style><a class=\"fusion-button button-flat fusion-button-default-size button-default button-1 fusion-button-default-span fusion-button-default-type\" target=\"_self\" href=\"https:\/\/www.redsportpadel.be\/fr\/contact\/\"><span class=\"fusion-button-text\">Contactez-nous<\/span><\/a><\/div><\/div><style type=\"text\/css\">.fusion-body .fusion-builder-column-0{width:100% !important;margin-top : 0px;margin-bottom : 20px;}.fusion-builder-column-0 > .fusion-column-wrapper {padding-top : 0px !important;padding-right : 0px !important;margin-right : 1.92%;padding-bottom : 0px !important;padding-left : 0px !important;margin-left : 1.92%;}@media only screen and (max-width:1024px) {.fusion-body .fusion-builder-column-0{width:100% !important;order : 0;}.fusion-builder-column-0 > .fusion-column-wrapper {margin-right : 1.92%;margin-left : 1.92%;}}@media only screen and (max-width:640px) {.fusion-body .fusion-builder-column-0{width:100% !important;order : 0;}.fusion-builder-column-0 > .fusion-column-wrapper {margin-right : 1.92%;margin-left : 1.92%;}}<\/style><\/div><\/div><style type=\"text\/css\">.fusion-body .fusion-flex-container.fusion-builder-row-1{ padding-top : 0px;margin-top : 0px;padding-right : 0px;padding-bottom : 0px;margin-bottom : 0px;padding-left : 0px;}<\/style><\/div><div class=\"fusion-fullwidth fullwidth-box fusion-builder-row-2 nonhundred-percent-fullwidth non-hundred-percent-height-scrolling fusion-equal-height-columns\" style=\"background-color: rgba(255,255,255,0);background-position: center center;background-repeat: no-repeat;padding-top:0px;padding-right:0px;padding-bottom:0px;padding-left:0px;margin-bottom: 0px;margin-top: 0px;border-width: 0px 0px 0px 0px;border-color:#eae9e9;border-style:solid;\" ><div class=\"fusion-builder-row fusion-row\"><div class=\"fusion-layout-column fusion_builder_column fusion-builder-column-1 fusion_builder_column_1_2 1_2 fusion-one-half fusion-column-first\" style=\"width:50%;width:calc(50% - ( ( 4% ) * 0.5 ) );margin-right: 4%;margin-top:0px;margin-bottom:20px;\"><div class=\"fusion-column-wrapper fusion-flex-column-wrapper-legacy\" style=\"background-position:left top;background-repeat:no-repeat;-webkit-background-size:cover;-moz-background-size:cover;-o-background-size:cover;background-size:cover;padding: 0px 0px 0px 0px;\"><span class=\" fusion-imageframe imageframe-none imageframe-1 hover-type-zoomin\"><img decoding=\"async\" width=\"1024\" height=\"683\" title=\"IMG_9555\" src=\"https:\/\/www.redsportpadel.be\/wp-content\/uploads\/2023\/05\/IMG_9555-1024x683.jpg\" class=\"img-responsive wp-image-4113\" srcset=\"https:\/\/www.redsportpadel.be\/wp-content\/uploads\/2023\/05\/IMG_9555-200x133.jpg 200w, https:\/\/www.redsportpadel.be\/wp-content\/uploads\/2023\/05\/IMG_9555-400x267.jpg 400w, https:\/\/www.redsportpadel.be\/wp-content\/uploads\/2023\/05\/IMG_9555-600x400.jpg 600w, https:\/\/www.redsportpadel.be\/wp-content\/uploads\/2023\/05\/IMG_9555-800x533.jpg 800w, https:\/\/www.redsportpadel.be\/wp-content\/uploads\/2023\/05\/IMG_9555-1200x800.jpg 1200w\" sizes=\"(max-width: 800px) 100vw, 600px\" \/><\/span><div class=\"fusion-clearfix\"><\/div><\/div><\/div><div class=\"fusion-layout-column fusion_builder_column fusion-builder-column-2 fusion_builder_column_1_2 1_2 fusion-one-half fusion-column-last\" style=\"width:50%;width:calc(50% - ( ( 4% ) * 0.5 ) );margin-top:0px;margin-bottom:20px;\"><div class=\"fusion-column-wrapper fusion-flex-column-wrapper-legacy\" style=\"background-position:left top;background-repeat:no-repeat;-webkit-background-size:cover;-moz-background-size:cover;-o-background-size:cover;background-size:cover;background-color:#ededed;padding: 0px 0px 0px 0px;\"><div class=\"fusion-column-content-centered\"><div class=\"fusion-column-content\"><div class=\"fusion-text fusion-text-3\"><h2 style=\"text-align: left;\">Notre offre<\/h2>\n<\/div><div class=\"fusion-text fusion-text-4\"><ul>\n<li>Parkings<\/li>\n<li>Espaces verts<\/li>\n<li>Cl\u00f4tures<\/li>\n<li>Terrasses<\/li>\n<li>Escaliers<\/li>\n<li>Murs de sout\u00e8nement<\/li>\n<li>Horeca<\/li>\n<li>Sentiers et chemins d&rsquo;acc\u00e8s<\/li>\n<li>&#8230;<\/li>\n<\/ul>\n<\/div><div class=\"fusion-alignright\"><style type=\"text\/css\">.fusion-button.button-2 {border-radius:0px;}<\/style><a class=\"fusion-button button-flat fusion-button-default-size button-default button-2 fusion-button-default-span fusion-button-default-type\" target=\"_self\" href=\"https:\/\/www.redsportpadel.be\/fr\/formulaire-de-devis\/\"><span class=\"fusion-button-text\">Offre<\/span><\/a><\/div><\/div><\/div><div class=\"fusion-clearfix\"><\/div><\/div><\/div><\/div><\/div><div class=\"fusion-fullwidth fullwidth-box fusion-builder-row-3 fusion-flex-container nonhundred-percent-fullwidth non-hundred-percent-height-scrolling\" style=\"background-color: rgba(255,255,255,0);background-position: center center;background-repeat: no-repeat;border-width: 0px 0px 0px 0px;border-color:#eae9e9;border-style:solid;\" ><div class=\"fusion-builder-row fusion-row fusion-flex-align-items-flex-start\" style=\"max-width:1144px;margin-left: calc(-4% \/ 2 );margin-right: calc(-4% \/ 2 );\"><div class=\"fusion-layout-column fusion_builder_column fusion-builder-column-3 fusion_builder_column_1_1 1_1 fusion-flex-column\"><div class=\"fusion-column-wrapper fusion-flex-justify-content-flex-start fusion-content-layout-column\" style=\"background-position:left top;background-repeat:no-repeat;-webkit-background-size:cover;-moz-background-size:cover;-o-background-size:cover;background-size:cover;padding: 0px 0px 0px 0px;\"><div class=\"fusion-separator fusion-full-width-sep\" style=\"align-self: center;margin-left: auto;margin-right: auto;width:100%;\"><\/div><\/div><style type=\"text\/css\">.fusion-body .fusion-builder-column-3{width:100% !important;margin-top : 0px;margin-bottom : 20px;}.fusion-builder-column-3 > .fusion-column-wrapper {padding-top : 0px !important;padding-right : 0px !important;margin-right : 1.92%;padding-bottom : 0px !important;padding-left : 0px !important;margin-left : 1.92%;}@media only screen and (max-width:1024px) {.fusion-body .fusion-builder-column-3{width:100% !important;order : 0;}.fusion-builder-column-3 > .fusion-column-wrapper {margin-right : 1.92%;margin-left : 1.92%;}}@media only screen and (max-width:640px) {.fusion-body .fusion-builder-column-3{width:100% !important;order : 0;}.fusion-builder-column-3 > .fusion-column-wrapper {margin-right : 1.92%;margin-left : 1.92%;}}<\/style><\/div><\/div><style type=\"text\/css\">.fusion-body .fusion-flex-container.fusion-builder-row-3{ padding-top : 0px;margin-top : 0px;padding-right : 0px;padding-bottom : 0px;margin-bottom : 0px;padding-left : 0px;}<\/style><\/div><div class=\"fusion-fullwidth fullwidth-box fusion-builder-row-4 fusion-flex-container nonhundred-percent-fullwidth non-hundred-percent-height-scrolling\" style=\"background-color: rgba(255,255,255,0);background-position: center center;background-repeat: no-repeat;border-width: 0px 0px 0px 0px;border-color:#eae9e9;border-style:solid;\" ><div class=\"fusion-builder-row fusion-row fusion-flex-align-items-flex-start\" style=\"max-width:1144px;margin-left: calc(-4% \/ 2 );margin-right: calc(-4% \/ 2 );\"><div class=\"fusion-layout-column fusion_builder_column fusion-builder-column-4 fusion_builder_column_1_4 1_4 fusion-flex-column fusion-flex-align-self-center\"><div class=\"fusion-column-wrapper fusion-flex-justify-content-flex-start fusion-content-layout-column\" style=\"background-position:left top;background-repeat:no-repeat;-webkit-background-size:cover;-moz-background-size:cover;-o-background-size:cover;background-size:cover;background-color:#ededed;padding: 0px 0px 0px 0px;\"><div ><span class=\" fusion-imageframe imageframe-none imageframe-2 hover-type-zoomin\"><img decoding=\"async\" width=\"1024\" height=\"683\" title=\"IMG_8817\" src=\"https:\/\/www.redsportpadel.be\/wp-content\/uploads\/2023\/05\/IMG_8817-1024x683.jpg\" class=\"img-responsive wp-image-4112\" srcset=\"https:\/\/www.redsportpadel.be\/wp-content\/uploads\/2023\/05\/IMG_8817-200x133.jpg 200w, https:\/\/www.redsportpadel.be\/wp-content\/uploads\/2023\/05\/IMG_8817-400x267.jpg 400w, https:\/\/www.redsportpadel.be\/wp-content\/uploads\/2023\/05\/IMG_8817-600x400.jpg 600w, https:\/\/www.redsportpadel.be\/wp-content\/uploads\/2023\/05\/IMG_8817-800x533.jpg 800w, https:\/\/www.redsportpadel.be\/wp-content\/uploads\/2023\/05\/IMG_8817-1200x800.jpg 1200w\" sizes=\"(max-width: 1024px) 100vw, (max-width: 640px) 100vw, 400px\" \/><\/span><\/div><\/div><style type=\"text\/css\">.fusion-body .fusion-builder-column-4{width:25% !important;margin-top : 0px;margin-bottom : 20px;}.fusion-builder-column-4 > .fusion-column-wrapper {padding-top : 0px !important;padding-right : 0px !important;margin-right : 7.68%;padding-bottom : 0px !important;padding-left : 0px !important;margin-left : 7.68%;}@media only screen and (max-width:1024px) {.fusion-body .fusion-builder-column-4{width:100% !important;order : 0;}.fusion-builder-column-4 > .fusion-column-wrapper {margin-right : 1.92%;margin-left : 1.92%;}}@media only screen and (max-width:640px) {.fusion-body .fusion-builder-column-4{width:100% !important;order : 0;}.fusion-builder-column-4 > .fusion-column-wrapper {margin-right : 1.92%;margin-left : 1.92%;}}<\/style><\/div><div class=\"fusion-layout-column fusion_builder_column fusion-builder-column-5 fusion_builder_column_1_4 1_4 fusion-flex-column fusion-flex-align-self-center\"><div class=\"fusion-column-wrapper fusion-flex-justify-content-flex-start fusion-content-layout-column\" style=\"background-position:left top;background-repeat:no-repeat;-webkit-background-size:cover;-moz-background-size:cover;-o-background-size:cover;background-size:cover;background-color:#ededed;padding: 0px 0px 0px 0px;\"><div ><span class=\" fusion-imageframe imageframe-none imageframe-3 hover-type-zoomin\"><img decoding=\"async\" width=\"1024\" height=\"683\" title=\"IMG_5627\" src=\"https:\/\/www.redsportpadel.be\/wp-content\/uploads\/2023\/05\/IMG_5627-1024x683.jpg\" class=\"img-responsive wp-image-4111\" srcset=\"https:\/\/www.redsportpadel.be\/wp-content\/uploads\/2023\/05\/IMG_5627-200x133.jpg 200w, https:\/\/www.redsportpadel.be\/wp-content\/uploads\/2023\/05\/IMG_5627-400x267.jpg 400w, https:\/\/www.redsportpadel.be\/wp-content\/uploads\/2023\/05\/IMG_5627-600x400.jpg 600w, https:\/\/www.redsportpadel.be\/wp-content\/uploads\/2023\/05\/IMG_5627-800x533.jpg 800w, https:\/\/www.redsportpadel.be\/wp-content\/uploads\/2023\/05\/IMG_5627-1200x800.jpg 1200w\" sizes=\"(max-width: 1024px) 100vw, (max-width: 640px) 100vw, 400px\" \/><\/span><\/div><\/div><style type=\"text\/css\">.fusion-body .fusion-builder-column-5{width:25% !important;margin-top : 0px;margin-bottom : 20px;}.fusion-builder-column-5 > .fusion-column-wrapper {padding-top : 0px !important;padding-right : 0px !important;margin-right : 7.68%;padding-bottom : 0px !important;padding-left : 0px !important;margin-left : 7.68%;}@media only screen and (max-width:1024px) {.fusion-body .fusion-builder-column-5{width:100% !important;order : 0;}.fusion-builder-column-5 > .fusion-column-wrapper {margin-right : 1.92%;margin-left : 1.92%;}}@media only screen and (max-width:640px) {.fusion-body .fusion-builder-column-5{width:100% !important;order : 0;}.fusion-builder-column-5 > .fusion-column-wrapper {margin-right : 1.92%;margin-left : 1.92%;}}<\/style><\/div><div class=\"fusion-layout-column fusion_builder_column fusion-builder-column-6 fusion_builder_column_1_4 1_4 fusion-flex-column fusion-flex-align-self-center\"><div class=\"fusion-column-wrapper fusion-flex-justify-content-flex-start fusion-content-layout-column\" style=\"background-position:left top;background-repeat:no-repeat;-webkit-background-size:cover;-moz-background-size:cover;-o-background-size:cover;background-size:cover;background-color:#ededed;padding: 0px 0px 0px 0px;\"><div ><span class=\" fusion-imageframe imageframe-none imageframe-4 hover-type-zoomin\"><img decoding=\"async\" width=\"1024\" height=\"768\" title=\"20180206_175817\" src=\"https:\/\/www.redsportpadel.be\/wp-content\/uploads\/2023\/05\/20180206_175817-1024x768.jpg\" class=\"img-responsive wp-image-4110\" srcset=\"https:\/\/www.redsportpadel.be\/wp-content\/uploads\/2023\/05\/20180206_175817-200x150.jpg 200w, https:\/\/www.redsportpadel.be\/wp-content\/uploads\/2023\/05\/20180206_175817-400x300.jpg 400w, https:\/\/www.redsportpadel.be\/wp-content\/uploads\/2023\/05\/20180206_175817-600x450.jpg 600w, https:\/\/www.redsportpadel.be\/wp-content\/uploads\/2023\/05\/20180206_175817-800x600.jpg 800w, https:\/\/www.redsportpadel.be\/wp-content\/uploads\/2023\/05\/20180206_175817-1200x900.jpg 1200w\" sizes=\"(max-width: 1024px) 100vw, (max-width: 640px) 100vw, 400px\" \/><\/span><\/div><\/div><style type=\"text\/css\">.fusion-body .fusion-builder-column-6{width:25% !important;margin-top : 0px;margin-bottom : 20px;}.fusion-builder-column-6 > .fusion-column-wrapper {padding-top : 0px !important;padding-right : 0px !important;margin-right : 7.68%;padding-bottom : 0px !important;padding-left : 0px !important;margin-left : 7.68%;}@media only screen and (max-width:1024px) {.fusion-body .fusion-builder-column-6{width:100% !important;order : 0;}.fusion-builder-column-6 > .fusion-column-wrapper {margin-right : 1.92%;margin-left : 1.92%;}}@media only screen and (max-width:640px) {.fusion-body .fusion-builder-column-6{width:100% !important;order : 0;}.fusion-builder-column-6 > .fusion-column-wrapper {margin-right : 1.92%;margin-left : 1.92%;}}<\/style><\/div><div class=\"fusion-layout-column fusion_builder_column fusion-builder-column-7 fusion_builder_column_1_4 1_4 fusion-flex-column fusion-flex-align-self-center\"><div class=\"fusion-column-wrapper fusion-flex-justify-content-flex-start fusion-content-layout-column\" style=\"background-position:left top;background-repeat:no-repeat;-webkit-background-size:cover;-moz-background-size:cover;-o-background-size:cover;background-size:cover;background-color:#ededed;padding: 0px 0px 0px 0px;\"><div ><span class=\" fusion-imageframe imageframe-none imageframe-5 hover-type-zoomin\"><img decoding=\"async\" width=\"1024\" height=\"768\" title=\"IMG_9812\" src=\"https:\/\/www.redsportpadel.be\/wp-content\/uploads\/2023\/05\/IMG_9812-1024x768.jpg\" class=\"img-responsive wp-image-4114\" srcset=\"https:\/\/www.redsportpadel.be\/wp-content\/uploads\/2023\/05\/IMG_9812-200x150.jpg 200w, https:\/\/www.redsportpadel.be\/wp-content\/uploads\/2023\/05\/IMG_9812-400x300.jpg 400w, https:\/\/www.redsportpadel.be\/wp-content\/uploads\/2023\/05\/IMG_9812-600x450.jpg 600w, https:\/\/www.redsportpadel.be\/wp-content\/uploads\/2023\/05\/IMG_9812-800x600.jpg 800w, https:\/\/www.redsportpadel.be\/wp-content\/uploads\/2023\/05\/IMG_9812-1200x900.jpg 1200w\" sizes=\"(max-width: 1024px) 100vw, (max-width: 640px) 100vw, 400px\" \/><\/span><\/div><\/div><style type=\"text\/css\">.fusion-body .fusion-builder-column-7{width:25% !important;margin-top : 0px;margin-bottom : 20px;}.fusion-builder-column-7 > .fusion-column-wrapper {padding-top : 0px !important;padding-right : 0px !important;margin-right : 7.68%;padding-bottom : 0px !important;padding-left : 0px !important;margin-left : 7.68%;}@media only screen and (max-width:1024px) {.fusion-body .fusion-builder-column-7{width:100% !important;order : 0;}.fusion-builder-column-7 > .fusion-column-wrapper {margin-right : 1.92%;margin-left : 1.92%;}}@media only screen and (max-width:640px) {.fusion-body .fusion-builder-column-7{width:100% !important;order : 0;}.fusion-builder-column-7 > .fusion-column-wrapper {margin-right : 1.92%;margin-left : 1.92%;}}<\/style><\/div><\/div><style type=\"text\/css\">.fusion-body .fusion-flex-container.fusion-builder-row-4{ padding-top : 0px;margin-top : 0px;padding-right : 0px;padding-bottom : 0px;margin-bottom : 0px;padding-left : 0px;}<\/style><\/div><div class=\"fusion-fullwidth fullwidth-box fusion-builder-row-5 fusion-flex-container nonhundred-percent-fullwidth non-hundred-percent-height-scrolling\" style=\"background-color: rgba(255,255,255,0);background-position: center center;background-repeat: no-repeat;border-width: 0px 0px 0px 0px;border-color:#eae9e9;border-style:solid;\" ><div class=\"fusion-builder-row fusion-row fusion-flex-align-items-flex-start\" style=\"max-width:1144px;margin-left: calc(-4% \/ 2 );margin-right: calc(-4% \/ 2 );\"><div class=\"fusion-layout-column fusion_builder_column fusion-builder-column-8 fusion_builder_column_1_1 1_1 fusion-flex-column\"><div class=\"fusion-column-wrapper fusion-flex-justify-content-flex-start fusion-content-layout-column\" style=\"background-position:left top;background-repeat:no-repeat;-webkit-background-size:cover;-moz-background-size:cover;-o-background-size:cover;background-size:cover;padding: 0px 0px 0px 0px;\"><div class=\"fusion-separator fusion-full-width-sep\" style=\"align-self: center;margin-left: auto;margin-right: auto;width:100%;\"><\/div><\/div><style type=\"text\/css\">.fusion-body .fusion-builder-column-8{width:100% !important;margin-top : 0px;margin-bottom : 20px;}.fusion-builder-column-8 > .fusion-column-wrapper {padding-top : 0px !important;padding-right : 0px !important;margin-right : 1.92%;padding-bottom : 0px !important;padding-left : 0px !important;margin-left : 1.92%;}@media only screen and (max-width:1024px) {.fusion-body .fusion-builder-column-8{width:100% !important;order : 0;}.fusion-builder-column-8 > .fusion-column-wrapper {margin-right : 1.92%;margin-left : 1.92%;}}@media only screen and (max-width:640px) {.fusion-body .fusion-builder-column-8{width:100% !important;order : 0;}.fusion-builder-column-8 > .fusion-column-wrapper {margin-right : 1.92%;margin-left : 1.92%;}}<\/style><\/div><\/div><style type=\"text\/css\">.fusion-body .fusion-flex-container.fusion-builder-row-5{ padding-top : 0px;margin-top : 0px;padding-right : 0px;padding-bottom : 0px;margin-bottom : 0px;padding-left : 0px;}<\/style><\/div><\/p>\n","protected":false},"excerpt":{"rendered":"","protected":false},"author":1,"featured_media":0,"parent":0,"menu_order":0,"comment_status":"closed","ping_status":"closed","template":"","meta":{"footnotes":""},"class_list":["post-4345","page","type-page","status-publish","hentry"],"yoast_head":"<!-- This site is optimized with the Yoast SEO plugin v27.4 - https:\/\/yoast.com\/product\/yoast-seo-wordpress\/ -->\n<title>TRAVAUX ENVIRONNEMENTAUX - Redsport Padel Belgium<\/title>\n<meta name=\"description\" content=\"Nous avons d\u00e9velopp\u00e9 un nouveau type de gazon artificiel, l&#039;AFP TURF. Ce type de gazon est la surface pr\u00e9f\u00e9r\u00e9e des joueurs pro.\" \/>\n<meta name=\"robots\" content=\"index, follow, max-snippet:-1, max-image-preview:large, max-video-preview:-1\" \/>\n<link rel=\"canonical\" href=\"https:\/\/www.redsportpadel.be\/fr\/travaux-environnementaux\/\" \/>\n<meta property=\"og:locale\" content=\"fr_FR\" \/>\n<meta property=\"og:type\" content=\"article\" \/>\n<meta property=\"og:title\" content=\"TRAVAUX ENVIRONNEMENTAUX - Redsport Padel Belgium\" \/>\n<meta property=\"og:description\" content=\"Nous avons d\u00e9velopp\u00e9 un nouveau type de gazon artificiel, l&#039;AFP TURF. Ce type de gazon est la surface pr\u00e9f\u00e9r\u00e9e des joueurs pro.\" \/>\n<meta property=\"og:url\" content=\"https:\/\/www.redsportpadel.be\/fr\/travaux-environnementaux\/\" \/>\n<meta property=\"og:site_name\" content=\"Redsport Padel Belgium\" \/>\n<meta property=\"article:modified_time\" content=\"2025-01-21T07:58:19+00:00\" \/>\n<meta name=\"twitter:card\" content=\"summary_large_image\" \/>\n<meta name=\"twitter:label1\" content=\"Dur\u00e9e de lecture estim\u00e9e\" \/>\n\t<meta name=\"twitter:data1\" content=\"25 minutes\" \/>\n<script type=\"application\/ld+json\" class=\"yoast-schema-graph\">{\"@context\":\"https:\\\/\\\/schema.org\",\"@graph\":[{\"@type\":\"WebPage\",\"@id\":\"https:\\\/\\\/www.redsportpadel.be\\\/fr\\\/travaux-environnementaux\\\/\",\"url\":\"https:\\\/\\\/www.redsportpadel.be\\\/fr\\\/travaux-environnementaux\\\/\",\"name\":\"TRAVAUX ENVIRONNEMENTAUX - Redsport Padel Belgium\",\"isPartOf\":{\"@id\":\"https:\\\/\\\/www.redsportpadel.be\\\/#website\"},\"datePublished\":\"2023-05-03T10:01:31+00:00\",\"dateModified\":\"2025-01-21T07:58:19+00:00\",\"description\":\"Nous avons d\u00e9velopp\u00e9 un nouveau type de gazon artificiel, l'AFP TURF. Ce type de gazon est la surface pr\u00e9f\u00e9r\u00e9e des joueurs pro.\",\"breadcrumb\":{\"@id\":\"https:\\\/\\\/www.redsportpadel.be\\\/fr\\\/travaux-environnementaux\\\/#breadcrumb\"},\"inLanguage\":\"fr-FR\",\"potentialAction\":[{\"@type\":\"ReadAction\",\"target\":[\"https:\\\/\\\/www.redsportpadel.be\\\/fr\\\/travaux-environnementaux\\\/\"]}]},{\"@type\":\"BreadcrumbList\",\"@id\":\"https:\\\/\\\/www.redsportpadel.be\\\/fr\\\/travaux-environnementaux\\\/#breadcrumb\",\"itemListElement\":[{\"@type\":\"ListItem\",\"position\":1,\"name\":\"Home\",\"item\":\"https:\\\/\\\/www.redsportpadel.be\\\/fr\\\/home\\\/\"},{\"@type\":\"ListItem\",\"position\":2,\"name\":\"TRAVAUX ENVIRONNEMENTAUX\"}]},{\"@type\":\"WebSite\",\"@id\":\"https:\\\/\\\/www.redsportpadel.be\\\/#website\",\"url\":\"https:\\\/\\\/www.redsportpadel.be\\\/\",\"name\":\"Redsport Padel Belgium\",\"description\":\"\",\"potentialAction\":[{\"@type\":\"SearchAction\",\"target\":{\"@type\":\"EntryPoint\",\"urlTemplate\":\"https:\\\/\\\/www.redsportpadel.be\\\/?s={search_term_string}\"},\"query-input\":{\"@type\":\"PropertyValueSpecification\",\"valueRequired\":true,\"valueName\":\"search_term_string\"}}],\"inLanguage\":\"fr-FR\"}]}<\/script>\n<!-- \/ Yoast SEO plugin. -->","yoast_head_json":{"title":"TRAVAUX ENVIRONNEMENTAUX - Redsport Padel Belgium","description":"Nous avons d\u00e9velopp\u00e9 un nouveau type de gazon artificiel, l'AFP TURF. Ce type de gazon est la surface pr\u00e9f\u00e9r\u00e9e des joueurs pro.","robots":{"index":"index","follow":"follow","max-snippet":"max-snippet:-1","max-image-preview":"max-image-preview:large","max-video-preview":"max-video-preview:-1"},"canonical":"https:\/\/www.redsportpadel.be\/fr\/travaux-environnementaux\/","og_locale":"fr_FR","og_type":"article","og_title":"TRAVAUX ENVIRONNEMENTAUX - Redsport Padel Belgium","og_description":"Nous avons d\u00e9velopp\u00e9 un nouveau type de gazon artificiel, l'AFP TURF. Ce type de gazon est la surface pr\u00e9f\u00e9r\u00e9e des joueurs pro.","og_url":"https:\/\/www.redsportpadel.be\/fr\/travaux-environnementaux\/","og_site_name":"Redsport Padel Belgium","article_modified_time":"2025-01-21T07:58:19+00:00","twitter_card":"summary_large_image","twitter_misc":{"Dur\u00e9e de lecture estim\u00e9e":"25 minutes"},"schema":{"@context":"https:\/\/schema.org","@graph":[{"@type":"WebPage","@id":"https:\/\/www.redsportpadel.be\/fr\/travaux-environnementaux\/","url":"https:\/\/www.redsportpadel.be\/fr\/travaux-environnementaux\/","name":"TRAVAUX ENVIRONNEMENTAUX - Redsport Padel Belgium","isPartOf":{"@id":"https:\/\/www.redsportpadel.be\/#website"},"datePublished":"2023-05-03T10:01:31+00:00","dateModified":"2025-01-21T07:58:19+00:00","description":"Nous avons d\u00e9velopp\u00e9 un nouveau type de gazon artificiel, l'AFP TURF. Ce type de gazon est la surface pr\u00e9f\u00e9r\u00e9e des joueurs pro.","breadcrumb":{"@id":"https:\/\/www.redsportpadel.be\/fr\/travaux-environnementaux\/#breadcrumb"},"inLanguage":"fr-FR","potentialAction":[{"@type":"ReadAction","target":["https:\/\/www.redsportpadel.be\/fr\/travaux-environnementaux\/"]}]},{"@type":"BreadcrumbList","@id":"https:\/\/www.redsportpadel.be\/fr\/travaux-environnementaux\/#breadcrumb","itemListElement":[{"@type":"ListItem","position":1,"name":"Home","item":"https:\/\/www.redsportpadel.be\/fr\/home\/"},{"@type":"ListItem","position":2,"name":"TRAVAUX ENVIRONNEMENTAUX"}]},{"@type":"WebSite","@id":"https:\/\/www.redsportpadel.be\/#website","url":"https:\/\/www.redsportpadel.be\/","name":"Redsport Padel Belgium","description":"","potentialAction":[{"@type":"SearchAction","target":{"@type":"EntryPoint","urlTemplate":"https:\/\/www.redsportpadel.be\/?s={search_term_string}"},"query-input":{"@type":"PropertyValueSpecification","valueRequired":true,"valueName":"search_term_string"}}],"inLanguage":"fr-FR"}]}},"_links":{"self":[{"href":"https:\/\/www.redsportpadel.be\/fr\/wp-json\/wp\/v2\/pages\/4345","targetHints":{"allow":["GET"]}}],"collection":[{"href":"https:\/\/www.redsportpadel.be\/fr\/wp-json\/wp\/v2\/pages"}],"about":[{"href":"https:\/\/www.redsportpadel.be\/fr\/wp-json\/wp\/v2\/types\/page"}],"author":[{"embeddable":true,"href":"https:\/\/www.redsportpadel.be\/fr\/wp-json\/wp\/v2\/users\/1"}],"replies":[{"embeddable":true,"href":"https:\/\/www.redsportpadel.be\/fr\/wp-json\/wp\/v2\/comments?post=4345"}],"version-history":[{"count":8,"href":"https:\/\/www.redsportpadel.be\/fr\/wp-json\/wp\/v2\/pages\/4345\/revisions"}],"predecessor-version":[{"id":4454,"href":"https:\/\/www.redsportpadel.be\/fr\/wp-json\/wp\/v2\/pages\/4345\/revisions\/4454"}],"wp:attachment":[{"href":"https:\/\/www.redsportpadel.be\/fr\/wp-json\/wp\/v2\/media?parent=4345"}],"curies":[{"name":"wp","href":"https:\/\/api.w.org\/{rel}","templated":true}]}}