{"id":4348,"date":"2023-04-27T17:16:30","date_gmt":"2023-04-27T15:16:30","guid":{"rendered":"https:\/\/www.redsportpadel.be\/gazon-artificiel\/"},"modified":"2025-01-21T08:58:29","modified_gmt":"2025-01-21T07:58:29","slug":"gazon-artificiel","status":"publish","type":"page","link":"https:\/\/www.redsportpadel.be\/fr\/gazon-artificiel\/","title":{"rendered":"GAZON ARTIFICIEL"},"content":{"rendered":"<p><div class=\"fusion-fullwidth fullwidth-box fusion-builder-row-1 fusion-flex-container nonhundred-percent-fullwidth non-hundred-percent-height-scrolling\" style=\"background-color: rgba(255,255,255,0);background-position: center center;background-repeat: no-repeat;border-width: 0px 0px 0px 0px;border-color:#eae9e9;border-style:solid;\" ><div class=\"fusion-builder-row fusion-row fusion-flex-align-items-flex-start\" style=\"max-width:1144px;margin-left: calc(-4% \/ 2 );margin-right: calc(-4% \/ 2 );\"><div class=\"fusion-layout-column fusion_builder_column fusion-builder-column-0 fusion_builder_column_1_1 1_1 fusion-flex-column\"><div class=\"fusion-column-wrapper fusion-flex-justify-content-flex-start fusion-content-layout-column\" style=\"background-position:left top;background-repeat:no-repeat;-webkit-background-size:cover;-moz-background-size:cover;-o-background-size:cover;background-size:cover;padding: 0px 0px 0px 0px;\"><div class=\"fusion-text fusion-text-1\"><h1>Gazon artificiel<\/h1>\n<\/div><div class=\"fusion-text fusion-text-2\"><p style=\"text-align: left;\">Le gazon est la partie la plus importante du terrain de padel pour les joueurs. Pour garantir un maximum de plaisir aux joueurs, nous avons nous-m\u00eames, en collaboration avec adidas All For Padel, con\u00e7u notre propre gazon artificiel pour le padel. <\/p>\n<p style=\"text-align: left;\">La fibre PE textur\u00e9e (boucl\u00e9e) que nous utilisons est extr\u00eamement r\u00e9sistante \u00e0 l&rsquo;usure, \u00e0 la d\u00e9coloration et aux UV. Seuls les 2\/3 de la fibre textur\u00e9e courte sont ponc\u00e9s, de sorte qu&rsquo;aucun sable n&rsquo;est visible sur le terrain. Comme le ballon rebondit sur la fibre et non sur le sable, il rebondit aussi tr\u00e8s r\u00e9guli\u00e8rement. La forme de la fibre, combin\u00e9e au peu de sable de remplissage, permet d&rsquo;\u00e9vacuer l&rsquo;eau tr\u00e8s rapidement. Ainsi, votre jeu de padel peut se poursuivre imm\u00e9diatement apr\u00e8s de fortes pluies. Nous utilisons du latex renforc\u00e9 par de la fibre de verre comme support. Gr\u00e2ce \u00e0 ce support, le tapis de gazon ne peut ni se dilater ni se r\u00e9tr\u00e9cir sous l&rsquo;influence de la chaleur, du froid ou de l&rsquo;humidit\u00e9.      <\/p>\n<p>Nous proposons actuellement deux types de gazon: <strong>AFP Turf<\/strong> et <strong>AFP 12000<\/strong>.<\/p>\n<p style=\"text-align: left;\">Les couleurs standard de notre gamme sont actuellement le bleu azur, le vert olive et le rose. Mais comme nous d\u00e9veloppons et produisons le gazon en interne, nous pouvons produire enti\u00e8rement le type de gazon que vous souhaitez. <\/p>\n<p>Souhaitez-vous plus d&rsquo;informations ? N&rsquo;h\u00e9sitez pas \u00e0 nous contacter.<\/p>\n<\/div><div style=\"text-align:left;\"><style type=\"text\/css\">.fusion-button.button-1 {border-radius:0px;}<\/style><a class=\"fusion-button button-flat fusion-button-default-size button-default button-1 fusion-button-default-span fusion-button-default-type\" target=\"_self\" href=\"https:\/\/www.redsportpadel.be\/fr\/contact\/\"><span class=\"fusion-button-text\">Contactez-nous<\/span><\/a><\/div><\/div><style type=\"text\/css\">.fusion-body .fusion-builder-column-0{width:100% !important;margin-top : 0px;margin-bottom : 20px;}.fusion-builder-column-0 > .fusion-column-wrapper {padding-top : 0px !important;padding-right : 0px !important;margin-right : 1.92%;padding-bottom : 0px !important;padding-left : 0px !important;margin-left : 1.92%;}@media only screen and (max-width:1024px) {.fusion-body .fusion-builder-column-0{width:100% !important;order : 0;}.fusion-builder-column-0 > .fusion-column-wrapper {margin-right : 1.92%;margin-left : 1.92%;}}@media only screen and (max-width:640px) {.fusion-body .fusion-builder-column-0{width:100% !important;order : 0;}.fusion-builder-column-0 > .fusion-column-wrapper {margin-right : 1.92%;margin-left : 1.92%;}}<\/style><\/div><\/div><style type=\"text\/css\">.fusion-body .fusion-flex-container.fusion-builder-row-1{ padding-top : 0px;margin-top : 0px;padding-right : 0px;padding-bottom : 0px;margin-bottom : 0px;padding-left : 0px;}<\/style><\/div><div class=\"fusion-fullwidth fullwidth-box fusion-builder-row-2 nonhundred-percent-fullwidth non-hundred-percent-height-scrolling fusion-equal-height-columns\" style=\"background-color: rgba(255,255,255,0);background-position: center center;background-repeat: no-repeat;padding-top:0px;padding-right:0px;padding-bottom:0px;padding-left:0px;margin-bottom: 0px;margin-top: 0px;border-width: 0px 0px 0px 0px;border-color:#eae9e9;border-style:solid;\" ><div class=\"fusion-builder-row fusion-row\"><div class=\"fusion-layout-column fusion_builder_column fusion-builder-column-1 fusion_builder_column_1_2 1_2 fusion-one-half fusion-column-first\" style=\"width:50%;width:calc(50% - ( ( 4% ) * 0.5 ) );margin-right: 4%;margin-top:0px;margin-bottom:20px;\"><div class=\"fusion-column-wrapper fusion-flex-column-wrapper-legacy\" style=\"background-position:left top;background-repeat:no-repeat;-webkit-background-size:cover;-moz-background-size:cover;-o-background-size:cover;background-size:cover;padding: 0px 0px 0px 0px;\"><span class=\" fusion-imageframe imageframe-none imageframe-1 hover-type-zoomin\"><img decoding=\"async\" width=\"1024\" height=\"683\" title=\"IMG_9053\" src=\"https:\/\/www.redsportpadel.be\/wp-content\/uploads\/2023\/04\/IMG_9053-1024x683.jpg\" class=\"img-responsive wp-image-4023\" srcset=\"https:\/\/www.redsportpadel.be\/wp-content\/uploads\/2023\/04\/IMG_9053-200x133.jpg 200w, https:\/\/www.redsportpadel.be\/wp-content\/uploads\/2023\/04\/IMG_9053-400x267.jpg 400w, https:\/\/www.redsportpadel.be\/wp-content\/uploads\/2023\/04\/IMG_9053-600x400.jpg 600w, https:\/\/www.redsportpadel.be\/wp-content\/uploads\/2023\/04\/IMG_9053-800x533.jpg 800w, https:\/\/www.redsportpadel.be\/wp-content\/uploads\/2023\/04\/IMG_9053-1200x800.jpg 1200w\" sizes=\"(max-width: 800px) 100vw, 600px\" \/><\/span><div class=\"fusion-clearfix\"><\/div><\/div><\/div><div class=\"fusion-layout-column fusion_builder_column fusion-builder-column-2 fusion_builder_column_1_2 1_2 fusion-one-half fusion-column-last\" style=\"width:50%;width:calc(50% - ( ( 4% ) * 0.5 ) );margin-top:0px;margin-bottom:20px;\"><div class=\"fusion-column-wrapper fusion-flex-column-wrapper-legacy\" style=\"background-position:left top;background-repeat:no-repeat;-webkit-background-size:cover;-moz-background-size:cover;-o-background-size:cover;background-size:cover;background-color:#ededed;padding: 0px 0px 0px 0px;\"><div class=\"fusion-column-content-centered\"><div class=\"fusion-column-content\"><div class=\"fusion-text fusion-text-3\"><h1 style=\"text-align: left;\">AFP Turf<\/h1>\n<\/div><div class=\"fusion-text fusion-text-4\"><h2>Caract\u00e9ristiques techniques :<\/h2>\n<ul>\n<li>Fil PE textur\u00e9 9000 dtex<\/li>\n<li>\u00c9paisseur de fil 200\u03bcm<\/li>\n<li>Poids du fil 1360 g<\/li>\n<li>Excellente adh\u00e9rence<\/li>\n<li>Comportement pr\u00e9visible de la balle<\/li>\n<li>Extr\u00eamement r\u00e9sistant<\/li>\n<\/ul>\n<\/div><div class=\"fusion-alignright\"><style type=\"text\/css\">.fusion-button.button-2 {border-radius:0px;}<\/style><a class=\"fusion-button button-flat fusion-button-default-size button-default button-2 fusion-button-default-span fusion-button-default-type\" target=\"_self\" href=\"https:\/\/www.redsportpadel.be\/fr\/formulaire-de-devis\/\"><span class=\"fusion-button-text\">Offre<\/span><\/a><\/div><\/div><\/div><div class=\"fusion-clearfix\"><\/div><\/div><\/div><\/div><\/div><div class=\"fusion-fullwidth fullwidth-box fusion-builder-row-3 fusion-flex-container nonhundred-percent-fullwidth non-hundred-percent-height-scrolling\" style=\"background-color: rgba(255,255,255,0);background-position: center center;background-repeat: no-repeat;border-width: 0px 0px 0px 0px;border-color:#eae9e9;border-style:solid;\" ><div class=\"fusion-builder-row fusion-row fusion-flex-align-items-flex-start\" style=\"max-width:1144px;margin-left: calc(-4% \/ 2 );margin-right: calc(-4% \/ 2 );\"><div class=\"fusion-layout-column fusion_builder_column fusion-builder-column-3 fusion_builder_column_1_1 1_1 fusion-flex-column\"><div class=\"fusion-column-wrapper fusion-flex-justify-content-flex-start fusion-content-layout-column\" style=\"background-position:left top;background-repeat:no-repeat;-webkit-background-size:cover;-moz-background-size:cover;-o-background-size:cover;background-size:cover;padding: 0px 0px 0px 0px;\"><div class=\"fusion-separator fusion-full-width-sep\" style=\"align-self: center;margin-left: auto;margin-right: auto;width:100%;\"><\/div><\/div><style type=\"text\/css\">.fusion-body .fusion-builder-column-3{width:100% !important;margin-top : 0px;margin-bottom : 20px;}.fusion-builder-column-3 > .fusion-column-wrapper {padding-top : 0px !important;padding-right : 0px !important;margin-right : 1.92%;padding-bottom : 0px !important;padding-left : 0px !important;margin-left : 1.92%;}@media only screen and (max-width:1024px) {.fusion-body .fusion-builder-column-3{width:100% !important;order : 0;}.fusion-builder-column-3 > .fusion-column-wrapper {margin-right : 1.92%;margin-left : 1.92%;}}@media only screen and (max-width:640px) {.fusion-body .fusion-builder-column-3{width:100% !important;order : 0;}.fusion-builder-column-3 > .fusion-column-wrapper {margin-right : 1.92%;margin-left : 1.92%;}}<\/style><\/div><\/div><style type=\"text\/css\">.fusion-body .fusion-flex-container.fusion-builder-row-3{ padding-top : 0px;margin-top : 0px;padding-right : 0px;padding-bottom : 0px;margin-bottom : 0px;padding-left : 0px;}<\/style><\/div><div class=\"fusion-fullwidth fullwidth-box fusion-builder-row-4 fusion-flex-container nonhundred-percent-fullwidth non-hundred-percent-height-scrolling\" style=\"background-color: rgba(255,255,255,0);background-position: center center;background-repeat: no-repeat;border-width: 0px 0px 0px 0px;border-color:#eae9e9;border-style:solid;\" ><div class=\"fusion-builder-row fusion-row fusion-flex-align-items-flex-start\" style=\"max-width:1144px;margin-left: calc(-4% \/ 2 );margin-right: calc(-4% \/ 2 );\"><div class=\"fusion-layout-column fusion_builder_column fusion-builder-column-4 fusion_builder_column_1_2 1_2 fusion-flex-column fusion-flex-align-self-center\"><div class=\"fusion-column-wrapper fusion-flex-justify-content-flex-start fusion-content-layout-column\" style=\"background-position:left top;background-repeat:no-repeat;-webkit-background-size:cover;-moz-background-size:cover;-o-background-size:cover;background-size:cover;background-color:#ededed;padding: 0px 0px 0px 0px;\"><div class=\"fusion-text fusion-text-5\"><h1 style=\"text-align: left;\">AFP 12000<\/h1>\n<\/div><div class=\"fusion-text fusion-text-6\"><h2>Caract\u00e9ristiques techniques :<\/h2>\n<ul>\n<li>Fil PE textur\u00e9 12000 dtex<\/li>\n<li>\u00c9paisseur de fil 250\u03bcm<\/li>\n<li>Poids du fil 1450g<\/li>\n<li>Meilleure perm\u00e9abilit\u00e9 \u00e0 l&rsquo;eau<\/li>\n<li>Extr\u00eamement r\u00e9sistant et durable<\/li>\n<li>Dur\u00e9e de vie plus longue<\/li>\n<\/ul>\n<\/div><div style=\"text-align:right;\"><style type=\"text\/css\">.fusion-button.button-3 {border-radius:0px;}<\/style><a class=\"fusion-button button-flat fusion-button-default-size button-default button-3 fusion-button-default-span fusion-button-default-type\" target=\"_self\" href=\"https:\/\/www.redsportpadel.be\/fr\/formulaire-de-devis\/\"><span class=\"fusion-button-text\">Offre<\/span><\/a><\/div><\/div><style type=\"text\/css\">.fusion-body .fusion-builder-column-4{width:50% !important;margin-top : 0px;margin-bottom : 20px;}.fusion-builder-column-4 > .fusion-column-wrapper {padding-top : 0px !important;padding-right : 0px !important;margin-right : 3.84%;padding-bottom : 0px !important;padding-left : 0px !important;margin-left : 3.84%;}@media only screen and (max-width:1024px) {.fusion-body .fusion-builder-column-4{width:100% !important;order : 0;}.fusion-builder-column-4 > .fusion-column-wrapper {margin-right : 1.92%;margin-left : 1.92%;}}@media only screen and (max-width:640px) {.fusion-body .fusion-builder-column-4{width:100% !important;order : 0;}.fusion-builder-column-4 > .fusion-column-wrapper {margin-right : 1.92%;margin-left : 1.92%;}}<\/style><\/div><div class=\"fusion-layout-column fusion_builder_column fusion-builder-column-5 fusion_builder_column_1_2 1_2 fusion-flex-column\"><div class=\"fusion-column-wrapper fusion-flex-justify-content-flex-start fusion-content-layout-column\" style=\"background-position:left top;background-repeat:no-repeat;-webkit-background-size:cover;-moz-background-size:cover;-o-background-size:cover;background-size:cover;padding: 0px 0px 0px 0px;\"><div ><span class=\" fusion-imageframe imageframe-none imageframe-2 hover-type-zoomin\"><img decoding=\"async\" width=\"1024\" height=\"683\" title=\"IMG_7423\" src=\"https:\/\/www.redsportpadel.be\/wp-content\/uploads\/2023\/04\/IMG_7423-1024x683.jpg\" class=\"img-responsive wp-image-4025\" srcset=\"https:\/\/www.redsportpadel.be\/wp-content\/uploads\/2023\/04\/IMG_7423-200x133.jpg 200w, https:\/\/www.redsportpadel.be\/wp-content\/uploads\/2023\/04\/IMG_7423-400x267.jpg 400w, https:\/\/www.redsportpadel.be\/wp-content\/uploads\/2023\/04\/IMG_7423-600x400.jpg 600w, https:\/\/www.redsportpadel.be\/wp-content\/uploads\/2023\/04\/IMG_7423-800x533.jpg 800w, https:\/\/www.redsportpadel.be\/wp-content\/uploads\/2023\/04\/IMG_7423-1200x800.jpg 1200w\" sizes=\"(max-width: 1024px) 100vw, (max-width: 640px) 100vw, 600px\" \/><\/span><\/div><\/div><style type=\"text\/css\">.fusion-body .fusion-builder-column-5{width:50% !important;margin-top : 0px;margin-bottom : 20px;}.fusion-builder-column-5 > .fusion-column-wrapper {padding-top : 0px !important;padding-right : 0px !important;margin-right : 3.84%;padding-bottom : 0px !important;padding-left : 0px !important;margin-left : 3.84%;}@media only screen and (max-width:1024px) {.fusion-body .fusion-builder-column-5{width:100% !important;order : 0;}.fusion-builder-column-5 > .fusion-column-wrapper {margin-right : 1.92%;margin-left : 1.92%;}}@media only screen and (max-width:640px) {.fusion-body .fusion-builder-column-5{width:100% !important;order : 0;}.fusion-builder-column-5 > .fusion-column-wrapper {margin-right : 1.92%;margin-left : 1.92%;}}<\/style><\/div><\/div><style type=\"text\/css\">.fusion-body .fusion-flex-container.fusion-builder-row-4{ padding-top : 0px;margin-top : 0px;padding-right : 0px;padding-bottom : 0px;margin-bottom : 0px;padding-left : 0px;}<\/style><\/div><div class=\"fusion-fullwidth fullwidth-box fusion-builder-row-5 fusion-flex-container nonhundred-percent-fullwidth non-hundred-percent-height-scrolling\" style=\"background-color: rgba(255,255,255,0);background-position: center center;background-repeat: no-repeat;border-width: 0px 0px 0px 0px;border-color:#eae9e9;border-style:solid;\" ><div class=\"fusion-builder-row fusion-row fusion-flex-align-items-flex-start\" style=\"max-width:1144px;margin-left: calc(-4% \/ 2 );margin-right: calc(-4% \/ 2 );\"><div class=\"fusion-layout-column fusion_builder_column fusion-builder-column-6 fusion_builder_column_1_1 1_1 fusion-flex-column\"><div class=\"fusion-column-wrapper fusion-flex-justify-content-flex-start fusion-content-layout-column\" style=\"background-position:left top;background-repeat:no-repeat;-webkit-background-size:cover;-moz-background-size:cover;-o-background-size:cover;background-size:cover;padding: 0px 0px 0px 0px;\"><div class=\"fusion-separator fusion-full-width-sep\" style=\"align-self: center;margin-left: auto;margin-right: auto;width:100%;\"><\/div><div class=\"fusion-separator fusion-full-width-sep\" style=\"align-self: center;margin-left: auto;margin-right: auto;width:100%;\"><\/div><div class=\"fusion-separator fusion-full-width-sep\" style=\"align-self: center;margin-left: auto;margin-right: auto;width:100%;\"><\/div><div class=\"fusion-separator fusion-full-width-sep\" style=\"align-self: center;margin-left: auto;margin-right: auto;width:100%;\"><\/div><div class=\"fusion-text fusion-text-7\"><p><a href=\"https:\/\/www.redsportpadel.be\/wp-content\/uploads\/2023\/09\/Garantiedocument_RedSportPadel_20230810_NL_V2.pdf\" target=\"_blank\" rel=\"noopener\">Consultez le document de garantie ici<\/a><\/p>\n<\/div><\/div><style type=\"text\/css\">.fusion-body .fusion-builder-column-6{width:100% !important;margin-top : 0px;margin-bottom : 20px;}.fusion-builder-column-6 > .fusion-column-wrapper {padding-top : 0px !important;padding-right : 0px !important;margin-right : 1.92%;padding-bottom : 0px !important;padding-left : 0px !important;margin-left : 1.92%;}@media only screen and (max-width:1024px) {.fusion-body .fusion-builder-column-6{width:100% !important;order : 0;}.fusion-builder-column-6 > .fusion-column-wrapper {margin-right : 1.92%;margin-left : 1.92%;}}@media only screen and (max-width:640px) {.fusion-body .fusion-builder-column-6{width:100% !important;order : 0;}.fusion-builder-column-6 > .fusion-column-wrapper {margin-right : 1.92%;margin-left : 1.92%;}}<\/style><\/div><\/div><style type=\"text\/css\">.fusion-body .fusion-flex-container.fusion-builder-row-5{ padding-top : 0px;margin-top : 0px;padding-right : 0px;padding-bottom : 0px;margin-bottom : 0px;padding-left : 0px;}<\/style><\/div><\/p>\n","protected":false},"excerpt":{"rendered":"","protected":false},"author":1,"featured_media":0,"parent":0,"menu_order":0,"comment_status":"closed","ping_status":"closed","template":"","meta":{"footnotes":""},"class_list":["post-4348","page","type-page","status-publish","hentry"],"yoast_head":"<!-- This site is optimized with the Yoast SEO plugin v27.4 - https:\/\/yoast.com\/product\/yoast-seo-wordpress\/ -->\n<title>GAZON ARTIFICIEL - Redsport Padel Belgium<\/title>\n<meta name=\"description\" content=\"Nous avons d\u00e9velopp\u00e9 un nouveau type de gazon artificiel, l&#039;AFP Turf. Ce type de gazon est la surface pr\u00e9f\u00e9r\u00e9e des joueurs de haut niveau.\" \/>\n<meta name=\"robots\" content=\"index, follow, max-snippet:-1, max-image-preview:large, max-video-preview:-1\" \/>\n<link rel=\"canonical\" href=\"https:\/\/www.redsportpadel.be\/fr\/gazon-artificiel\/\" \/>\n<meta property=\"og:locale\" content=\"fr_FR\" \/>\n<meta property=\"og:type\" content=\"article\" \/>\n<meta property=\"og:title\" content=\"GAZON ARTIFICIEL - Redsport Padel Belgium\" \/>\n<meta property=\"og:description\" content=\"Nous avons d\u00e9velopp\u00e9 un nouveau type de gazon artificiel, l&#039;AFP Turf. Ce type de gazon est la surface pr\u00e9f\u00e9r\u00e9e des joueurs de haut niveau.\" \/>\n<meta property=\"og:url\" content=\"https:\/\/www.redsportpadel.be\/fr\/gazon-artificiel\/\" \/>\n<meta property=\"og:site_name\" content=\"Redsport Padel Belgium\" \/>\n<meta property=\"article:modified_time\" content=\"2025-01-21T07:58:29+00:00\" \/>\n<meta name=\"twitter:card\" content=\"summary_large_image\" \/>\n<meta name=\"twitter:label1\" content=\"Dur\u00e9e de lecture estim\u00e9e\" \/>\n\t<meta name=\"twitter:data1\" content=\"20 minutes\" \/>\n<script type=\"application\/ld+json\" class=\"yoast-schema-graph\">{\"@context\":\"https:\\\/\\\/schema.org\",\"@graph\":[{\"@type\":\"WebPage\",\"@id\":\"https:\\\/\\\/www.redsportpadel.be\\\/fr\\\/gazon-artificiel\\\/\",\"url\":\"https:\\\/\\\/www.redsportpadel.be\\\/fr\\\/gazon-artificiel\\\/\",\"name\":\"GAZON ARTIFICIEL - Redsport Padel Belgium\",\"isPartOf\":{\"@id\":\"https:\\\/\\\/www.redsportpadel.be\\\/#website\"},\"datePublished\":\"2023-04-27T15:16:30+00:00\",\"dateModified\":\"2025-01-21T07:58:29+00:00\",\"description\":\"Nous avons d\u00e9velopp\u00e9 un nouveau type de gazon artificiel, l'AFP Turf. Ce type de gazon est la surface pr\u00e9f\u00e9r\u00e9e des joueurs de haut niveau.\",\"breadcrumb\":{\"@id\":\"https:\\\/\\\/www.redsportpadel.be\\\/fr\\\/gazon-artificiel\\\/#breadcrumb\"},\"inLanguage\":\"fr-FR\",\"potentialAction\":[{\"@type\":\"ReadAction\",\"target\":[\"https:\\\/\\\/www.redsportpadel.be\\\/fr\\\/gazon-artificiel\\\/\"]}]},{\"@type\":\"BreadcrumbList\",\"@id\":\"https:\\\/\\\/www.redsportpadel.be\\\/fr\\\/gazon-artificiel\\\/#breadcrumb\",\"itemListElement\":[{\"@type\":\"ListItem\",\"position\":1,\"name\":\"Home\",\"item\":\"https:\\\/\\\/www.redsportpadel.be\\\/fr\\\/home\\\/\"},{\"@type\":\"ListItem\",\"position\":2,\"name\":\"GAZON ARTIFICIEL\"}]},{\"@type\":\"WebSite\",\"@id\":\"https:\\\/\\\/www.redsportpadel.be\\\/#website\",\"url\":\"https:\\\/\\\/www.redsportpadel.be\\\/\",\"name\":\"Redsport Padel Belgium\",\"description\":\"\",\"potentialAction\":[{\"@type\":\"SearchAction\",\"target\":{\"@type\":\"EntryPoint\",\"urlTemplate\":\"https:\\\/\\\/www.redsportpadel.be\\\/?s={search_term_string}\"},\"query-input\":{\"@type\":\"PropertyValueSpecification\",\"valueRequired\":true,\"valueName\":\"search_term_string\"}}],\"inLanguage\":\"fr-FR\"}]}<\/script>\n<!-- \/ Yoast SEO plugin. -->","yoast_head_json":{"title":"GAZON ARTIFICIEL - Redsport Padel Belgium","description":"Nous avons d\u00e9velopp\u00e9 un nouveau type de gazon artificiel, l'AFP Turf. Ce type de gazon est la surface pr\u00e9f\u00e9r\u00e9e des joueurs de haut niveau.","robots":{"index":"index","follow":"follow","max-snippet":"max-snippet:-1","max-image-preview":"max-image-preview:large","max-video-preview":"max-video-preview:-1"},"canonical":"https:\/\/www.redsportpadel.be\/fr\/gazon-artificiel\/","og_locale":"fr_FR","og_type":"article","og_title":"GAZON ARTIFICIEL - Redsport Padel Belgium","og_description":"Nous avons d\u00e9velopp\u00e9 un nouveau type de gazon artificiel, l'AFP Turf. Ce type de gazon est la surface pr\u00e9f\u00e9r\u00e9e des joueurs de haut niveau.","og_url":"https:\/\/www.redsportpadel.be\/fr\/gazon-artificiel\/","og_site_name":"Redsport Padel Belgium","article_modified_time":"2025-01-21T07:58:29+00:00","twitter_card":"summary_large_image","twitter_misc":{"Dur\u00e9e de lecture estim\u00e9e":"20 minutes"},"schema":{"@context":"https:\/\/schema.org","@graph":[{"@type":"WebPage","@id":"https:\/\/www.redsportpadel.be\/fr\/gazon-artificiel\/","url":"https:\/\/www.redsportpadel.be\/fr\/gazon-artificiel\/","name":"GAZON ARTIFICIEL - Redsport Padel Belgium","isPartOf":{"@id":"https:\/\/www.redsportpadel.be\/#website"},"datePublished":"2023-04-27T15:16:30+00:00","dateModified":"2025-01-21T07:58:29+00:00","description":"Nous avons d\u00e9velopp\u00e9 un nouveau type de gazon artificiel, l'AFP Turf. Ce type de gazon est la surface pr\u00e9f\u00e9r\u00e9e des joueurs de haut niveau.","breadcrumb":{"@id":"https:\/\/www.redsportpadel.be\/fr\/gazon-artificiel\/#breadcrumb"},"inLanguage":"fr-FR","potentialAction":[{"@type":"ReadAction","target":["https:\/\/www.redsportpadel.be\/fr\/gazon-artificiel\/"]}]},{"@type":"BreadcrumbList","@id":"https:\/\/www.redsportpadel.be\/fr\/gazon-artificiel\/#breadcrumb","itemListElement":[{"@type":"ListItem","position":1,"name":"Home","item":"https:\/\/www.redsportpadel.be\/fr\/home\/"},{"@type":"ListItem","position":2,"name":"GAZON ARTIFICIEL"}]},{"@type":"WebSite","@id":"https:\/\/www.redsportpadel.be\/#website","url":"https:\/\/www.redsportpadel.be\/","name":"Redsport Padel Belgium","description":"","potentialAction":[{"@type":"SearchAction","target":{"@type":"EntryPoint","urlTemplate":"https:\/\/www.redsportpadel.be\/?s={search_term_string}"},"query-input":{"@type":"PropertyValueSpecification","valueRequired":true,"valueName":"search_term_string"}}],"inLanguage":"fr-FR"}]}},"_links":{"self":[{"href":"https:\/\/www.redsportpadel.be\/fr\/wp-json\/wp\/v2\/pages\/4348","targetHints":{"allow":["GET"]}}],"collection":[{"href":"https:\/\/www.redsportpadel.be\/fr\/wp-json\/wp\/v2\/pages"}],"about":[{"href":"https:\/\/www.redsportpadel.be\/fr\/wp-json\/wp\/v2\/types\/page"}],"author":[{"embeddable":true,"href":"https:\/\/www.redsportpadel.be\/fr\/wp-json\/wp\/v2\/users\/1"}],"replies":[{"embeddable":true,"href":"https:\/\/www.redsportpadel.be\/fr\/wp-json\/wp\/v2\/comments?post=4348"}],"version-history":[{"count":11,"href":"https:\/\/www.redsportpadel.be\/fr\/wp-json\/wp\/v2\/pages\/4348\/revisions"}],"predecessor-version":[{"id":4455,"href":"https:\/\/www.redsportpadel.be\/fr\/wp-json\/wp\/v2\/pages\/4348\/revisions\/4455"}],"wp:attachment":[{"href":"https:\/\/www.redsportpadel.be\/fr\/wp-json\/wp\/v2\/media?parent=4348"}],"curies":[{"name":"wp","href":"https:\/\/api.w.org\/{rel}","templated":true}]}}