{"id":4355,"date":"2019-10-22T10:19:28","date_gmt":"2019-10-22T08:19:28","guid":{"rendered":"https:\/\/www.redsportpadel.be\/tribunaux\/"},"modified":"2025-01-21T08:59:44","modified_gmt":"2025-01-21T07:59:44","slug":"terrains","status":"publish","type":"page","link":"https:\/\/www.redsportpadel.be\/fr\/terrains\/","title":{"rendered":"TERRAINS"},"content":{"rendered":"<p><div class=\"fusion-fullwidth fullwidth-box fusion-builder-row-1 nonhundred-percent-fullwidth non-hundred-percent-height-scrolling fusion-equal-height-columns\" style=\"background-color: rgba(255,255,255,0);background-position: center center;background-repeat: no-repeat;padding-top:20px;padding-right:0px;padding-bottom:20px;padding-left:0px;margin-bottom: 0px;margin-top: 0px;border-width: 0px 0px 0px 0px;border-color:#eae9e9;border-style:solid;\" ><div class=\"fusion-builder-row fusion-row\"><div class=\"fusion-layout-column fusion_builder_column fusion-builder-column-0 fusion_builder_column_1_1 1_1 fusion-one-full fusion-column-first fusion-column-last\" style=\"margin-top:0px;margin-bottom:20px;\"><div class=\"fusion-column-wrapper fusion-flex-column-wrapper-legacy\" style=\"background-position:left top;background-repeat:no-repeat;-webkit-background-size:cover;-moz-background-size:cover;-o-background-size:cover;background-size:cover;background-color:#ffffff;padding: 0px 0px 0px 0px;\"><div class=\"fusion-text fusion-text-1\"><h1 class=\"fusion-responsive-typography-calculated\" style=\"--fontsize: 34; line-height: 1.4;\" data-fontsize=\"34\" data-lineheight=\"47.599998px\"><b>Nos terrains de padel<\/b><\/h1>\n<\/div><div class=\"fusion-text fusion-text-2\"><p class=\"font_7\"><span class=\"color_20\">RedSport Padel Belgium propose un large \u00e9ventail de terrains de padel, en collaboration avec les meilleurs joueurs du march\u00e9 europ\u00e9en. <\/span><\/p>\n<p>Notre \u00e9quipe de cr\u00e9ation travaille depuis plus de 10 ans en concertation avec des clients et des joueurs de padel professionnels pour optimiser nos terrains de padel. La structure m\u00e9tallique est compos\u00e9e de profil\u00e9s m\u00e9talliques galvanis\u00e9s. Pour garantir une dur\u00e9e de vie encore plus longue, toutes les pi\u00e8ces m\u00e9talliques sont trait\u00e9es avec un rev\u00eatement en poudre \u00e0 base de zinc et un rev\u00eatement en poudre dans la couleur de la rang\u00e9e souhait\u00e9e. Le verre tremp\u00e9 de 10 mm d&rsquo;\u00e9paisseur n&rsquo;entre jamais en contact avec le sol. Cela limite la croissance de la mousse et le verre et l&rsquo;herbe s\u00e8chent plus rapidement apr\u00e8s une averse. Malgr\u00e9 la finesse des profils, qui garantit un plaisir visuel optimal, nos courts r\u00e9pondent \u00e0 toutes les exigences en mati\u00e8re de stabilit\u00e9.<\/p>\n<p class=\"font_7\">Nous sommes le distributeur et l&rsquo;installateur exclusif des <a href=\"https:\/\/afpcourts.com\/en\/padelcourts\/\" target=\"_blank\" rel=\"noopener noreferrer\" data-content=\"http:\/\/redsportpadel.com\/en\/\" data-type=\"external\">terrains RedSport Pro<\/a> et des <a href=\"https:\/\/afpcourts.com\/en\/padelcourts\/\">terrains de padel adidas<\/a> en Belgique.<\/p>\n<\/div><div class=\"fusion-clearfix\"><\/div><\/div><\/div><\/div><\/div><div class=\"fusion-fullwidth fullwidth-box fusion-builder-row-2 nonhundred-percent-fullwidth non-hundred-percent-height-scrolling fusion-equal-height-columns\" style=\"background-color: #ededed;background-position: center center;background-repeat: no-repeat;padding-top:30px;padding-right:20px;padding-bottom:30px;padding-left:20px;margin-bottom: 0px;margin-top: 0px;border-width: 0px 0px 0px 0px;border-color:#eae9e9;border-style:solid;\" id=\"gamma\" ><div class=\"fusion-builder-row fusion-row\"><div class=\"fusion-layout-column fusion_builder_column fusion-builder-column-1 fusion_builder_column_1_1 1_1 fusion-one-full fusion-column-first fusion-column-last fusion-column-no-min-height\" style=\"margin-top:0px;margin-bottom:20px;\"><div class=\"fusion-column-wrapper fusion-flex-column-wrapper-legacy\" style=\"background-position:left top;background-repeat:no-repeat;-webkit-background-size:cover;-moz-background-size:cover;-o-background-size:cover;background-size:cover;padding: 0px 0px 0px 0px;\"><div class=\"fusion-text fusion-text-3\"><h1 class=\"fusion-responsive-typography-calculated\" style=\"--fontsize: 34; line-height: 1.4;\" data-fontsize=\"34\" data-lineheight=\"47.599998px\"><b>Terrains RedSport Pro<\/b><\/h1>\n<\/div><div class=\"fusion-clearfix\"><\/div><\/div><\/div><div class=\"fusion-layout-column fusion_builder_column fusion-builder-column-2 fusion_builder_column_1_2 1_2 fusion-one-half fusion-column-first court fusion-column-inner-bg-wrapper\" style=\"width:50%;width:calc(50% - ( ( 4% ) * 0.5 ) );margin-right: 4%;margin-top:5px;margin-bottom:0px;\"><div class=\"fusion-column-wrapper fusion-flex-column-wrapper-legacy\" style=\"padding: 0px 0px 0px 0px;\" data-bg-url=\"https:\/\/www.redsportpadel.be\/wp-content\/uploads\/2023\/04\/20220627_184640-1024x768.jpg\"><div class=\"fusion-column-content-centered\"><div class=\"fusion-column-content\"><div class=\"fusion-text fusion-text-4\"><h3 style=\"text-align: center;\">Terrain RedSport Pro<\/h3>\n<\/div><\/div><\/div><div class=\"fusion-clearfix\"><\/div><\/div><span class=\"fusion-column-inner-bg hover-type-none\"><a href=\"https:\/\/www.redsportpadel.be\/fr\/notre-gamme\/redsport-pro-court\/\"><span class=\"fusion-column-inner-bg-image\" style=\"background-image: url(&#039;https:\/\/www.redsportpadel.be\/wp-content\/uploads\/2023\/04\/20220627_184640-1024x768.jpg&#039;);background-position:center center;background-repeat:no-repeat;-webkit-background-size:cover;-moz-background-size:cover;-o-background-size:cover;background-size:cover;\"><\/span><\/a><\/span><\/div><div class=\"fusion-layout-column fusion_builder_column fusion-builder-column-3 fusion_builder_column_1_2 1_2 fusion-one-half fusion-column-last court fusion-column-inner-bg-wrapper\" style=\"width:50%;width:calc(50% - ( ( 4% ) * 0.5 ) );margin-top:5px;margin-bottom:0px;\"><div class=\"fusion-column-wrapper fusion-flex-column-wrapper-legacy\" style=\"padding: 0px 0px 0px 0px;\" data-bg-url=\"https:\/\/www.redsportpadel.be\/wp-content\/uploads\/2018\/06\/004klein-1024x683.jpg\"><div class=\"fusion-text fusion-text-5\"><h3 style=\"text-align: center;\">Terrain Panoramique RedSport Pro<\/h3>\n<\/div><div class=\"fusion-clearfix\"><\/div><\/div><span class=\"fusion-column-inner-bg hover-type-none\"><a href=\"https:\/\/www.redsportpadel.be\/ons-gamma\/redsport-pro-panoramisch\/\"><span class=\"fusion-column-inner-bg-image\" style=\"background-image: url(&#039;https:\/\/www.redsportpadel.be\/wp-content\/uploads\/2018\/06\/004klein-1024x683.jpg&#039;);background-position:center center;background-repeat:no-repeat;-webkit-background-size:cover;-moz-background-size:cover;-o-background-size:cover;background-size:cover;\"><\/span><\/a><\/span><\/div><div class=\"fusion-layout-column fusion_builder_column fusion-builder-column-4 fusion_builder_column_1_1 1_1 fusion-one-full fusion-column-first fusion-column-last fusion-column-no-min-height\" style=\"margin-top:0px;margin-bottom:20px;\"><div class=\"fusion-column-wrapper fusion-flex-column-wrapper-legacy\" style=\"background-position:left top;background-repeat:no-repeat;-webkit-background-size:cover;-moz-background-size:cover;-o-background-size:cover;background-size:cover;padding: 5% 0px 0px 0px;\"><div class=\"fusion-text fusion-text-6\"><h1 class=\"fusion-responsive-typography-calculated\" style=\"--fontsize: 34; line-height: 1.4;\" data-fontsize=\"34\" data-lineheight=\"47.599998px\"><b>Terrains adidas<\/b><\/h1>\n<\/div><div class=\"fusion-clearfix\"><\/div><\/div><\/div><div class=\"fusion-layout-column fusion_builder_column fusion-builder-column-5 fusion_builder_column_1_2 1_2 fusion-one-half fusion-column-first court fusion-column-inner-bg-wrapper\" style=\"width:50%;width:calc(50% - ( ( 4% ) * 0.5 ) );margin-right: 4%;margin-top:5px;margin-bottom:0px;\"><div class=\"fusion-column-wrapper fusion-flex-column-wrapper-legacy\" style=\"padding: 0px 0px 0px 0px;\" data-bg-url=\"https:\/\/www.redsportpadel.be\/wp-content\/uploads\/2023\/04\/NB_05956-1024x683.jpg\"><div class=\"fusion-text fusion-text-7\"><h3 style=\"text-align: center;\">Terrain adidas<\/h3>\n<\/div><div class=\"fusion-clearfix\"><\/div><\/div><span class=\"fusion-column-inner-bg hover-type-none\"><a href=\"https:\/\/www.redsportpadel.be\/ons-gamma\/adidas-court\/\"><span class=\"fusion-column-inner-bg-image\" style=\"background-image: url(&#039;https:\/\/www.redsportpadel.be\/wp-content\/uploads\/2023\/04\/NB_05956-1024x683.jpg&#039;);background-position:center center;background-repeat:no-repeat;-webkit-background-size:cover;-moz-background-size:cover;-o-background-size:cover;background-size:cover;\"><\/span><\/a><\/span><\/div><div class=\"fusion-layout-column fusion_builder_column fusion-builder-column-6 fusion_builder_column_1_2 1_2 fusion-one-half fusion-column-last court fusion-column-inner-bg-wrapper\" style=\"width:50%;width:calc(50% - ( ( 4% ) * 0.5 ) );margin-top:5px;margin-bottom:0px;\"><div class=\"fusion-column-wrapper fusion-flex-column-wrapper-legacy\" style=\"padding: 0px 0px 0px 0px;\" data-bg-url=\"https:\/\/www.redsportpadel.be\/wp-content\/uploads\/2019\/02\/herwebo-redsportpadel-zele-1024x683.jpg\"><div class=\"fusion-text fusion-text-8\"><h3 style=\"text-align: center;\">Terrain Panoramique adidas<\/h3>\n<\/div><div class=\"fusion-clearfix\"><\/div><\/div><span class=\"fusion-column-inner-bg hover-type-none\"><a href=\"https:\/\/www.redsportpadel.be\/ons-gamma\/adidas-panoramisch-court\/\"><span class=\"fusion-column-inner-bg-image\" style=\"background-image: url(&#039;https:\/\/www.redsportpadel.be\/wp-content\/uploads\/2019\/02\/herwebo-redsportpadel-zele-1024x683.jpg&#039;);background-position:center center;background-repeat:no-repeat;-webkit-background-size:cover;-moz-background-size:cover;-o-background-size:cover;background-size:cover;\"><\/span><\/a><\/span><\/div><div class=\"fusion-layout-column fusion_builder_column fusion-builder-column-7 fusion_builder_column_1_1 1_1 fusion-one-full fusion-column-first fusion-column-last fusion-column-no-min-height\" style=\"margin-top:0px;margin-bottom:20px;\"><div class=\"fusion-column-wrapper fusion-flex-column-wrapper-legacy\" style=\"background-position:left top;background-repeat:no-repeat;-webkit-background-size:cover;-moz-background-size:cover;-o-background-size:cover;background-size:cover;padding: 5% 0px 0px 0px;\"><div class=\"fusion-text fusion-text-9\"><h1 class=\"fusion-responsive-typography-calculated\" style=\"--fontsize: 34; line-height: 1.4;\" data-fontsize=\"34\" data-lineheight=\"47.599998px\"><b>Terrains portatifs<\/b><\/h1>\n<\/div><div class=\"fusion-clearfix\"><\/div><\/div><\/div><div class=\"fusion-layout-column fusion_builder_column fusion-builder-column-8 fusion_builder_column_1_2 1_2 fusion-one-half fusion-column-first court fusion-column-inner-bg-wrapper\" style=\"width:50%;width:calc(50% - ( ( 4% ) * 0.5 ) );margin-right: 4%;margin-top:5px;margin-bottom:0px;\"><div class=\"fusion-column-wrapper fusion-flex-column-wrapper-legacy\" style=\"padding: 0px 0px 0px 0px;\" data-bg-url=\"https:\/\/www.redsportpadel.be\/wp-content\/uploads\/2023\/04\/beach-bewerkt-1024x667.jpg\"><div class=\"fusion-text fusion-text-10\"><h3 style=\"text-align: center;\">Terrain portatif RedSport<\/h3>\n<\/div><div class=\"fusion-clearfix\"><\/div><\/div><span class=\"fusion-column-inner-bg hover-type-none\"><a href=\"https:\/\/www.redsportpadel.be\/ons-gamma\/redsport-mobile-padel-court\/\"><span class=\"fusion-column-inner-bg-image\" style=\"background-image: url(&#039;https:\/\/www.redsportpadel.be\/wp-content\/uploads\/2023\/04\/beach-bewerkt-1024x667.jpg&#039;);background-position:center center;background-repeat:no-repeat;-webkit-background-size:cover;-moz-background-size:cover;-o-background-size:cover;background-size:cover;\"><\/span><\/a><\/span><\/div><div class=\"fusion-layout-column fusion_builder_column fusion-builder-column-9 fusion_builder_column_1_2 1_2 fusion-one-half fusion-column-last court fusion-column-inner-bg-wrapper\" style=\"width:50%;width:calc(50% - ( ( 4% ) * 0.5 ) );margin-top:5px;margin-bottom:0px;\"><div class=\"fusion-column-wrapper fusion-flex-column-wrapper-legacy\" style=\"padding: 0px 0px 0px 0px;\" data-bg-url=\"https:\/\/www.redsportpadel.be\/wp-content\/uploads\/2023\/04\/IMG_9375-1024x683.jpg\"><div class=\"fusion-text fusion-text-11\"><h3 style=\"text-align: center;\">Terrein portatifs pour des \u00e9v\u00e8nements<\/h3>\n<\/div><div class=\"fusion-clearfix\"><\/div><\/div><span class=\"fusion-column-inner-bg hover-type-none\"><a href=\"https:\/\/www.redsportpadel.be\/ons-gamma\/redsport-mobile-padel-court\/\"><span class=\"fusion-column-inner-bg-image\" style=\"background-image: url(&#039;https:\/\/www.redsportpadel.be\/wp-content\/uploads\/2023\/04\/IMG_9375-1024x683.jpg&#039;);background-position:center center;background-repeat:no-repeat;-webkit-background-size:cover;-moz-background-size:cover;-o-background-size:cover;background-size:cover;\"><\/span><\/a><\/span><\/div><div class=\"fusion-layout-column fusion_builder_column fusion-builder-column-10 fusion_builder_column_1_1 1_1 fusion-one-full fusion-column-first fusion-column-last\" style=\"margin-top:0px;margin-bottom:20px;\"><div class=\"fusion-column-wrapper fusion-flex-column-wrapper-legacy\" style=\"background-position:left top;background-repeat:no-repeat;-webkit-background-size:cover;-moz-background-size:cover;-o-background-size:cover;background-size:cover;padding: 0px 0px 0px 0px;\"><div class=\"fusion-sep-clear\"><\/div><div class=\"fusion-separator fusion-full-width-sep\" style=\"margin-left: auto;margin-right: auto;width:100%;\"><div class=\"fusion-separator-border sep-double\" style=\"border-color:#e0dede;border-top-width:1px;border-bottom-width:1px;\"><\/div><\/div><div class=\"fusion-sep-clear\"><\/div><div class=\"fusion-clearfix\"><\/div><\/div><\/div><\/div><\/div><div class=\"fusion-fullwidth fullwidth-box fusion-builder-row-3 nonhundred-percent-fullwidth non-hundred-percent-height-scrolling\" style=\"background-color: rgba(255,255,255,0);background-position: center center;background-repeat: no-repeat;padding-top:0px;padding-right:0px;padding-bottom:0px;padding-left:0px;margin-bottom: 0px;margin-top: 0px;border-width: 0px 0px 0px 0px;border-color:#eae9e9;border-style:solid;\" ><div class=\"fusion-builder-row fusion-row\"><\/div><\/div><\/p>\n","protected":false},"excerpt":{"rendered":"","protected":false},"author":2,"featured_media":0,"parent":0,"menu_order":0,"comment_status":"closed","ping_status":"closed","template":"100-width.php","meta":{"footnotes":""},"class_list":["post-4355","page","type-page","status-publish","hentry"],"yoast_head":"<!-- This site is optimized with the Yoast SEO plugin v27.4 - https:\/\/yoast.com\/product\/yoast-seo-wordpress\/ -->\n<title>TERRAINS - Redsport Padel Belgium<\/title>\n<meta name=\"robots\" content=\"index, follow, max-snippet:-1, max-image-preview:large, max-video-preview:-1\" \/>\n<link rel=\"canonical\" href=\"https:\/\/www.redsportpadel.be\/fr\/terrains\/\" \/>\n<meta property=\"og:locale\" content=\"fr_FR\" \/>\n<meta property=\"og:type\" content=\"article\" \/>\n<meta property=\"og:title\" content=\"TERRAINS - Redsport Padel Belgium\" \/>\n<meta property=\"og:url\" content=\"https:\/\/www.redsportpadel.be\/fr\/terrains\/\" \/>\n<meta property=\"og:site_name\" content=\"Redsport Padel Belgium\" \/>\n<meta property=\"article:modified_time\" content=\"2025-01-21T07:59:44+00:00\" \/>\n<meta name=\"twitter:card\" content=\"summary_large_image\" \/>\n<meta name=\"twitter:label1\" content=\"Dur\u00e9e de lecture estim\u00e9e\" \/>\n\t<meta name=\"twitter:data1\" content=\"16 minutes\" \/>\n<script type=\"application\/ld+json\" class=\"yoast-schema-graph\">{\"@context\":\"https:\\\/\\\/schema.org\",\"@graph\":[{\"@type\":\"WebPage\",\"@id\":\"https:\\\/\\\/www.redsportpadel.be\\\/fr\\\/terrains\\\/\",\"url\":\"https:\\\/\\\/www.redsportpadel.be\\\/fr\\\/terrains\\\/\",\"name\":\"TERRAINS - Redsport Padel Belgium\",\"isPartOf\":{\"@id\":\"https:\\\/\\\/www.redsportpadel.be\\\/#website\"},\"datePublished\":\"2019-10-22T08:19:28+00:00\",\"dateModified\":\"2025-01-21T07:59:44+00:00\",\"breadcrumb\":{\"@id\":\"https:\\\/\\\/www.redsportpadel.be\\\/fr\\\/terrains\\\/#breadcrumb\"},\"inLanguage\":\"fr-FR\",\"potentialAction\":[{\"@type\":\"ReadAction\",\"target\":[\"https:\\\/\\\/www.redsportpadel.be\\\/fr\\\/terrains\\\/\"]}]},{\"@type\":\"BreadcrumbList\",\"@id\":\"https:\\\/\\\/www.redsportpadel.be\\\/fr\\\/terrains\\\/#breadcrumb\",\"itemListElement\":[{\"@type\":\"ListItem\",\"position\":1,\"name\":\"Home\",\"item\":\"https:\\\/\\\/www.redsportpadel.be\\\/fr\\\/home\\\/\"},{\"@type\":\"ListItem\",\"position\":2,\"name\":\"TERRAINS\"}]},{\"@type\":\"WebSite\",\"@id\":\"https:\\\/\\\/www.redsportpadel.be\\\/#website\",\"url\":\"https:\\\/\\\/www.redsportpadel.be\\\/\",\"name\":\"Redsport Padel Belgium\",\"description\":\"\",\"potentialAction\":[{\"@type\":\"SearchAction\",\"target\":{\"@type\":\"EntryPoint\",\"urlTemplate\":\"https:\\\/\\\/www.redsportpadel.be\\\/?s={search_term_string}\"},\"query-input\":{\"@type\":\"PropertyValueSpecification\",\"valueRequired\":true,\"valueName\":\"search_term_string\"}}],\"inLanguage\":\"fr-FR\"}]}<\/script>\n<!-- \/ Yoast SEO plugin. -->","yoast_head_json":{"title":"TERRAINS - Redsport Padel Belgium","robots":{"index":"index","follow":"follow","max-snippet":"max-snippet:-1","max-image-preview":"max-image-preview:large","max-video-preview":"max-video-preview:-1"},"canonical":"https:\/\/www.redsportpadel.be\/fr\/terrains\/","og_locale":"fr_FR","og_type":"article","og_title":"TERRAINS - Redsport Padel Belgium","og_url":"https:\/\/www.redsportpadel.be\/fr\/terrains\/","og_site_name":"Redsport Padel Belgium","article_modified_time":"2025-01-21T07:59:44+00:00","twitter_card":"summary_large_image","twitter_misc":{"Dur\u00e9e de lecture estim\u00e9e":"16 minutes"},"schema":{"@context":"https:\/\/schema.org","@graph":[{"@type":"WebPage","@id":"https:\/\/www.redsportpadel.be\/fr\/terrains\/","url":"https:\/\/www.redsportpadel.be\/fr\/terrains\/","name":"TERRAINS - Redsport Padel Belgium","isPartOf":{"@id":"https:\/\/www.redsportpadel.be\/#website"},"datePublished":"2019-10-22T08:19:28+00:00","dateModified":"2025-01-21T07:59:44+00:00","breadcrumb":{"@id":"https:\/\/www.redsportpadel.be\/fr\/terrains\/#breadcrumb"},"inLanguage":"fr-FR","potentialAction":[{"@type":"ReadAction","target":["https:\/\/www.redsportpadel.be\/fr\/terrains\/"]}]},{"@type":"BreadcrumbList","@id":"https:\/\/www.redsportpadel.be\/fr\/terrains\/#breadcrumb","itemListElement":[{"@type":"ListItem","position":1,"name":"Home","item":"https:\/\/www.redsportpadel.be\/fr\/home\/"},{"@type":"ListItem","position":2,"name":"TERRAINS"}]},{"@type":"WebSite","@id":"https:\/\/www.redsportpadel.be\/#website","url":"https:\/\/www.redsportpadel.be\/","name":"Redsport Padel Belgium","description":"","potentialAction":[{"@type":"SearchAction","target":{"@type":"EntryPoint","urlTemplate":"https:\/\/www.redsportpadel.be\/?s={search_term_string}"},"query-input":{"@type":"PropertyValueSpecification","valueRequired":true,"valueName":"search_term_string"}}],"inLanguage":"fr-FR"}]}},"_links":{"self":[{"href":"https:\/\/www.redsportpadel.be\/fr\/wp-json\/wp\/v2\/pages\/4355","targetHints":{"allow":["GET"]}}],"collection":[{"href":"https:\/\/www.redsportpadel.be\/fr\/wp-json\/wp\/v2\/pages"}],"about":[{"href":"https:\/\/www.redsportpadel.be\/fr\/wp-json\/wp\/v2\/types\/page"}],"author":[{"embeddable":true,"href":"https:\/\/www.redsportpadel.be\/fr\/wp-json\/wp\/v2\/users\/2"}],"replies":[{"embeddable":true,"href":"https:\/\/www.redsportpadel.be\/fr\/wp-json\/wp\/v2\/comments?post=4355"}],"version-history":[{"count":9,"href":"https:\/\/www.redsportpadel.be\/fr\/wp-json\/wp\/v2\/pages\/4355\/revisions"}],"predecessor-version":[{"id":4461,"href":"https:\/\/www.redsportpadel.be\/fr\/wp-json\/wp\/v2\/pages\/4355\/revisions\/4461"}],"wp:attachment":[{"href":"https:\/\/www.redsportpadel.be\/fr\/wp-json\/wp\/v2\/media?parent=4355"}],"curies":[{"name":"wp","href":"https:\/\/api.w.org\/{rel}","templated":true}]}}