{"id":4371,"date":"2021-10-26T17:10:26","date_gmt":"2021-10-26T15:10:26","guid":{"rendered":"https:\/\/www.redsportpadel.be\/padeliosk\/"},"modified":"2025-01-21T08:58:59","modified_gmt":"2025-01-21T07:58:59","slug":"padelkiosk","status":"publish","type":"page","link":"https:\/\/www.redsportpadel.be\/fr\/padelkiosk\/","title":{"rendered":"PADEL KIOSK"},"content":{"rendered":"<div class=\"fusion-fullwidth fullwidth-box fusion-builder-row-1 fusion-flex-container nonhundred-percent-fullwidth non-hundred-percent-height-scrolling\" style=\"background-color: rgba(255,255,255,0);background-position: center center;background-repeat: no-repeat;border-width: 0px 0px 0px 0px;border-color:#eae9e9;border-style:solid;\" ><div class=\"fusion-builder-row fusion-row fusion-flex-align-items-flex-start\" style=\"max-width:1144px;margin-left: calc(-4% \/ 2 );margin-right: calc(-4% \/ 2 );\"><div class=\"fusion-layout-column fusion_builder_column fusion-builder-column-0 fusion_builder_column_1_2 1_2 fusion-flex-column\"><div class=\"fusion-column-wrapper fusion-flex-justify-content-flex-start fusion-content-layout-column\" style=\"background-position:left top;background-repeat:no-repeat;-webkit-background-size:cover;-moz-background-size:cover;-o-background-size:cover;background-size:cover;padding: 0px 0px 0px 0px;\"><div class=\"fusion-text fusion-text-1\"><h1 data-fontsize=\"34\" style=\"--fontSize:34; line-height: 1.4;\" data-lineheight=\"47.6px\" class=\"fusion-responsive-typography-calculated\">Padel Kiosk<\/h1>\n<p>Depuis le d\u00e9but de l&rsquo;ann\u00e9e 2021, le concept de Padel Kiosk fait \u00e9galement partie de RedSport Padel. Un Padel Kiosk est un distributeur automatique dans lequel nous louons des raquettes et vendons des balles de padel et des accessoires dans les clubs. De cette mani\u00e8re, le club lui-m\u00eame ne doit pas louer des raquettes, mais tout est automatis\u00e9, 24 heures sur 24 et 7 jours sur 7.  <\/p>\n<p>Le Kiosk est disponible en deux mod\u00e8les : un Padel Kiosk (= 1 machine) ou un Combi Kiosk (= 1 machine \u00e0 padel + 1 distributeur de boissons). Dans les deux cas, le club peut choisir entre ach\u00e8ter, louer ou prendre un Kiosk en Full Service. <\/p>\n<p>Full Service signifie que nous fournissons un service complet. Notre technicien installe le Kiosk sans frais suppl\u00e9mentaires, nous le remplissons de raquettes, de balles et d&rsquo;accessoires et nous assurons le suivi complet, y compris la gestion du service client\u00e8le. Pas d&rsquo;appels au propri\u00e9taire du club pour des transactions rat\u00e9es ou des probl\u00e8mes de raquettes, nous nous occupons de toutes ces questions.  <\/p>\n<p>Le club ne doit-il rien payer du tout ? Non, hormis la fourniture de l&rsquo;internet et de l&rsquo;\u00e9lectricit\u00e9, le club n&rsquo;a aucun co\u00fbt \u00e0 supporter. Au contraire, le club re\u00e7oit une commission trimestrielle de 20% sur toutes les locations et ventes dans le Kiosk.  <\/p>\n<p>Le club veut-il \u00eatre responsable de la location des raquettes ? Dans ce cas, le Padel Kiosk peut \u00eatre achet\u00e9 ou lou\u00e9, de sorte que le responsable du club se charge de tout le suivi. <\/p>\n<p>Il y a actuellement environ 90 kiosques en Flandre. N&rsquo;h\u00e9sitez pas \u00e0 vous rendre dans l&rsquo;un de <a href=\"https:\/\/autokiosk.be\/padelkiosk\/locaties\/\" target=\"_blank\" rel=\"noopener noreferrer\">ces clubs<\/a> pour tester le Padel Kiosk ou le Combi Kiosk. <\/p><\/p>\n<\/div><div style=\"text-align:left;\"><style type=\"text\/css\">.fusion-button.button-1 {border-radius:0px;}<\/style><a class=\"fusion-button button-flat fusion-button-default-size button-default button-1 fusion-button-default-span fusion-button-default-type\" target=\"_blank\" rel=\"noopener noreferrer\" href=\"https:\/\/autokiosk.be\/padelkiosk\/\"><span class=\"fusion-button-text\">Plus d&rsquo;info<\/span><\/a><\/div><\/div><style type=\"text\/css\">.fusion-body .fusion-builder-column-0{width:50% !important;margin-top : 0px;margin-bottom : 20px;}.fusion-builder-column-0 > .fusion-column-wrapper {padding-top : 0px !important;padding-right : 0px !important;margin-right : 3.84%;padding-bottom : 0px !important;padding-left : 0px !important;margin-left : 3.84%;}@media only screen and (max-width:1024px) {.fusion-body .fusion-builder-column-0{width:100% !important;order : 0;}.fusion-builder-column-0 > .fusion-column-wrapper {margin-right : 1.92%;margin-left : 1.92%;}}@media only screen and (max-width:640px) {.fusion-body .fusion-builder-column-0{width:100% !important;order : 0;}.fusion-builder-column-0 > .fusion-column-wrapper {margin-right : 1.92%;margin-left : 1.92%;}}<\/style><\/div><div class=\"fusion-layout-column fusion_builder_column fusion-builder-column-1 fusion_builder_column_1_2 1_2 fusion-flex-column\"><div class=\"fusion-column-wrapper fusion-flex-justify-content-flex-start fusion-content-layout-column\" style=\"background-position:left top;background-repeat:no-repeat;-webkit-background-size:cover;-moz-background-size:cover;-o-background-size:cover;background-size:cover;padding: 0px 0px 0px 0px;\"><div ><span class=\" fusion-imageframe imageframe-none imageframe-1 hover-type-none\"><img decoding=\"async\" width=\"686\" height=\"1024\" title=\"automaat adidas\" src=\"https:\/\/www.redsportpadel.be\/wp-content\/uploads\/2022\/07\/automaat-adidas-686x1024.jpg\" class=\"img-responsive wp-image-3906\" srcset=\"https:\/\/www.redsportpadel.be\/wp-content\/uploads\/2022\/07\/automaat-adidas-200x299.jpg 200w, https:\/\/www.redsportpadel.be\/wp-content\/uploads\/2022\/07\/automaat-adidas-400x598.jpg 400w, https:\/\/www.redsportpadel.be\/wp-content\/uploads\/2022\/07\/automaat-adidas-600x896.jpg 600w, https:\/\/www.redsportpadel.be\/wp-content\/uploads\/2022\/07\/automaat-adidas-800x1195.jpg 800w, https:\/\/www.redsportpadel.be\/wp-content\/uploads\/2022\/07\/automaat-adidas-1200x1793.jpg 1200w, https:\/\/www.redsportpadel.be\/wp-content\/uploads\/2022\/07\/automaat-adidas-scaled.jpg 1371w\" sizes=\"(max-width: 1024px) 100vw, (max-width: 640px) 100vw, 600px\" \/><\/span><\/div><\/div><style type=\"text\/css\">.fusion-body .fusion-builder-column-1{width:50% !important;margin-top : 0px;margin-bottom : 20px;}.fusion-builder-column-1 > .fusion-column-wrapper {padding-top : 0px !important;padding-right : 0px !important;margin-right : 3.84%;padding-bottom : 0px !important;padding-left : 0px !important;margin-left : 3.84%;}@media only screen and (max-width:1024px) {.fusion-body .fusion-builder-column-1{width:100% !important;order : 0;}.fusion-builder-column-1 > .fusion-column-wrapper {margin-right : 1.92%;margin-left : 1.92%;}}@media only screen and (max-width:640px) {.fusion-body .fusion-builder-column-1{width:100% !important;order : 0;}.fusion-builder-column-1 > .fusion-column-wrapper {margin-right : 1.92%;margin-left : 1.92%;}}<\/style><\/div><\/div><style type=\"text\/css\">.fusion-body .fusion-flex-container.fusion-builder-row-1{ padding-top : 0px;margin-top : 0px;padding-right : 0px;padding-bottom : 0px;margin-bottom : 0px;padding-left : 0px;}<\/style><\/div>\n","protected":false},"excerpt":{"rendered":"","protected":false},"author":1,"featured_media":0,"parent":0,"menu_order":0,"comment_status":"closed","ping_status":"closed","template":"100-width.php","meta":{"footnotes":""},"class_list":["post-4371","page","type-page","status-publish","hentry"],"yoast_head":"<!-- This site is optimized with the Yoast SEO plugin v27.4 - https:\/\/yoast.com\/product\/yoast-seo-wordpress\/ -->\n<title>PADEL KIOSK - Redsport Padel Belgium<\/title>\n<meta name=\"robots\" content=\"index, follow, max-snippet:-1, max-image-preview:large, max-video-preview:-1\" \/>\n<link rel=\"canonical\" href=\"https:\/\/www.redsportpadel.be\/fr\/padelkiosk\/\" \/>\n<meta property=\"og:locale\" content=\"fr_FR\" \/>\n<meta property=\"og:type\" content=\"article\" \/>\n<meta property=\"og:title\" content=\"PADEL KIOSK - Redsport Padel Belgium\" \/>\n<meta property=\"og:url\" content=\"https:\/\/www.redsportpadel.be\/fr\/padelkiosk\/\" \/>\n<meta property=\"og:site_name\" content=\"Redsport Padel Belgium\" \/>\n<meta property=\"article:modified_time\" content=\"2025-01-21T07:58:59+00:00\" \/>\n<meta name=\"twitter:card\" content=\"summary_large_image\" \/>\n<meta name=\"twitter:label1\" content=\"Dur\u00e9e de lecture estim\u00e9e\" \/>\n\t<meta name=\"twitter:data1\" content=\"6 minutes\" \/>\n<script type=\"application\/ld+json\" class=\"yoast-schema-graph\">{\"@context\":\"https:\\\/\\\/schema.org\",\"@graph\":[{\"@type\":\"WebPage\",\"@id\":\"https:\\\/\\\/www.redsportpadel.be\\\/fr\\\/padelkiosk\\\/\",\"url\":\"https:\\\/\\\/www.redsportpadel.be\\\/fr\\\/padelkiosk\\\/\",\"name\":\"PADEL KIOSK - Redsport Padel Belgium\",\"isPartOf\":{\"@id\":\"https:\\\/\\\/www.redsportpadel.be\\\/#website\"},\"datePublished\":\"2021-10-26T15:10:26+00:00\",\"dateModified\":\"2025-01-21T07:58:59+00:00\",\"breadcrumb\":{\"@id\":\"https:\\\/\\\/www.redsportpadel.be\\\/fr\\\/padelkiosk\\\/#breadcrumb\"},\"inLanguage\":\"fr-FR\",\"potentialAction\":[{\"@type\":\"ReadAction\",\"target\":[\"https:\\\/\\\/www.redsportpadel.be\\\/fr\\\/padelkiosk\\\/\"]}]},{\"@type\":\"BreadcrumbList\",\"@id\":\"https:\\\/\\\/www.redsportpadel.be\\\/fr\\\/padelkiosk\\\/#breadcrumb\",\"itemListElement\":[{\"@type\":\"ListItem\",\"position\":1,\"name\":\"Home\",\"item\":\"https:\\\/\\\/www.redsportpadel.be\\\/fr\\\/home\\\/\"},{\"@type\":\"ListItem\",\"position\":2,\"name\":\"PADEL KIOSK\"}]},{\"@type\":\"WebSite\",\"@id\":\"https:\\\/\\\/www.redsportpadel.be\\\/#website\",\"url\":\"https:\\\/\\\/www.redsportpadel.be\\\/\",\"name\":\"Redsport Padel Belgium\",\"description\":\"\",\"potentialAction\":[{\"@type\":\"SearchAction\",\"target\":{\"@type\":\"EntryPoint\",\"urlTemplate\":\"https:\\\/\\\/www.redsportpadel.be\\\/?s={search_term_string}\"},\"query-input\":{\"@type\":\"PropertyValueSpecification\",\"valueRequired\":true,\"valueName\":\"search_term_string\"}}],\"inLanguage\":\"fr-FR\"}]}<\/script>\n<!-- \/ Yoast SEO plugin. -->","yoast_head_json":{"title":"PADEL KIOSK - Redsport Padel Belgium","robots":{"index":"index","follow":"follow","max-snippet":"max-snippet:-1","max-image-preview":"max-image-preview:large","max-video-preview":"max-video-preview:-1"},"canonical":"https:\/\/www.redsportpadel.be\/fr\/padelkiosk\/","og_locale":"fr_FR","og_type":"article","og_title":"PADEL KIOSK - Redsport Padel Belgium","og_url":"https:\/\/www.redsportpadel.be\/fr\/padelkiosk\/","og_site_name":"Redsport Padel Belgium","article_modified_time":"2025-01-21T07:58:59+00:00","twitter_card":"summary_large_image","twitter_misc":{"Dur\u00e9e de lecture estim\u00e9e":"6 minutes"},"schema":{"@context":"https:\/\/schema.org","@graph":[{"@type":"WebPage","@id":"https:\/\/www.redsportpadel.be\/fr\/padelkiosk\/","url":"https:\/\/www.redsportpadel.be\/fr\/padelkiosk\/","name":"PADEL KIOSK - Redsport Padel Belgium","isPartOf":{"@id":"https:\/\/www.redsportpadel.be\/#website"},"datePublished":"2021-10-26T15:10:26+00:00","dateModified":"2025-01-21T07:58:59+00:00","breadcrumb":{"@id":"https:\/\/www.redsportpadel.be\/fr\/padelkiosk\/#breadcrumb"},"inLanguage":"fr-FR","potentialAction":[{"@type":"ReadAction","target":["https:\/\/www.redsportpadel.be\/fr\/padelkiosk\/"]}]},{"@type":"BreadcrumbList","@id":"https:\/\/www.redsportpadel.be\/fr\/padelkiosk\/#breadcrumb","itemListElement":[{"@type":"ListItem","position":1,"name":"Home","item":"https:\/\/www.redsportpadel.be\/fr\/home\/"},{"@type":"ListItem","position":2,"name":"PADEL KIOSK"}]},{"@type":"WebSite","@id":"https:\/\/www.redsportpadel.be\/#website","url":"https:\/\/www.redsportpadel.be\/","name":"Redsport Padel Belgium","description":"","potentialAction":[{"@type":"SearchAction","target":{"@type":"EntryPoint","urlTemplate":"https:\/\/www.redsportpadel.be\/?s={search_term_string}"},"query-input":{"@type":"PropertyValueSpecification","valueRequired":true,"valueName":"search_term_string"}}],"inLanguage":"fr-FR"}]}},"_links":{"self":[{"href":"https:\/\/www.redsportpadel.be\/fr\/wp-json\/wp\/v2\/pages\/4371","targetHints":{"allow":["GET"]}}],"collection":[{"href":"https:\/\/www.redsportpadel.be\/fr\/wp-json\/wp\/v2\/pages"}],"about":[{"href":"https:\/\/www.redsportpadel.be\/fr\/wp-json\/wp\/v2\/types\/page"}],"author":[{"embeddable":true,"href":"https:\/\/www.redsportpadel.be\/fr\/wp-json\/wp\/v2\/users\/1"}],"replies":[{"embeddable":true,"href":"https:\/\/www.redsportpadel.be\/fr\/wp-json\/wp\/v2\/comments?post=4371"}],"version-history":[{"count":3,"href":"https:\/\/www.redsportpadel.be\/fr\/wp-json\/wp\/v2\/pages\/4371\/revisions"}],"predecessor-version":[{"id":4457,"href":"https:\/\/www.redsportpadel.be\/fr\/wp-json\/wp\/v2\/pages\/4371\/revisions\/4457"}],"wp:attachment":[{"href":"https:\/\/www.redsportpadel.be\/fr\/wp-json\/wp\/v2\/media?parent=4371"}],"curies":[{"name":"wp","href":"https:\/\/api.w.org\/{rel}","templated":true}]}}