{"id":4494,"date":"2016-12-10T23:32:53","date_gmt":"2016-12-10T22:32:53","guid":{"rendered":"https:\/\/www.redsportpadel.be\/realisations\/"},"modified":"2025-01-22T08:56:09","modified_gmt":"2025-01-22T07:56:09","slug":"realisations","status":"publish","type":"page","link":"https:\/\/www.redsportpadel.be\/fr\/realisations\/","title":{"rendered":"R\u00e9alisations"},"content":{"rendered":"<p><div class=\"fusion-fullwidth fullwidth-box fusion-builder-row-1 nonhundred-percent-fullwidth non-hundred-percent-height-scrolling\" style=\"background-color: rgba(255,255,255,0);background-position: center center;background-repeat: no-repeat;padding-top:20px;padding-right:0px;padding-bottom:20px;padding-left:0px;margin-bottom: 0px;margin-top: 0px;border-width: 0px 0px 0px 0px;border-color:#eae9e9;border-style:solid;\" ><div class=\"fusion-builder-row fusion-row\"><div class=\"fusion-layout-column fusion_builder_column fusion-builder-column-0 fusion_builder_column_1_1 1_1 fusion-one-full fusion-column-first fusion-column-last\" style=\"margin-top:0px;margin-bottom:20px;\"><div class=\"fusion-column-wrapper fusion-flex-column-wrapper-legacy\" style=\"background-position:left top;background-repeat:no-repeat;-webkit-background-size:cover;-moz-background-size:cover;-o-background-size:cover;background-size:cover;padding: 0px 0px 0px 0px;\"><div class=\"fusion-text fusion-text-1\"><h1 class=\"font_2\">R\u00e9alisations<\/h1>\n<h2 class=\"font_2\">more than 600 courts and counting&#8230;<\/h2>\n<\/div><div class=\"fusion-clearfix\"><\/div><\/div><\/div><div class=\"fusion-layout-column fusion_builder_column fusion-builder-column-1 fusion_builder_column_1_2 1_2 fusion-one-half fusion-column-first\" style=\"width:50%;width:calc(50% - ( ( 4% ) * 0.5 ) );margin-right: 4%;margin-top:0px;margin-bottom:20px;\"><div class=\"fusion-column-wrapper fusion-flex-column-wrapper-legacy\" style=\"background-position:left top;background-repeat:no-repeat;-webkit-background-size:cover;-moz-background-size:cover;-o-background-size:cover;background-size:cover;padding: 0px 0px 0px 0px;\"><div class=\"fusion-text fusion-text-2\"><div id=\"ctr2inlineContent\" class=\"s16inlineContent\" data-reactid=\".0.$SITE_ROOT.$desktop_siteRoot.$PAGES_CONTAINER.1.1.$SITE_PAGES.$ctr2.1\">\n<div id=\"i7w50ytc_3\" class=\"s10\" data-reactid=\".0.$SITE_ROOT.$desktop_siteRoot.$PAGES_CONTAINER.1.1.$SITE_PAGES.$ctr2.1.$i7w50ytc_3\">\n<p class=\"font_7\">En 2011, nous avons r\u00e9alis\u00e9 le premier centre de padel en Belgique : Padel 4U2 \u00e0 Gentbrugge. En partie gr\u00e2ce \u00e0 ce projet et \u00e0 plusieurs visites en Espagne, nous avons acquis l&rsquo;exp\u00e9rience n\u00e9cessaire et nou\u00e9 des contacts pour construire des terrains de qualit\u00e9 adapt\u00e9s au climat belge. <\/p>\n<\/div>\n<\/div>\n<\/div><div class=\"fusion-clearfix\"><\/div><\/div><\/div><div class=\"fusion-layout-column fusion_builder_column fusion-builder-column-2 fusion_builder_column_1_2 1_2 fusion-one-half fusion-column-last\" style=\"width:50%;width:calc(50% - ( ( 4% ) * 0.5 ) );margin-top:0px;margin-bottom:20px;\"><div class=\"fusion-column-wrapper fusion-flex-column-wrapper-legacy\" style=\"background-position:left top;background-repeat:no-repeat;-webkit-background-size:cover;-moz-background-size:cover;-o-background-size:cover;background-size:cover;padding: 0px 0px 0px 0px;\"><div class=\"fusion-text fusion-text-3\"><div id=\"ctr2inlineContent\" class=\"s16inlineContent\" data-reactid=\".0.$SITE_ROOT.$desktop_siteRoot.$PAGES_CONTAINER.1.1.$SITE_PAGES.$ctr2.1\">\n<div id=\"i7w50ytc_3\" class=\"s10\" data-reactid=\".0.$SITE_ROOT.$desktop_siteRoot.$PAGES_CONTAINER.1.1.$SITE_PAGES.$ctr2.1.$i7w50ytc_3\">\n<p class=\"font_7\">Entre-temps, nous avons r\u00e9alis\u00e9 plus de 600 sites sur plus de 135 sites en Belgique, y compris des sites doubles, des sites simples, des sites panoramiques, des sites int\u00e9rieurs, des infrastructures int\u00e9rieures compl\u00e8tes ainsi que des travaux environnementaux et des infrastructures d&rsquo;accueil.<\/p>\n<\/div>\n<\/div>\n<\/div><div class=\"fusion-button-wrapper\"><style type=\"text\/css\">.fusion-button.button-1 {border-radius:0px;}<\/style><a class=\"fusion-button button-flat fusion-button-default-size button-default button-1 fusion-button-default-span fusion-button-default-type\" target=\"_self\" href=\"https:\/\/www.redsportpadel.be\/fr\/tribunaux\/\"><span class=\"fusion-button-text\">Nos terrains<\/span><\/a><\/div><div class=\"fusion-clearfix\"><\/div><\/div><\/div><\/div><\/div><div class=\"fusion-fullwidth fullwidth-box fusion-builder-row-2 nonhundred-percent-fullwidth non-hundred-percent-height-scrolling\" style=\"background-color: #ededed;background-position: center center;background-repeat: no-repeat;padding-top:60px;padding-right:0px;padding-bottom:20px;padding-left:0px;margin-bottom: 0px;margin-top: 0px;border-width: 0px 0px 0px 0px;border-color:#eae9e9;border-style:solid;\" id=\"realisaties\" ><div class=\"fusion-builder-row fusion-row\"><div class=\"fusion-layout-column fusion_builder_column fusion-builder-column-3 fusion_builder_column_1_1 1_1 fusion-one-full fusion-column-first fusion-column-last\" style=\"margin-top:0px;margin-bottom:20px;\"><div class=\"fusion-column-wrapper fusion-flex-column-wrapper-legacy\" style=\"background-position:left top;background-repeat:no-repeat;-webkit-background-size:cover;-moz-background-size:cover;-o-background-size:cover;background-size:cover;padding: 0px 0px 0px 0px;\"><div class=\"fusion-tabs fusion-tabs-1 classic vertical-tabs icon-position-left\"><style type=\"text\/css\">.fusion-tabs.fusion-tabs-1 .nav-tabs li a.tab-link{border-top-color:#f7f7f7;background-color:#f7f7f7;}.fusion-tabs.fusion-tabs-1 .nav-tabs{background-color:#ffffff;}.fusion-tabs.fusion-tabs-1 .nav-tabs li.active a.tab-link,.fusion-tabs.fusion-tabs-1 .nav-tabs li.active a.tab-link:hover,.fusion-tabs.fusion-tabs-1 .nav-tabs li.active a.tab-link:focus{border-right-color:#ffffff;}.fusion-tabs.fusion-tabs-1 .nav-tabs li.active a.tab-link,.fusion-tabs.fusion-tabs-1 .nav-tabs li.active a.tab-link:hover,.fusion-tabs.fusion-tabs-1 .nav-tabs li.active a.tab-link:focus{background-color:#ffffff;}.fusion-tabs.fusion-tabs-1 .nav-tabs li a:hover{background-color:#ffffff;border-top-color:#ffffff;}.fusion-tabs.fusion-tabs-1 .tab-pane{background-color:#ffffff;}.fusion-tabs.fusion-tabs-1 .nav,.fusion-tabs.fusion-tabs-1 .nav-tabs,.fusion-tabs.fusion-tabs-1 .tab-content .tab-pane{border-color:#ebeaea;}<\/style><div class=\"nav\"><ul class=\"nav-tabs\" role=\"tablist\"><li class=\"active\"><a class=\"tab-link\" data-toggle=\"tab\" role=\"tab\" aria-controls=\"tab-ce73ebf1dc35729f893\" aria-selected=\"true\" id=\"fusion-tab-touslesprojets\" href=\"#tab-ce73ebf1dc35729f893\"><h4 class=\"fusion-tab-heading\">Tous les projets<\/h4><\/a><\/li><li><a class=\"tab-link\" data-toggle=\"tab\" role=\"tab\" aria-controls=\"tab-45b9864754d0126577c\" aria-selected=\"false\" tabindex=\"-1\" id=\"fusion-tab-visualis\u00e9encarte\" href=\"#tab-45b9864754d0126577c\"><h4 class=\"fusion-tab-heading\">Visualis\u00e9 en carte<\/h4><\/a><\/li><li><a class=\"tab-link\" data-toggle=\"tab\" role=\"tab\" aria-controls=\"tab-8f04d129c70f134ea3c\" aria-selected=\"false\" tabindex=\"-1\" id=\"fusion-tab-encoursder\u00e9alisation\" href=\"#tab-8f04d129c70f134ea3c\"><h4 class=\"fusion-tab-heading\">En cours de r\u00e9alisation<\/h4><\/a><\/li><\/ul><\/div><div class=\"tab-content\"><div class=\"nav fusion-mobile-tab-nav\"><ul class=\"nav-tabs\"><li class=\"active\"><a class=\"tab-link\" data-toggle=\"tab\" role=\"tab\" aria-controls=\"tab-ce73ebf1dc35729f893\" aria-selected=\"true\" id=\"mobile-fusion-tab-touslesprojets\" href=\"#tab-ce73ebf1dc35729f893\"><h4 class=\"fusion-tab-heading\">Tous les projets<\/h4><\/a><\/li><\/ul><\/div><div class=\"tab-pane fade fusion-clearfix in active\" role=\"tabpanel\" tabindex=\"0\" aria-labelledby=\"fusion-tab-touslesprojets\" id=\"tab-ce73ebf1dc35729f893\">\n<style type=\"text\/css\">.fusion-portfolio-wrapper#fusion-portfolio-1 .fusion-portfolio-content{  text-align: center; }<\/style><div class=\"fusion-recent-works fusion-portfolio-element fusion-portfolio fusion-portfolio-1 fusion-portfolio-grid fusion-portfolio-paging-none fusion-portfolio-three fusion-portfolio-unboxed fusion-portfolio-text\" data-id=\"-rw-1\" data-columns=\"three\"><div role=\"menubar\"><ul class=\"fusion-filters\" role=\"menu\" aria-label=\"filters\"><li role=\"menuitem\" class=\"fusion-filter fusion-hidden fusion-active\"><a href=\"#\" data-filter=\".flandre-orientale\">Flandre orientale<\/a><\/li><\/ul><\/div><style type=\"text\/css\">.fusion-portfolio-1 .fusion-portfolio-wrapper .fusion-col-spacing{padding:10px;}<\/style><div class=\"fusion-portfolio-wrapper\" id=\"fusion-portfolio-1\" data-picturesize=\"fixed\" data-pages=\"0\" style=\"margin:-10px;\"><article id=\"portfolio-1-post-4280\" class=\"fusion-portfolio-post flandre-orientale fusion-col-spacing post-4280\"><div class=\"fusion-portfolio-content-wrapper\" style=\"border:none;\"><span class=\"vcard rich-snippet-hidden\"><span class=\"fn\"><a href=\"https:\/\/www.redsportpadel.be\/fr\/author\/herwebo\/\" title=\"Articles par herwebo\" rel=\"author\">herwebo<\/a><\/span><\/span><span class=\"updated rich-snippet-hidden\">2025-01-06T09:39:33+01:00<\/span>\n\n<div  class=\"fusion-image-wrapper fusion-image-size-fixed\" aria-haspopup=\"true\">\n\t\n\t\n\t\t\t\n\t\t\t\t<a href=\"https:\/\/www.redsportpadel.be\/fr\/project\/durabrik-drongen\/\" aria-label=\"Durabrik, Drongen\">\n\t\t\n\t\t\n\t\t\t\t\t<img decoding=\"async\" width=\"300\" height=\"214\" src=\"https:\/\/www.redsportpadel.be\/wp-content\/uploads\/2017\/09\/padel12-300x214.jpg\" class=\"attachment-portfolio-three size-portfolio-three wp-post-image\" alt=\"\" \/>\n\t\n\n\n\t\t\t\t<\/a>\n\t\t\n\t\n<\/div>\n<div class=\"fusion-portfolio-content\"><h2 class=\"entry-title fusion-post-title\"><a href=\"https:\/\/www.redsportpadel.be\/fr\/project\/durabrik-drongen\/\">Durabrik, Drongen<\/a><\/h2><div class=\"fusion-portfolio-meta\"><a href=\"https:\/\/www.redsportpadel.be\/fr\/project\/flandre-orientale\/\" rel=\"tag\">Flandre orientale<\/a><\/div><div class=\"fusion-post-content\"><p>1 tribunal<\/p><\/div><\/div><\/div><\/article><\/div><\/div>\n<\/div><div class=\"nav fusion-mobile-tab-nav\"><ul class=\"nav-tabs\"><li><a class=\"tab-link\" data-toggle=\"tab\" role=\"tab\" aria-controls=\"tab-45b9864754d0126577c\" aria-selected=\"false\" tabindex=\"-1\" id=\"mobile-fusion-tab-visualis\u00e9encarte\" href=\"#tab-45b9864754d0126577c\"><h4 class=\"fusion-tab-heading\">Visualis\u00e9 en carte<\/h4><\/a><\/li><\/ul><\/div><div class=\"tab-pane fade fusion-clearfix\" role=\"tabpanel\" tabindex=\"0\" aria-labelledby=\"fusion-tab-visualis\u00e9encarte\" id=\"tab-dd147c343bd0f627e13\"><iframe src=\"https:\/\/www.google.com\/maps\/d\/embed?mid=19eS5cL-xH4_qjn_oalE-AjQdpBM&amp;zoom=2&amp;ll=50.83256271924473%2C4.123352565428844&amp;z=8\" width=\"640\" height=\"480\"><\/iframe><\/div><div class=\"nav fusion-mobile-tab-nav\"><ul class=\"nav-tabs\"><li><a class=\"tab-link\" data-toggle=\"tab\" role=\"tab\" aria-controls=\"tab-8f04d129c70f134ea3c\" aria-selected=\"false\" tabindex=\"-1\" id=\"mobile-fusion-tab-encoursder\u00e9alisation\" href=\"#tab-8f04d129c70f134ea3c\"><h4 class=\"fusion-tab-heading\">En cours de r\u00e9alisation<\/h4><\/a><\/li><\/ul><\/div><div class=\"tab-pane fade fusion-clearfix\" role=\"tabpanel\" tabindex=\"0\" aria-labelledby=\"fusion-tab-encoursder\u00e9alisation\" id=\"tab-cef5491d40456a22b50\">\n<ol>\n<li>Sportaculair Wielsbeke: 1 terrain RS Pro single et 4 terrains RS Pro<\/li>\n<li><a href=\"https:\/\/www.tcdp.be\/\" target=\"_blank\" rel=\"noopener\"> C De Pinte<\/a>: r\u00e9alisation 2 terrains 2 RS Pro<\/li>\n<li><a href=\"https:\/\/www.tereiken.be\/lede\" target=\"_blank\" rel=\"noopener\">Ter Eiken, Oordegem<\/a>: r\u00e9alisation 3 terrains indoor RS Pro<\/li>\n<li><a href=\"https:\/\/www.hofterburst.be\/\" target=\"_blank\" rel=\"noopener\">Hof ter Burst, Lebbeke:<\/a> couverture pour 6 terrains<\/li>\n<li><a href=\"https:\/\/www.tcsm.be\/nl\/\" target=\"_blank\" rel=\"noopener\">Sint-Michiels Tennis &amp; Padel<\/a>: couverture pour 2 terrains<\/li>\n<li><a href=\"https:\/\/www.tcbornem.be\/\" target=\"_blank\" rel=\"noopener\">Bornem tennisclub, Bornem<\/a>: Remplacement de 3 terrains et r\u00e9alisation d&rsquo;un terrain RS Pro<\/li>\n<li><a href=\"https:\/\/thepadelpoint.be\/\" target=\"_blank\" rel=\"noopener\">The Padel Point, Sint-Niklaas<\/a>: installation d&rsquo;une couverture<\/li>\n<li><a href=\"https:\/\/www.orscamp.be\/\" target=\"_blank\" rel=\"noopener\">TC Orscamp, Oostkamp<\/a>: r\u00e9alisation 2 terrans RS Pro et 1 terrain de tennis<\/li>\n<li><a href=\"https:\/\/www.kttc.be\/\" target=\"_blank\" rel=\"noopener\">KTTC Tongeren<\/a>: r\u00e9alisation 2 terrains RS Pro et installation d&rsquo;une couverture<\/li>\n<li><a href=\"https:\/\/www.tceeklo.be\/\" target=\"_blank\" rel=\"noopener\">TPC Eeklo<\/a>: r\u00e9alisation 3 terrains RS Pro et installation d&rsquo;une couverture<\/li>\n<\/ol>\n<\/div><\/div><\/div><div class=\"fusion-clearfix\"><\/div><\/div><\/div><\/div><\/div><\/p>\n","protected":false},"excerpt":{"rendered":"","protected":false},"author":1,"featured_media":0,"parent":0,"menu_order":0,"comment_status":"closed","ping_status":"closed","template":"100-width.php","meta":{"footnotes":""},"class_list":["post-4494","page","type-page","status-publish","hentry"],"yoast_head":"<!-- This site is optimized with the Yoast SEO plugin v27.4 - https:\/\/yoast.com\/product\/yoast-seo-wordpress\/ -->\n<title>R\u00e9alisations - Redsport Padel Belgium<\/title>\n<meta name=\"description\" content=\"D\u00e9j\u00e0 plus de 600 r\u00e9alisations. Y compris les terrains doubles, les terrains simples, les terrains panoramiques, la construction d&#039;un bar ou salle de sport, les travaux environnementaux,... D\u00e9couvrez-le ici !\" \/>\n<meta name=\"robots\" content=\"index, follow, max-snippet:-1, max-image-preview:large, max-video-preview:-1\" \/>\n<link rel=\"canonical\" href=\"https:\/\/www.redsportpadel.be\/fr\/realisations\/\" \/>\n<meta property=\"og:locale\" content=\"fr_FR\" \/>\n<meta property=\"og:type\" content=\"article\" \/>\n<meta property=\"og:title\" content=\"R\u00e9alisations - Redsport Padel Belgium\" \/>\n<meta property=\"og:description\" content=\"D\u00e9j\u00e0 plus de 600 r\u00e9alisations. Y compris les terrains doubles, les terrains simples, les terrains panoramiques, la construction d&#039;un bar ou salle de sport, les travaux environnementaux,... D\u00e9couvrez-le ici !\" \/>\n<meta property=\"og:url\" content=\"https:\/\/www.redsportpadel.be\/fr\/realisations\/\" \/>\n<meta property=\"og:site_name\" content=\"Redsport Padel Belgium\" \/>\n<meta property=\"article:modified_time\" content=\"2025-01-22T07:56:09+00:00\" \/>\n<meta name=\"twitter:card\" content=\"summary_large_image\" \/>\n<meta name=\"twitter:label1\" content=\"Dur\u00e9e de lecture estim\u00e9e\" \/>\n\t<meta name=\"twitter:data1\" content=\"6 minutes\" \/>\n<script type=\"application\/ld+json\" class=\"yoast-schema-graph\">{\"@context\":\"https:\\\/\\\/schema.org\",\"@graph\":[{\"@type\":\"WebPage\",\"@id\":\"https:\\\/\\\/www.redsportpadel.be\\\/fr\\\/realisations\\\/\",\"url\":\"https:\\\/\\\/www.redsportpadel.be\\\/fr\\\/realisations\\\/\",\"name\":\"R\u00e9alisations - Redsport Padel Belgium\",\"isPartOf\":{\"@id\":\"https:\\\/\\\/www.redsportpadel.be\\\/#website\"},\"datePublished\":\"2016-12-10T22:32:53+00:00\",\"dateModified\":\"2025-01-22T07:56:09+00:00\",\"description\":\"D\u00e9j\u00e0 plus de 600 r\u00e9alisations. Y compris les terrains doubles, les terrains simples, les terrains panoramiques, la construction d'un bar ou salle de sport, les travaux environnementaux,... D\u00e9couvrez-le ici !\",\"breadcrumb\":{\"@id\":\"https:\\\/\\\/www.redsportpadel.be\\\/fr\\\/realisations\\\/#breadcrumb\"},\"inLanguage\":\"fr-FR\",\"potentialAction\":[{\"@type\":\"ReadAction\",\"target\":[\"https:\\\/\\\/www.redsportpadel.be\\\/fr\\\/realisations\\\/\"]}]},{\"@type\":\"BreadcrumbList\",\"@id\":\"https:\\\/\\\/www.redsportpadel.be\\\/fr\\\/realisations\\\/#breadcrumb\",\"itemListElement\":[{\"@type\":\"ListItem\",\"position\":1,\"name\":\"Home\",\"item\":\"https:\\\/\\\/www.redsportpadel.be\\\/fr\\\/home\\\/\"},{\"@type\":\"ListItem\",\"position\":2,\"name\":\"R\u00e9alisations\"}]},{\"@type\":\"WebSite\",\"@id\":\"https:\\\/\\\/www.redsportpadel.be\\\/#website\",\"url\":\"https:\\\/\\\/www.redsportpadel.be\\\/\",\"name\":\"Redsport Padel Belgium\",\"description\":\"\",\"potentialAction\":[{\"@type\":\"SearchAction\",\"target\":{\"@type\":\"EntryPoint\",\"urlTemplate\":\"https:\\\/\\\/www.redsportpadel.be\\\/?s={search_term_string}\"},\"query-input\":{\"@type\":\"PropertyValueSpecification\",\"valueRequired\":true,\"valueName\":\"search_term_string\"}}],\"inLanguage\":\"fr-FR\"}]}<\/script>\n<!-- \/ Yoast SEO plugin. -->","yoast_head_json":{"title":"R\u00e9alisations - Redsport Padel Belgium","description":"D\u00e9j\u00e0 plus de 600 r\u00e9alisations. Y compris les terrains doubles, les terrains simples, les terrains panoramiques, la construction d'un bar ou salle de sport, les travaux environnementaux,... D\u00e9couvrez-le ici !","robots":{"index":"index","follow":"follow","max-snippet":"max-snippet:-1","max-image-preview":"max-image-preview:large","max-video-preview":"max-video-preview:-1"},"canonical":"https:\/\/www.redsportpadel.be\/fr\/realisations\/","og_locale":"fr_FR","og_type":"article","og_title":"R\u00e9alisations - Redsport Padel Belgium","og_description":"D\u00e9j\u00e0 plus de 600 r\u00e9alisations. Y compris les terrains doubles, les terrains simples, les terrains panoramiques, la construction d'un bar ou salle de sport, les travaux environnementaux,... D\u00e9couvrez-le ici !","og_url":"https:\/\/www.redsportpadel.be\/fr\/realisations\/","og_site_name":"Redsport Padel Belgium","article_modified_time":"2025-01-22T07:56:09+00:00","twitter_card":"summary_large_image","twitter_misc":{"Dur\u00e9e de lecture estim\u00e9e":"6 minutes"},"schema":{"@context":"https:\/\/schema.org","@graph":[{"@type":"WebPage","@id":"https:\/\/www.redsportpadel.be\/fr\/realisations\/","url":"https:\/\/www.redsportpadel.be\/fr\/realisations\/","name":"R\u00e9alisations - Redsport Padel Belgium","isPartOf":{"@id":"https:\/\/www.redsportpadel.be\/#website"},"datePublished":"2016-12-10T22:32:53+00:00","dateModified":"2025-01-22T07:56:09+00:00","description":"D\u00e9j\u00e0 plus de 600 r\u00e9alisations. Y compris les terrains doubles, les terrains simples, les terrains panoramiques, la construction d'un bar ou salle de sport, les travaux environnementaux,... D\u00e9couvrez-le ici !","breadcrumb":{"@id":"https:\/\/www.redsportpadel.be\/fr\/realisations\/#breadcrumb"},"inLanguage":"fr-FR","potentialAction":[{"@type":"ReadAction","target":["https:\/\/www.redsportpadel.be\/fr\/realisations\/"]}]},{"@type":"BreadcrumbList","@id":"https:\/\/www.redsportpadel.be\/fr\/realisations\/#breadcrumb","itemListElement":[{"@type":"ListItem","position":1,"name":"Home","item":"https:\/\/www.redsportpadel.be\/fr\/home\/"},{"@type":"ListItem","position":2,"name":"R\u00e9alisations"}]},{"@type":"WebSite","@id":"https:\/\/www.redsportpadel.be\/#website","url":"https:\/\/www.redsportpadel.be\/","name":"Redsport Padel Belgium","description":"","potentialAction":[{"@type":"SearchAction","target":{"@type":"EntryPoint","urlTemplate":"https:\/\/www.redsportpadel.be\/?s={search_term_string}"},"query-input":{"@type":"PropertyValueSpecification","valueRequired":true,"valueName":"search_term_string"}}],"inLanguage":"fr-FR"}]}},"_links":{"self":[{"href":"https:\/\/www.redsportpadel.be\/fr\/wp-json\/wp\/v2\/pages\/4494","targetHints":{"allow":["GET"]}}],"collection":[{"href":"https:\/\/www.redsportpadel.be\/fr\/wp-json\/wp\/v2\/pages"}],"about":[{"href":"https:\/\/www.redsportpadel.be\/fr\/wp-json\/wp\/v2\/types\/page"}],"author":[{"embeddable":true,"href":"https:\/\/www.redsportpadel.be\/fr\/wp-json\/wp\/v2\/users\/1"}],"replies":[{"embeddable":true,"href":"https:\/\/www.redsportpadel.be\/fr\/wp-json\/wp\/v2\/comments?post=4494"}],"version-history":[{"count":2,"href":"https:\/\/www.redsportpadel.be\/fr\/wp-json\/wp\/v2\/pages\/4494\/revisions"}],"predecessor-version":[{"id":4496,"href":"https:\/\/www.redsportpadel.be\/fr\/wp-json\/wp\/v2\/pages\/4494\/revisions\/4496"}],"wp:attachment":[{"href":"https:\/\/www.redsportpadel.be\/fr\/wp-json\/wp\/v2\/media?parent=4494"}],"curies":[{"name":"wp","href":"https:\/\/api.w.org\/{rel}","templated":true}]}}