{"id":4508,"date":"2016-12-21T23:59:17","date_gmt":"2016-12-21T22:59:17","guid":{"rendered":"https:\/\/www.redsportpadel.be\/notre-gamme\/adidas-panoramique\/"},"modified":"2025-01-22T09:24:23","modified_gmt":"2025-01-22T08:24:23","slug":"adidas-panoramique","status":"publish","type":"page","link":"https:\/\/www.redsportpadel.be\/fr\/notre-gamme\/adidas-panoramique\/","title":{"rendered":"adidas panoramique"},"content":{"rendered":"<p><div class=\"fusion-fullwidth fullwidth-box fusion-builder-row-1 fusion-parallax-none hundred-percent-fullwidth non-hundred-percent-height-scrolling\" style=\"background-color: rgba(255,255,255,0);background-image: url(&quot;https:\/\/www.redsportpadel.be\/wp-content\/uploads\/2023\/04\/1H9A7953-1-1024x683.jpg&quot;);background-position: right center;background-repeat: no-repeat;padding-top:130px;padding-right:0px;padding-bottom:130px;padding-left:0px;margin-bottom: 0px;margin-top: 0px;border-width: 0px 0px 0px 0px;border-color:#eae9e9;border-style:solid;-webkit-background-size:cover;-moz-background-size:cover;-o-background-size:cover;background-size:cover;\" ><div class=\"fusion-builder-row fusion-row\"><\/div><\/div><div class=\"fusion-fullwidth fullwidth-box fusion-builder-row-2 nonhundred-percent-fullwidth non-hundred-percent-height-scrolling\" style=\"background-color: rgba(255,255,255,0);background-position: center center;background-repeat: no-repeat;padding-top:0px;padding-right:0px;padding-bottom:0px;padding-left:0px;margin-bottom: 0px;margin-top: 0px;border-width: 0px 0px 0px 0px;border-color:#eae9e9;border-style:solid;\" ><div class=\"fusion-builder-row fusion-row\"><div class=\"fusion-layout-column fusion_builder_column fusion-builder-column-0 fusion_builder_column_2_3 2_3 fusion-two-third fusion-column-first\" style=\"width:66.666666666667%;width:calc(66.666666666667% - ( ( 4% ) * 0.66666666666667 ) );margin-right: 4%;margin-top:0px;margin-bottom:20px;\"><div class=\"fusion-column-wrapper fusion-flex-column-wrapper-legacy\" style=\"background-position:left top;background-repeat:no-repeat;-webkit-background-size:cover;-moz-background-size:cover;-o-background-size:cover;background-size:cover;padding: 20px 40px 20px 40px;\"><div class=\"fusion-text fusion-text-1\"><h1>Terrain adidas panoramique<\/h1>\n<\/div><div class=\"fusion-text fusion-text-2\"><p>Le terrain adidas Panoramique, en tant que court central, attire tous les regards dans votre club. Il n&rsquo;y a pas de poteaux m\u00e9talliques entre les panneaux de verre pour obstruer la vue des spectateurs, ce qui vous donne une vue panoramique du jeu. Le terrain panoramique adidas est con\u00e7u et fabriqu\u00e9 avec une pr\u00e9cision maximale afin de pouvoir \u00eatre mont\u00e9 \u00e0 n&rsquo;importe quel endroit. Les pi\u00e8ces s&#8217;embo\u00eetent parfaitement et il n&rsquo;est donc pas n\u00e9cessaire de les souder lors de l&rsquo;installation, ce qui \u00e9limine le risque de rouille. Les filets m\u00e9talliques renforc\u00e9s recouvrent compl\u00e8tement les poteaux \u00e0 l&rsquo;int\u00e9rieur, assurant un alignement parfait avec les panneaux de verre de 12 mm d&rsquo;\u00e9paisseur. Cela \u00e9limine le risque que la balle rebondisse de mani\u00e8re incorrecte. Avec un terrain panoramique adidas PRO, vous obtenez un produit de qualit\u00e9 sup\u00e9rieure, avec l&rsquo;avantage suppl\u00e9mentaire que le club est inclus dans le classement mondial adidas Padel. De plus, vous pouvez participer avec votre club au tournoi international annuel de adidas padel dont les matchs finaux se d\u00e9roulent \u00e0 Madrid.<\/p>\n<\/div><div class=\"fusion-clearfix\"><\/div><\/div><\/div><div class=\"fusion-layout-column fusion_builder_column fusion-builder-column-1 fusion_builder_column_1_3 1_3 fusion-one-third fusion-column-last\" style=\"width:33.333333333333%;width:calc(33.333333333333% - ( ( 4% ) * 0.33333333333333 ) );margin-top:0px;margin-bottom:20px;\"><div class=\"fusion-column-wrapper fusion-flex-column-wrapper-legacy\" style=\"background-position:left top;background-repeat:no-repeat;-webkit-background-size:cover;-moz-background-size:cover;-o-background-size:cover;background-size:cover;background-color:#ededed;padding: 40px 40px 20px 20px;\"><div class=\"fusion-text fusion-text-3\"><h2>Sp\u00e9cifications<\/h2>\n<ul>\n<li>Les d\u00e9tails adidas ajoutent de l&rsquo;attrait \u00e0 votre terrain et \u00e0 votre club<\/li>\n<li>Parois arri\u00e8re et lat\u00e9rales en verre sans montants interm\u00e9diaires<\/li>\n<li>Plaques de pied creuses pour l&rsquo;\u00e9vacuation de l&rsquo;humidit\u00e9 de condensation<\/li>\n<li>Les filets m\u00e9talliques recouvrent enti\u00e8rement les poteaux et sont dans le m\u00eame plan que les parois en verre.<\/li>\n<li>Les joints entre les panneaux de verre sont pulv\u00e9ris\u00e9s avec pr\u00e9cision \u00e0 l&rsquo;aide de polym\u00e8res<\/li>\n<li>Porte du World Padel Tour de 2,2 m de hauteur<\/li>\n<li>Poteaux de filets adidas<\/li>\n<li>4 x 306W Led = 525 lux<\/li>\n<li>Verre tremp\u00e9 de 12mm<\/li>\n<li>Poteaux d&rsquo;\u00e9clairage courb\u00e9s<\/li>\n<li>Combinaisons sp\u00e9ciales de couleurs adidas<\/li>\n<\/ul>\n<\/div><div class=\"fusion-clearfix\"><\/div><\/div><\/div><\/div><\/div><div class=\"fusion-fullwidth fullwidth-box fusion-builder-row-3 fusion-flex-container nonhundred-percent-fullwidth non-hundred-percent-height-scrolling\" style=\"background-color: rgba(255,255,255,0);background-position: center center;background-repeat: no-repeat;border-width: 0px 0px 0px 0px;border-color:#eae9e9;border-style:solid;\" ><div class=\"fusion-builder-row fusion-row fusion-flex-align-items-flex-start\" style=\"max-width:1144px;margin-left: calc(-4% \/ 2 );margin-right: calc(-4% \/ 2 );\"><div class=\"fusion-layout-column fusion_builder_column fusion-builder-column-2 fusion_builder_column_1_3 1_3 fusion-flex-column\"><div class=\"fusion-column-wrapper fusion-flex-justify-content-flex-start fusion-content-layout-column\" style=\"background-position:left top;background-repeat:no-repeat;-webkit-background-size:cover;-moz-background-size:cover;-o-background-size:cover;background-size:cover;padding: 0px 0px 0px 0px;\"><div ><span class=\" fusion-imageframe imageframe-none imageframe-1 hover-type-zoomin\"><img decoding=\"async\" width=\"1024\" height=\"470\" title=\"big glass 001\" src=\"https:\/\/www.redsportpadel.be\/wp-content\/uploads\/2023\/04\/big-glass-001-1024x470.jpg\" class=\"img-responsive wp-image-3945\" srcset=\"https:\/\/www.redsportpadel.be\/wp-content\/uploads\/2023\/04\/big-glass-001-200x92.jpg 200w, https:\/\/www.redsportpadel.be\/wp-content\/uploads\/2023\/04\/big-glass-001-400x184.jpg 400w, https:\/\/www.redsportpadel.be\/wp-content\/uploads\/2023\/04\/big-glass-001-600x275.jpg 600w, https:\/\/www.redsportpadel.be\/wp-content\/uploads\/2023\/04\/big-glass-001-800x367.jpg 800w, https:\/\/www.redsportpadel.be\/wp-content\/uploads\/2023\/04\/big-glass-001-1200x551.jpg 1200w\" sizes=\"(max-width: 1024px) 100vw, (max-width: 640px) 100vw, 400px\" \/><\/span><\/div><\/div><style type=\"text\/css\">.fusion-body .fusion-builder-column-2{width:33.333333333333% !important;margin-top : 0px;margin-bottom : 20px;}.fusion-builder-column-2 > .fusion-column-wrapper {padding-top : 0px !important;padding-right : 0px !important;margin-right : 5.76%;padding-bottom : 0px !important;padding-left : 0px !important;margin-left : 5.76%;}@media only screen and (max-width:1024px) {.fusion-body .fusion-builder-column-2{width:100% !important;order : 0;}.fusion-builder-column-2 > .fusion-column-wrapper {margin-right : 1.92%;margin-left : 1.92%;}}@media only screen and (max-width:640px) {.fusion-body .fusion-builder-column-2{width:100% !important;order : 0;}.fusion-builder-column-2 > .fusion-column-wrapper {margin-right : 1.92%;margin-left : 1.92%;}}<\/style><\/div><div class=\"fusion-layout-column fusion_builder_column fusion-builder-column-3 fusion_builder_column_1_3 1_3 fusion-flex-column\"><div class=\"fusion-column-wrapper fusion-flex-justify-content-flex-start fusion-content-layout-column\" style=\"background-position:left top;background-repeat:no-repeat;-webkit-background-size:cover;-moz-background-size:cover;-o-background-size:cover;background-size:cover;padding: 0px 0px 0px 0px;\"><div ><span class=\" fusion-imageframe imageframe-none imageframe-2 hover-type-zoomin\"><img decoding=\"async\" width=\"1024\" height=\"470\" title=\"big glass 002\" src=\"https:\/\/www.redsportpadel.be\/wp-content\/uploads\/2023\/04\/big-glass-002-1-1024x470.jpg\" class=\"img-responsive wp-image-3949\" srcset=\"https:\/\/www.redsportpadel.be\/wp-content\/uploads\/2023\/04\/big-glass-002-1-200x92.jpg 200w, https:\/\/www.redsportpadel.be\/wp-content\/uploads\/2023\/04\/big-glass-002-1-400x184.jpg 400w, https:\/\/www.redsportpadel.be\/wp-content\/uploads\/2023\/04\/big-glass-002-1-600x275.jpg 600w, https:\/\/www.redsportpadel.be\/wp-content\/uploads\/2023\/04\/big-glass-002-1-800x367.jpg 800w, https:\/\/www.redsportpadel.be\/wp-content\/uploads\/2023\/04\/big-glass-002-1-1200x551.jpg 1200w\" sizes=\"(max-width: 1024px) 100vw, (max-width: 640px) 100vw, 400px\" \/><\/span><\/div><\/div><style type=\"text\/css\">.fusion-body .fusion-builder-column-3{width:33.333333333333% !important;margin-top : 0px;margin-bottom : 20px;}.fusion-builder-column-3 > .fusion-column-wrapper {padding-top : 0px !important;padding-right : 0px !important;margin-right : 5.76%;padding-bottom : 0px !important;padding-left : 0px !important;margin-left : 5.76%;}@media only screen and (max-width:1024px) {.fusion-body .fusion-builder-column-3{width:100% !important;order : 0;}.fusion-builder-column-3 > .fusion-column-wrapper {margin-right : 1.92%;margin-left : 1.92%;}}@media only screen and (max-width:640px) {.fusion-body .fusion-builder-column-3{width:100% !important;order : 0;}.fusion-builder-column-3 > .fusion-column-wrapper {margin-right : 1.92%;margin-left : 1.92%;}}<\/style><\/div><div class=\"fusion-layout-column fusion_builder_column fusion-builder-column-4 fusion_builder_column_1_3 1_3 fusion-flex-column\"><div class=\"fusion-column-wrapper fusion-flex-justify-content-flex-start fusion-content-layout-column\" style=\"background-position:left top;background-repeat:no-repeat;-webkit-background-size:cover;-moz-background-size:cover;-o-background-size:cover;background-size:cover;padding: 0px 0px 0px 0px;\"><div ><span class=\" fusion-imageframe imageframe-none imageframe-3 hover-type-zoomin\"><img decoding=\"async\" width=\"1024\" height=\"470\" title=\"big glass 003\" src=\"https:\/\/www.redsportpadel.be\/wp-content\/uploads\/2023\/04\/big-glass-003-1-1024x470.jpg\" class=\"img-responsive wp-image-3950\" srcset=\"https:\/\/www.redsportpadel.be\/wp-content\/uploads\/2023\/04\/big-glass-003-1-200x92.jpg 200w, https:\/\/www.redsportpadel.be\/wp-content\/uploads\/2023\/04\/big-glass-003-1-400x184.jpg 400w, https:\/\/www.redsportpadel.be\/wp-content\/uploads\/2023\/04\/big-glass-003-1-600x275.jpg 600w, https:\/\/www.redsportpadel.be\/wp-content\/uploads\/2023\/04\/big-glass-003-1-800x367.jpg 800w, https:\/\/www.redsportpadel.be\/wp-content\/uploads\/2023\/04\/big-glass-003-1-1200x551.jpg 1200w\" sizes=\"(max-width: 1024px) 100vw, (max-width: 640px) 100vw, 400px\" \/><\/span><\/div><\/div><style type=\"text\/css\">.fusion-body .fusion-builder-column-4{width:33.333333333333% !important;margin-top : 0px;margin-bottom : 20px;}.fusion-builder-column-4 > .fusion-column-wrapper {padding-top : 0px !important;padding-right : 0px !important;margin-right : 5.76%;padding-bottom : 0px !important;padding-left : 0px !important;margin-left : 5.76%;}@media only screen and (max-width:1024px) {.fusion-body .fusion-builder-column-4{width:100% !important;order : 0;}.fusion-builder-column-4 > .fusion-column-wrapper {margin-right : 1.92%;margin-left : 1.92%;}}@media only screen and (max-width:640px) {.fusion-body .fusion-builder-column-4{width:100% !important;order : 0;}.fusion-builder-column-4 > .fusion-column-wrapper {margin-right : 1.92%;margin-left : 1.92%;}}<\/style><\/div><\/div><style type=\"text\/css\">.fusion-body .fusion-flex-container.fusion-builder-row-3{ padding-top : 0px;margin-top : 0px;padding-right : 0px;padding-bottom : 0px;margin-bottom : 0px;padding-left : 0px;}<\/style><\/div><div class=\"fusion-fullwidth fullwidth-box fusion-builder-row-4 fusion-flex-container nonhundred-percent-fullwidth non-hundred-percent-height-scrolling\" style=\"background-color: rgba(255,255,255,0);background-position: center center;background-repeat: no-repeat;border-width: 0px 0px 0px 0px;border-color:#eae9e9;border-style:solid;\" ><div class=\"fusion-builder-row fusion-row fusion-flex-align-items-flex-start\" style=\"max-width:1144px;margin-left: calc(-4% \/ 2 );margin-right: calc(-4% \/ 2 );\"><div class=\"fusion-layout-column fusion_builder_column fusion-builder-column-5 fusion_builder_column_1_1 1_1 fusion-flex-column\"><div class=\"fusion-column-wrapper fusion-flex-justify-content-flex-start fusion-content-layout-column\" style=\"background-position:left top;background-repeat:no-repeat;-webkit-background-size:cover;-moz-background-size:cover;-o-background-size:cover;background-size:cover;padding: 0px 0px 0px 0px;\"><div class=\"fusion-separator fusion-full-width-sep\" style=\"align-self: center;margin-left: auto;margin-right: auto;width:100%;\"><\/div><div class=\"fusion-text fusion-text-4\"><p><a href=\"https:\/\/www.redsportpadel.be\/fr\/terrains\/\">Retour \u00e0 l&rsquo;aper\u00e7u des terrains<\/a><\/p>\n<\/div><\/div><style type=\"text\/css\">.fusion-body .fusion-builder-column-5{width:100% !important;margin-top : 0px;margin-bottom : 20px;}.fusion-builder-column-5 > .fusion-column-wrapper {padding-top : 0px !important;padding-right : 0px !important;margin-right : 1.92%;padding-bottom : 0px !important;padding-left : 0px !important;margin-left : 1.92%;}@media only screen and (max-width:1024px) {.fusion-body .fusion-builder-column-5{width:100% !important;order : 0;}.fusion-builder-column-5 > .fusion-column-wrapper {margin-right : 1.92%;margin-left : 1.92%;}}@media only screen and (max-width:640px) {.fusion-body .fusion-builder-column-5{width:100% !important;order : 0;}.fusion-builder-column-5 > .fusion-column-wrapper {margin-right : 1.92%;margin-left : 1.92%;}}<\/style><\/div><\/div><style type=\"text\/css\">.fusion-body .fusion-flex-container.fusion-builder-row-4{ padding-top : 0px;margin-top : 0px;padding-right : 0px;padding-bottom : 0px;margin-bottom : 0px;padding-left : 0px;}<\/style><\/div><\/p>\n","protected":false},"excerpt":{"rendered":"","protected":false},"author":1,"featured_media":0,"parent":4259,"menu_order":0,"comment_status":"closed","ping_status":"closed","template":"100-width.php","meta":{"footnotes":""},"class_list":["post-4508","page","type-page","status-publish","hentry"],"yoast_head":"<!-- This site is optimized with the Yoast SEO plugin v27.5 - https:\/\/yoast.com\/product\/yoast-seo-wordpress\/ -->\n<title>adidas panoramique - Redsport Padel Belgium<\/title>\n<meta name=\"robots\" content=\"index, follow, max-snippet:-1, max-image-preview:large, max-video-preview:-1\" \/>\n<link rel=\"canonical\" href=\"https:\/\/www.redsportpadel.be\/fr\/notre-gamme\/adidas-panoramique\/\" \/>\n<meta property=\"og:locale\" content=\"fr_FR\" \/>\n<meta property=\"og:type\" content=\"article\" \/>\n<meta property=\"og:title\" content=\"adidas panoramique - Redsport Padel Belgium\" \/>\n<meta property=\"og:url\" content=\"https:\/\/www.redsportpadel.be\/fr\/notre-gamme\/adidas-panoramique\/\" \/>\n<meta property=\"og:site_name\" content=\"Redsport Padel Belgium\" \/>\n<meta property=\"article:modified_time\" content=\"2025-01-22T08:24:23+00:00\" \/>\n<meta name=\"twitter:card\" content=\"summary_large_image\" \/>\n<meta name=\"twitter:label1\" content=\"Dur\u00e9e de lecture estim\u00e9e\" \/>\n\t<meta name=\"twitter:data1\" content=\"15 minutes\" \/>\n<script type=\"application\/ld+json\" class=\"yoast-schema-graph\">{\"@context\":\"https:\\\/\\\/schema.org\",\"@graph\":[{\"@type\":\"WebPage\",\"@id\":\"https:\\\/\\\/www.redsportpadel.be\\\/fr\\\/notre-gamme\\\/adidas-panoramique\\\/\",\"url\":\"https:\\\/\\\/www.redsportpadel.be\\\/fr\\\/notre-gamme\\\/adidas-panoramique\\\/\",\"name\":\"adidas panoramique - Redsport Padel Belgium\",\"isPartOf\":{\"@id\":\"https:\\\/\\\/www.redsportpadel.be\\\/#website\"},\"datePublished\":\"2016-12-21T22:59:17+00:00\",\"dateModified\":\"2025-01-22T08:24:23+00:00\",\"breadcrumb\":{\"@id\":\"https:\\\/\\\/www.redsportpadel.be\\\/fr\\\/notre-gamme\\\/adidas-panoramique\\\/#breadcrumb\"},\"inLanguage\":\"fr-FR\",\"potentialAction\":[{\"@type\":\"ReadAction\",\"target\":[\"https:\\\/\\\/www.redsportpadel.be\\\/fr\\\/notre-gamme\\\/adidas-panoramique\\\/\"]}]},{\"@type\":\"BreadcrumbList\",\"@id\":\"https:\\\/\\\/www.redsportpadel.be\\\/fr\\\/notre-gamme\\\/adidas-panoramique\\\/#breadcrumb\",\"itemListElement\":[{\"@type\":\"ListItem\",\"position\":1,\"name\":\"Home\",\"item\":\"https:\\\/\\\/www.redsportpadel.be\\\/fr\\\/home\\\/\"},{\"@type\":\"ListItem\",\"position\":2,\"name\":\"Notre gamme\",\"item\":\"https:\\\/\\\/www.redsportpadel.be\\\/fr\\\/notre-gamme\\\/\"},{\"@type\":\"ListItem\",\"position\":3,\"name\":\"adidas panoramique\"}]},{\"@type\":\"WebSite\",\"@id\":\"https:\\\/\\\/www.redsportpadel.be\\\/#website\",\"url\":\"https:\\\/\\\/www.redsportpadel.be\\\/\",\"name\":\"Redsport Padel Belgium\",\"description\":\"Marktleider in padelprojecten van A tot Z\",\"potentialAction\":[{\"@type\":\"SearchAction\",\"target\":{\"@type\":\"EntryPoint\",\"urlTemplate\":\"https:\\\/\\\/www.redsportpadel.be\\\/?s={search_term_string}\"},\"query-input\":{\"@type\":\"PropertyValueSpecification\",\"valueRequired\":true,\"valueName\":\"search_term_string\"}}],\"inLanguage\":\"fr-FR\"}]}<\/script>\n<!-- \/ Yoast SEO plugin. -->","yoast_head_json":{"title":"adidas panoramique - Redsport Padel Belgium","robots":{"index":"index","follow":"follow","max-snippet":"max-snippet:-1","max-image-preview":"max-image-preview:large","max-video-preview":"max-video-preview:-1"},"canonical":"https:\/\/www.redsportpadel.be\/fr\/notre-gamme\/adidas-panoramique\/","og_locale":"fr_FR","og_type":"article","og_title":"adidas panoramique - Redsport Padel Belgium","og_url":"https:\/\/www.redsportpadel.be\/fr\/notre-gamme\/adidas-panoramique\/","og_site_name":"Redsport Padel Belgium","article_modified_time":"2025-01-22T08:24:23+00:00","twitter_card":"summary_large_image","twitter_misc":{"Dur\u00e9e de lecture estim\u00e9e":"15 minutes"},"schema":{"@context":"https:\/\/schema.org","@graph":[{"@type":"WebPage","@id":"https:\/\/www.redsportpadel.be\/fr\/notre-gamme\/adidas-panoramique\/","url":"https:\/\/www.redsportpadel.be\/fr\/notre-gamme\/adidas-panoramique\/","name":"adidas panoramique - Redsport Padel Belgium","isPartOf":{"@id":"https:\/\/www.redsportpadel.be\/#website"},"datePublished":"2016-12-21T22:59:17+00:00","dateModified":"2025-01-22T08:24:23+00:00","breadcrumb":{"@id":"https:\/\/www.redsportpadel.be\/fr\/notre-gamme\/adidas-panoramique\/#breadcrumb"},"inLanguage":"fr-FR","potentialAction":[{"@type":"ReadAction","target":["https:\/\/www.redsportpadel.be\/fr\/notre-gamme\/adidas-panoramique\/"]}]},{"@type":"BreadcrumbList","@id":"https:\/\/www.redsportpadel.be\/fr\/notre-gamme\/adidas-panoramique\/#breadcrumb","itemListElement":[{"@type":"ListItem","position":1,"name":"Home","item":"https:\/\/www.redsportpadel.be\/fr\/home\/"},{"@type":"ListItem","position":2,"name":"Notre gamme","item":"https:\/\/www.redsportpadel.be\/fr\/notre-gamme\/"},{"@type":"ListItem","position":3,"name":"adidas panoramique"}]},{"@type":"WebSite","@id":"https:\/\/www.redsportpadel.be\/#website","url":"https:\/\/www.redsportpadel.be\/","name":"Redsport Padel Belgium","description":"Marktleider in padelprojecten van A tot Z","potentialAction":[{"@type":"SearchAction","target":{"@type":"EntryPoint","urlTemplate":"https:\/\/www.redsportpadel.be\/?s={search_term_string}"},"query-input":{"@type":"PropertyValueSpecification","valueRequired":true,"valueName":"search_term_string"}}],"inLanguage":"fr-FR"}]}},"_links":{"self":[{"href":"https:\/\/www.redsportpadel.be\/fr\/wp-json\/wp\/v2\/pages\/4508","targetHints":{"allow":["GET"]}}],"collection":[{"href":"https:\/\/www.redsportpadel.be\/fr\/wp-json\/wp\/v2\/pages"}],"about":[{"href":"https:\/\/www.redsportpadel.be\/fr\/wp-json\/wp\/v2\/types\/page"}],"author":[{"embeddable":true,"href":"https:\/\/www.redsportpadel.be\/fr\/wp-json\/wp\/v2\/users\/1"}],"replies":[{"embeddable":true,"href":"https:\/\/www.redsportpadel.be\/fr\/wp-json\/wp\/v2\/comments?post=4508"}],"version-history":[{"count":2,"href":"https:\/\/www.redsportpadel.be\/fr\/wp-json\/wp\/v2\/pages\/4508\/revisions"}],"predecessor-version":[{"id":4510,"href":"https:\/\/www.redsportpadel.be\/fr\/wp-json\/wp\/v2\/pages\/4508\/revisions\/4510"}],"up":[{"embeddable":true,"href":"https:\/\/www.redsportpadel.be\/fr\/wp-json\/wp\/v2\/pages\/4259"}],"wp:attachment":[{"href":"https:\/\/www.redsportpadel.be\/fr\/wp-json\/wp\/v2\/media?parent=4508"}],"curies":[{"name":"wp","href":"https:\/\/api.w.org\/{rel}","templated":true}]}}